{"id":29186,"date":"2026-02-17T12:19:03","date_gmt":"2026-02-17T12:19:03","guid":{"rendered":"https:\/\/greekbloom.mano-serveris.eu\/?post_type=product&#038;p=29186"},"modified":"2026-02-17T12:19:09","modified_gmt":"2026-02-17T12:19:09","slug":"agrino-hvite-bonner-moderate-500-g","status":"publish","type":"product","link":"https:\/\/greekbloom.com\/index.php\/product\/agrino-hvite-bonner-moderate-500-g\/","title":{"rendered":"Agrino \u2013 Hvite b\u00f8nner, moderate \u2013 500 g"},"content":{"rendered":"<p data-start=\"119\" data-end=\"311\">Naturlige <strong data-start=\"129\" data-end=\"145\">hvite b\u00f8nner<\/strong> fra <strong data-start=\"150\" data-end=\"160\">Agrino<\/strong>, kjent for sin jevne st\u00f8rrelse og delikate smak. Disse b\u00f8nnene er ideelle til gryter, salater, supper og tradisjonelle greske retter som <em data-start=\"298\" data-end=\"308\">fasolada<\/em>.<\/p>\n<p data-start=\"313\" data-end=\"411\">De har en mild, kremet konsistens og er en god kilde til planteprotein, fiber og n\u00e6ringsstoffer.<\/p>\n<ul data-start=\"413\" data-end=\"576\">\n<li data-start=\"413\" data-end=\"461\">\n<p data-start=\"415\" data-end=\"461\"><strong data-start=\"415\" data-end=\"432\">Ingredienser:<\/strong> 100 % t\u00f8rkede hvite b\u00f8nner<\/p>\n<\/li>\n<li data-start=\"462\" data-end=\"483\">\n<p data-start=\"464\" data-end=\"483\"><strong data-start=\"464\" data-end=\"475\">Mengde:<\/strong> 500 g<\/p>\n<\/li>\n<li data-start=\"484\" data-end=\"511\">\n<p data-start=\"486\" data-end=\"511\"><strong data-start=\"486\" data-end=\"502\">Opprinnelse:<\/strong> Hellas<\/p>\n<\/li>\n<li data-start=\"512\" data-end=\"576\">\n<p data-start=\"514\" data-end=\"576\"><strong data-start=\"514\" data-end=\"531\">Tilberedning:<\/strong> Bl\u00f8tlegg i vann i 8\u201312 timer, kok til m\u00f8re<\/p>\n<\/li>\n<\/ul>\n<p data-start=\"578\" data-end=\"644\">Et sunt og naturlig valg \u2013 ekte gresk kvalitet rett fra naturen.<\/p>\n","protected":false},"excerpt":{"rendered":"<p>Naturlige hvite b\u00f8nner fra Agrino, kjent for sin jevne st\u00f8rrelse og delikate smak. Disse b\u00f8nnene er ideelle til gryter, salater,<\/p>\n","protected":false},"featured_media":29229,"comment_status":"open","ping_status":"closed","template":"","meta":[],"product_brand":[],"product_cat":[85],"product_tag":[],"class_list":{"0":"post-29186","1":"product","2":"type-product","3":"status-publish","4":"has-post-thumbnail","6":"product_cat-linser-og-bonner","8":"first","9":"instock","10":"shipping-taxable","11":"purchasable","12":"product-type-simple"},"aioseo_notices":[],"_links":{"self":[{"href":"https:\/\/greekbloom.com\/index.php\/wp-json\/wp\/v2\/product\/29186","targetHints":{"allow":["GET"]}}],"collection":[{"href":"https:\/\/greekbloom.com\/index.php\/wp-json\/wp\/v2\/product"}],"about":[{"href":"https:\/\/greekbloom.com\/index.php\/wp-json\/wp\/v2\/types\/product"}],"replies":[{"embeddable":true,"href":"https:\/\/greekbloom.com\/index.php\/wp-json\/wp\/v2\/comments?post=29186"}],"version-history":[{"count":1,"href":"https:\/\/greekbloom.com\/index.php\/wp-json\/wp\/v2\/product\/29186\/revisions"}],"predecessor-version":[{"id":29230,"href":"https:\/\/greekbloom.com\/index.php\/wp-json\/wp\/v2\/product\/29186\/revisions\/29230"}],"wp:featuredmedia":[{"embeddable":true,"href":"https:\/\/greekbloom.com\/index.php\/wp-json\/wp\/v2\/media\/29229"}],"wp:attachment":[{"href":"https:\/\/greekbloom.com\/index.php\/wp-json\/wp\/v2\/media?parent=29186"}],"wp:term":[{"taxonomy":"product_brand","embeddable":true,"href":"https:\/\/greekbloom.com\/index.php\/wp-json\/wp\/v2\/product_brand?post=29186"},{"taxonomy":"product_cat","embeddable":true,"href":"https:\/\/greekbloom.com\/index.php\/wp-json\/wp\/v2\/product_cat?post=29186"},{"taxonomy":"product_tag","embeddable":true,"href":"https:\/\/greekbloom.com\/index.php\/wp-json\/wp\/v2\/product_tag?post=29186"}],"curies":[{"name":"wp","href":"https:\/\/api.w.org\/{rel}","templated":true}]}}