{"id":29177,"date":"2026-02-17T12:19:02","date_gmt":"2026-02-17T12:19:02","guid":{"rendered":"https:\/\/greekbloom.mano-serveris.eu\/?post_type=product&#038;p=29177"},"modified":"2026-02-17T12:19:05","modified_gmt":"2026-02-17T12:19:05","slug":"olympus-halloumi-original-225-g","status":"publish","type":"product","link":"https:\/\/greekbloom.com\/index.php\/product\/olympus-halloumi-original-225-g\/","title":{"rendered":"Olympus Halloumi Original \u2013 225 g"},"content":{"rendered":"<p data-start=\"113\" data-end=\"370\">Ekte <strong data-start=\"118\" data-end=\"141\">kypriotisk halloumi<\/strong> fra <strong data-start=\"146\" data-end=\"157\">Olympus<\/strong>, laget etter tradisjonell oppskrift av en blanding av geite-, saue- og kumelk. Den har en fast, men elastisk tekstur og en mild, salt smak som gj\u00f8r den perfekt til grilling, steking eller som topping i salater.<\/p>\n<p data-start=\"372\" data-end=\"482\">N\u00e5r den varmes opp, f\u00e5r den en spr\u00f8 overflate og en myk, saftig kjerne \u2013 en klassiker i middelhavskj\u00f8kkenet.<\/p>\n<ul data-start=\"484\" data-end=\"652\">\n<li data-start=\"484\" data-end=\"565\">\n<p data-start=\"486\" data-end=\"565\"><strong data-start=\"486\" data-end=\"503\">Ingredienser:<\/strong> Pasteurisert kumelk, geitemelk, sauemelk, salt, myse, mynte<\/p>\n<\/li>\n<li data-start=\"566\" data-end=\"587\">\n<p data-start=\"568\" data-end=\"587\"><strong data-start=\"568\" data-end=\"579\">Mengde:<\/strong> 225 g<\/p>\n<\/li>\n<li data-start=\"588\" data-end=\"615\">\n<p data-start=\"590\" data-end=\"615\"><strong data-start=\"590\" data-end=\"606\">Opprinnelse:<\/strong> Kypros<\/p>\n<\/li>\n<li data-start=\"616\" data-end=\"652\">\n<p data-start=\"618\" data-end=\"652\"><strong data-start=\"618\" data-end=\"634\">Oppbevaring:<\/strong> Kj\u00f8lig (0\u20135 \u00b0C)<\/p>\n<\/li>\n<\/ul>\n<p data-start=\"654\" data-end=\"727\">Et ekte middelhavsfavoritt \u2013 smakfull, autentisk og ideell til grillen!<\/p>\n","protected":false},"excerpt":{"rendered":"<p>Ekte kypriotisk halloumi fra Olympus, laget etter tradisjonell oppskrift av en blanding av geite-, saue- og kumelk. Den har en<\/p>\n","protected":false},"featured_media":29209,"comment_status":"open","ping_status":"closed","template":"","meta":[],"product_brand":[],"product_cat":[87],"product_tag":[],"class_list":{"0":"post-29177","1":"product","2":"type-product","3":"status-publish","4":"has-post-thumbnail","6":"product_cat-ost","8":"first","9":"instock","10":"shipping-taxable","11":"purchasable","12":"product-type-simple"},"aioseo_notices":[],"_links":{"self":[{"href":"https:\/\/greekbloom.com\/index.php\/wp-json\/wp\/v2\/product\/29177","targetHints":{"allow":["GET"]}}],"collection":[{"href":"https:\/\/greekbloom.com\/index.php\/wp-json\/wp\/v2\/product"}],"about":[{"href":"https:\/\/greekbloom.com\/index.php\/wp-json\/wp\/v2\/types\/product"}],"replies":[{"embeddable":true,"href":"https:\/\/greekbloom.com\/index.php\/wp-json\/wp\/v2\/comments?post=29177"}],"version-history":[{"count":1,"href":"https:\/\/greekbloom.com\/index.php\/wp-json\/wp\/v2\/product\/29177\/revisions"}],"predecessor-version":[{"id":29210,"href":"https:\/\/greekbloom.com\/index.php\/wp-json\/wp\/v2\/product\/29177\/revisions\/29210"}],"wp:featuredmedia":[{"embeddable":true,"href":"https:\/\/greekbloom.com\/index.php\/wp-json\/wp\/v2\/media\/29209"}],"wp:attachment":[{"href":"https:\/\/greekbloom.com\/index.php\/wp-json\/wp\/v2\/media?parent=29177"}],"wp:term":[{"taxonomy":"product_brand","embeddable":true,"href":"https:\/\/greekbloom.com\/index.php\/wp-json\/wp\/v2\/product_brand?post=29177"},{"taxonomy":"product_cat","embeddable":true,"href":"https:\/\/greekbloom.com\/index.php\/wp-json\/wp\/v2\/product_cat?post=29177"},{"taxonomy":"product_tag","embeddable":true,"href":"https:\/\/greekbloom.com\/index.php\/wp-json\/wp\/v2\/product_tag?post=29177"}],"curies":[{"name":"wp","href":"https:\/\/api.w.org\/{rel}","templated":true}]}}