{"id":29111,"date":"2026-02-17T12:18:48","date_gmt":"2026-02-17T12:18:48","guid":{"rendered":"https:\/\/greekbloom.mano-serveris.eu\/?post_type=product&#038;p=29111"},"modified":"2026-02-17T12:18:58","modified_gmt":"2026-02-17T12:18:58","slug":"olivelia-extra-virgin-olivenolje-fra-kalamata-500-ml","status":"publish","type":"product","link":"https:\/\/greekbloom.com\/index.php\/product\/olivelia-extra-virgin-olivenolje-fra-kalamata-500-ml\/","title":{"rendered":"Olivelia \u2013 Extra Virgin Olivenolje fra Kalamata \u2013 500 ml"},"content":{"rendered":"<p data-start=\"138\" data-end=\"403\">F\u00f8rsteklasses <strong data-start=\"152\" data-end=\"179\">extra virgin olivenolje<\/strong> fra <strong data-start=\"184\" data-end=\"196\">Kalamata<\/strong>, laget av h\u00e5ndplukkede oliven av h\u00f8yeste kvalitet. Denne oljen fra <strong data-start=\"264\" data-end=\"276\">Olivelia<\/strong> har en frisk, fruktig smak med balansert bitterhet og pepperaktig avslutning \u2013 et kjennetegn p\u00e5 ekte kaldpresset olivenolje.<\/p>\n<p data-start=\"405\" data-end=\"482\">Perfekt til salater, pasta, fisk, gr\u00f8nnsaker eller som dip med ferskt br\u00f8d.<\/p>\n<ul data-start=\"484\" data-end=\"626\">\n<li data-start=\"484\" data-end=\"535\">\n<p data-start=\"486\" data-end=\"535\"><strong data-start=\"486\" data-end=\"503\">Ingredienser:<\/strong> 100 % extra virgin olivenolje<\/p>\n<\/li>\n<li data-start=\"536\" data-end=\"559\">\n<p data-start=\"538\" data-end=\"559\"><strong data-start=\"538\" data-end=\"549\">Mengde:<\/strong> 500 ml<\/p>\n<\/li>\n<li data-start=\"560\" data-end=\"597\">\n<p data-start=\"562\" data-end=\"597\"><strong data-start=\"562\" data-end=\"578\">Opprinnelse:<\/strong> Kalamata, Hellas<\/p>\n<\/li>\n<li data-start=\"598\" data-end=\"626\">\n<p data-start=\"600\" data-end=\"626\"><strong data-start=\"600\" data-end=\"616\">Syreinnhold:<\/strong> &lt; 0,8 %<\/p>\n<\/li>\n<\/ul>\n<p data-start=\"628\" data-end=\"724\">Et ekte gresk kvalitetsprodukt \u2013 naturlig, smakfullt og fullt av middelhavets gode egenskaper.<\/p>\n","protected":false},"excerpt":{"rendered":"<p>F\u00f8rsteklasses extra virgin olivenolje fra Kalamata, laget av h\u00e5ndplukkede oliven av h\u00f8yeste kvalitet. Denne oljen fra Olivelia har en frisk,<\/p>\n","protected":false},"featured_media":29171,"comment_status":"open","ping_status":"closed","template":"","meta":[],"product_brand":[],"product_cat":[77],"product_tag":[],"class_list":{"0":"post-29111","1":"product","2":"type-product","3":"status-publish","4":"has-post-thumbnail","6":"product_cat-olivenolje-og-eddik","8":"first","9":"instock","10":"shipping-taxable","11":"purchasable","12":"product-type-simple"},"aioseo_notices":[],"_links":{"self":[{"href":"https:\/\/greekbloom.com\/index.php\/wp-json\/wp\/v2\/product\/29111","targetHints":{"allow":["GET"]}}],"collection":[{"href":"https:\/\/greekbloom.com\/index.php\/wp-json\/wp\/v2\/product"}],"about":[{"href":"https:\/\/greekbloom.com\/index.php\/wp-json\/wp\/v2\/types\/product"}],"replies":[{"embeddable":true,"href":"https:\/\/greekbloom.com\/index.php\/wp-json\/wp\/v2\/comments?post=29111"}],"version-history":[{"count":1,"href":"https:\/\/greekbloom.com\/index.php\/wp-json\/wp\/v2\/product\/29111\/revisions"}],"predecessor-version":[{"id":29172,"href":"https:\/\/greekbloom.com\/index.php\/wp-json\/wp\/v2\/product\/29111\/revisions\/29172"}],"wp:featuredmedia":[{"embeddable":true,"href":"https:\/\/greekbloom.com\/index.php\/wp-json\/wp\/v2\/media\/29171"}],"wp:attachment":[{"href":"https:\/\/greekbloom.com\/index.php\/wp-json\/wp\/v2\/media?parent=29111"}],"wp:term":[{"taxonomy":"product_brand","embeddable":true,"href":"https:\/\/greekbloom.com\/index.php\/wp-json\/wp\/v2\/product_brand?post=29111"},{"taxonomy":"product_cat","embeddable":true,"href":"https:\/\/greekbloom.com\/index.php\/wp-json\/wp\/v2\/product_cat?post=29111"},{"taxonomy":"product_tag","embeddable":true,"href":"https:\/\/greekbloom.com\/index.php\/wp-json\/wp\/v2\/product_tag?post=29111"}],"curies":[{"name":"wp","href":"https:\/\/api.w.org\/{rel}","templated":true}]}}