{"id":29108,"date":"2026-02-17T12:18:48","date_gmt":"2026-02-17T12:18:48","guid":{"rendered":"https:\/\/greekbloom.mano-serveris.eu\/?post_type=product&#038;p=29108"},"modified":"2026-02-17T12:18:57","modified_gmt":"2026-02-17T12:18:57","slug":"7-days-bake-rolls-tomat-oliven-og-oregano-150-g","status":"publish","type":"product","link":"https:\/\/greekbloom.com\/index.php\/product\/7-days-bake-rolls-tomat-oliven-og-oregano-150-g\/","title":{"rendered":"7 Days Bake Rolls \u2013 Tomat, oliven og oregano \u2013 150 g"},"content":{"rendered":"<p data-start=\"131\" data-end=\"362\">Spr\u00f8 og smakfulle <strong data-start=\"149\" data-end=\"163\">Bake Rolls<\/strong> med smak av <strong data-start=\"176\" data-end=\"204\">tomat, oliven og oregano<\/strong> \u2013 en klassisk gresk kombinasjon fra <strong data-start=\"241\" data-end=\"251\">7 Days<\/strong>. Laget av gyllent ristet br\u00f8d, sk\u00e5ret i tynne, knasende skiver som passer perfekt som snacks eller tilbeh\u00f8r.<\/p>\n<p data-start=\"364\" data-end=\"447\">Ideelle alene, sammen med dipp, eller som et spr\u00f8tt innslag til salater og tapas.<\/p>\n<ul data-start=\"449\" data-end=\"613\">\n<li data-start=\"449\" data-end=\"525\">\n<p data-start=\"451\" data-end=\"525\"><strong data-start=\"451\" data-end=\"468\">Ingredienser:<\/strong> Hvetemel, tomatpulver, olivenolje, oregano, salt, gj\u00e6r<\/p>\n<\/li>\n<li data-start=\"526\" data-end=\"547\">\n<p data-start=\"528\" data-end=\"547\"><strong data-start=\"528\" data-end=\"539\">Mengde:<\/strong> 150 g<\/p>\n<\/li>\n<li data-start=\"548\" data-end=\"585\">\n<p data-start=\"550\" data-end=\"585\"><strong data-start=\"550\" data-end=\"565\">Allergener:<\/strong> Inneholder gluten<\/p>\n<\/li>\n<li data-start=\"586\" data-end=\"613\">\n<p data-start=\"588\" data-end=\"613\"><strong data-start=\"588\" data-end=\"604\">Opprinnelse:<\/strong> Hellas<\/p>\n<\/li>\n<\/ul>\n<p data-start=\"615\" data-end=\"709\">Et smakfullt, middelhavsinspirert snacksalternativ \u2013 spr\u00f8tt, aromatisk og uimotst\u00e5elig godt.<\/p>\n","protected":false},"excerpt":{"rendered":"<p>Spr\u00f8 og smakfulle Bake Rolls med smak av tomat, oliven og oregano \u2013 en klassisk gresk kombinasjon fra 7 Days.<\/p>\n","protected":false},"featured_media":29165,"comment_status":"open","ping_status":"closed","template":"","meta":[],"product_brand":[],"product_cat":[79],"product_tag":[],"class_list":{"0":"post-29108","1":"product","2":"type-product","3":"status-publish","4":"has-post-thumbnail","6":"product_cat-kjeks-eller-snacks","8":"first","9":"instock","10":"shipping-taxable","11":"purchasable","12":"product-type-simple"},"aioseo_notices":[],"_links":{"self":[{"href":"https:\/\/greekbloom.com\/index.php\/wp-json\/wp\/v2\/product\/29108","targetHints":{"allow":["GET"]}}],"collection":[{"href":"https:\/\/greekbloom.com\/index.php\/wp-json\/wp\/v2\/product"}],"about":[{"href":"https:\/\/greekbloom.com\/index.php\/wp-json\/wp\/v2\/types\/product"}],"replies":[{"embeddable":true,"href":"https:\/\/greekbloom.com\/index.php\/wp-json\/wp\/v2\/comments?post=29108"}],"version-history":[{"count":1,"href":"https:\/\/greekbloom.com\/index.php\/wp-json\/wp\/v2\/product\/29108\/revisions"}],"predecessor-version":[{"id":29166,"href":"https:\/\/greekbloom.com\/index.php\/wp-json\/wp\/v2\/product\/29108\/revisions\/29166"}],"wp:featuredmedia":[{"embeddable":true,"href":"https:\/\/greekbloom.com\/index.php\/wp-json\/wp\/v2\/media\/29165"}],"wp:attachment":[{"href":"https:\/\/greekbloom.com\/index.php\/wp-json\/wp\/v2\/media?parent=29108"}],"wp:term":[{"taxonomy":"product_brand","embeddable":true,"href":"https:\/\/greekbloom.com\/index.php\/wp-json\/wp\/v2\/product_brand?post=29108"},{"taxonomy":"product_cat","embeddable":true,"href":"https:\/\/greekbloom.com\/index.php\/wp-json\/wp\/v2\/product_cat?post=29108"},{"taxonomy":"product_tag","embeddable":true,"href":"https:\/\/greekbloom.com\/index.php\/wp-json\/wp\/v2\/product_tag?post=29108"}],"curies":[{"name":"wp","href":"https:\/\/api.w.org\/{rel}","templated":true}]}}