{"id":29107,"date":"2026-02-17T12:18:48","date_gmt":"2026-02-17T12:18:48","guid":{"rendered":"https:\/\/greekbloom.mano-serveris.eu\/?post_type=product&#038;p=29107"},"modified":"2026-02-17T12:18:56","modified_gmt":"2026-02-17T12:18:56","slug":"7-days-bake-rolls-salt-150-g","status":"publish","type":"product","link":"https:\/\/greekbloom.com\/index.php\/product\/7-days-bake-rolls-salt-150-g\/","title":{"rendered":"7 Days Bake Rolls \u2013 Salt \u2013 150 g"},"content":{"rendered":"<p data-start=\"111\" data-end=\"314\">Spr\u00f8 og smakfulle <strong data-start=\"129\" data-end=\"152\">Bake Rolls med salt<\/strong> fra <strong data-start=\"157\" data-end=\"167\">7 Days<\/strong> \u2013 laget av n\u00f8ye stekt br\u00f8d som skj\u00e6res i tynne, gyldne skiver. Perfekte som snacks, til dipp eller som et spr\u00f8tt tilbeh\u00f8r til supper og salater.<\/p>\n<p data-start=\"316\" data-end=\"401\">Den klassiske smaken av salt gj\u00f8r dem uimotst\u00e5elige og passer til enhver anledning.<\/p>\n<ul data-start=\"403\" data-end=\"547\">\n<li data-start=\"403\" data-end=\"459\">\n<p data-start=\"405\" data-end=\"459\"><strong data-start=\"405\" data-end=\"422\">Ingredienser:<\/strong> Hvetemel, solsikkeolje, salt, gj\u00e6r<\/p>\n<\/li>\n<li data-start=\"460\" data-end=\"481\">\n<p data-start=\"462\" data-end=\"481\"><strong data-start=\"462\" data-end=\"473\">Mengde:<\/strong> 150 g<\/p>\n<\/li>\n<li data-start=\"482\" data-end=\"519\">\n<p data-start=\"484\" data-end=\"519\"><strong data-start=\"484\" data-end=\"499\">Allergener:<\/strong> Inneholder gluten<\/p>\n<\/li>\n<li data-start=\"520\" data-end=\"547\">\n<p data-start=\"522\" data-end=\"547\"><strong data-start=\"522\" data-end=\"538\">Opprinnelse:<\/strong> Hellas<\/p>\n<\/li>\n<\/ul>\n<p data-start=\"549\" data-end=\"624\">Et spr\u00f8tt og smakfullt gresk snacksalternativ \u2013 enkelt, klassisk og godt.<\/p>\n","protected":false},"excerpt":{"rendered":"<p>Spr\u00f8 og smakfulle Bake Rolls med salt fra 7 Days \u2013 laget av n\u00f8ye stekt br\u00f8d som skj\u00e6res i tynne,<\/p>\n","protected":false},"featured_media":29163,"comment_status":"open","ping_status":"closed","template":"","meta":[],"product_brand":[],"product_cat":[79],"product_tag":[],"class_list":{"0":"post-29107","1":"product","2":"type-product","3":"status-publish","4":"has-post-thumbnail","6":"product_cat-kjeks-eller-snacks","8":"first","9":"instock","10":"shipping-taxable","11":"purchasable","12":"product-type-simple"},"aioseo_notices":[],"_links":{"self":[{"href":"https:\/\/greekbloom.com\/index.php\/wp-json\/wp\/v2\/product\/29107","targetHints":{"allow":["GET"]}}],"collection":[{"href":"https:\/\/greekbloom.com\/index.php\/wp-json\/wp\/v2\/product"}],"about":[{"href":"https:\/\/greekbloom.com\/index.php\/wp-json\/wp\/v2\/types\/product"}],"replies":[{"embeddable":true,"href":"https:\/\/greekbloom.com\/index.php\/wp-json\/wp\/v2\/comments?post=29107"}],"version-history":[{"count":1,"href":"https:\/\/greekbloom.com\/index.php\/wp-json\/wp\/v2\/product\/29107\/revisions"}],"predecessor-version":[{"id":29164,"href":"https:\/\/greekbloom.com\/index.php\/wp-json\/wp\/v2\/product\/29107\/revisions\/29164"}],"wp:featuredmedia":[{"embeddable":true,"href":"https:\/\/greekbloom.com\/index.php\/wp-json\/wp\/v2\/media\/29163"}],"wp:attachment":[{"href":"https:\/\/greekbloom.com\/index.php\/wp-json\/wp\/v2\/media?parent=29107"}],"wp:term":[{"taxonomy":"product_brand","embeddable":true,"href":"https:\/\/greekbloom.com\/index.php\/wp-json\/wp\/v2\/product_brand?post=29107"},{"taxonomy":"product_cat","embeddable":true,"href":"https:\/\/greekbloom.com\/index.php\/wp-json\/wp\/v2\/product_cat?post=29107"},{"taxonomy":"product_tag","embeddable":true,"href":"https:\/\/greekbloom.com\/index.php\/wp-json\/wp\/v2\/product_tag?post=29107"}],"curies":[{"name":"wp","href":"https:\/\/api.w.org\/{rel}","templated":true}]}}