{"id":29102,"date":"2026-02-17T12:18:47","date_gmt":"2026-02-17T12:18:47","guid":{"rendered":"https:\/\/greekbloom.mano-serveris.eu\/?post_type=product&#038;p=29102"},"modified":"2026-03-23T11:55:33","modified_gmt":"2026-03-23T11:55:33","slug":"papadopoulou-gemista-kjeks-med-sjokoladefyll-200-g","status":"publish","type":"product","link":"https:\/\/greekbloom.com\/index.php\/product\/papadopoulou-gemista-kjeks-med-sjokoladefyll-200-g\/","title":{"rendered":"Papadopoulou Gemista \u2013 Kjeks med sjokoladefyll \u2013 200 g"},"content":{"rendered":"<p data-start=\"134\" data-end=\"355\"><img loading=\"lazy\" decoding=\"async\" class=\"alignnone size-medium wp-image-29670\" src=\"https:\/\/greekbloom.mano-serveris.eu\/wp-content\/uploads\/2026\/03\/Photoroom_20260309_114004-225x300.jpeg\" alt=\"\" width=\"225\" height=\"300\" srcset=\"https:\/\/greekbloom.com\/wp-content\/uploads\/2026\/03\/Photoroom_20260309_114004-225x300.jpeg 225w, https:\/\/greekbloom.com\/wp-content\/uploads\/2026\/03\/Photoroom_20260309_114004-150x200.jpeg 150w, https:\/\/greekbloom.com\/wp-content\/uploads\/2026\/03\/Photoroom_20260309_114004-600x800.jpeg 600w, https:\/\/greekbloom.com\/wp-content\/uploads\/2026\/03\/Photoroom_20260309_114004-768x1024.jpeg 768w, https:\/\/greekbloom.com\/wp-content\/uploads\/2026\/03\/Photoroom_20260309_114004-1152x1536.jpeg 1152w, https:\/\/greekbloom.com\/wp-content\/uploads\/2026\/03\/Photoroom_20260309_114004.jpeg 1512w\" sizes=\"auto, (max-width: 225px) 100vw, 225px\" \/>De klassiske <strong data-start=\"147\" data-end=\"167\">Gemista-kjeksene<\/strong> fra <strong data-start=\"172\" data-end=\"188\">Papadopoulou<\/strong> er en gresk favoritt! Spr\u00f8, gyllenbrune kjeks fylt med deilig, kremet <strong data-start=\"259\" data-end=\"276\">sjokoladefyll<\/strong> \u2013 perfekt til kaffe, te eller som en s\u00f8t snack n\u00e5r du vil unne deg noe godt.<\/p>\n<p data-start=\"357\" data-end=\"429\">Et ikonisk produkt i Hellas, kjent for sin rike smak og h\u00f8ye kvalitet.<\/p>\n<ul data-start=\"431\" data-end=\"612\">\n<li data-start=\"431\" data-end=\"512\">\n<p data-start=\"433\" data-end=\"512\"><strong data-start=\"433\" data-end=\"450\">Ingredienser:<\/strong> Hvetemel, sukker, vegetabilsk olje, kakaopulver, melk, salt<\/p>\n<\/li>\n<li data-start=\"513\" data-end=\"534\">\n<p data-start=\"515\" data-end=\"534\"><strong data-start=\"515\" data-end=\"526\">Mengde:<\/strong> 200 g<\/p>\n<\/li>\n<li data-start=\"535\" data-end=\"562\">\n<p data-start=\"537\" data-end=\"562\"><strong data-start=\"537\" data-end=\"553\">Opprinnelse:<\/strong> Hellas<\/p>\n<\/li>\n<li data-start=\"563\" data-end=\"612\">\n<p data-start=\"565\" data-end=\"612\"><strong data-start=\"565\" data-end=\"580\">Allergener:<\/strong> Inneholder gluten, melk, soya<\/p>\n<\/li>\n<\/ul>\n<p data-start=\"614\" data-end=\"672\">Klassiske greske sm\u00e5kaker \u2013 s\u00f8te, spr\u00f8 og uimotst\u00e5elige!<\/p>\n","protected":false},"excerpt":{"rendered":"<p>De klassiske Gemista-kjeksene fra Papadopoulou er en gresk favoritt! Spr\u00f8, gyllenbrune kjeks fylt med deilig, kremet sjokoladefyll \u2013 perfekt til<\/p>\n","protected":false},"featured_media":29670,"comment_status":"open","ping_status":"closed","template":"","meta":[],"product_brand":[],"product_cat":[86,79],"product_tag":[],"class_list":{"0":"post-29102","1":"product","2":"type-product","3":"status-publish","4":"has-post-thumbnail","6":"product_cat-kjeks","7":"product_cat-kjeks-eller-snacks","9":"first","10":"instock","11":"shipping-taxable","12":"purchasable","13":"product-type-simple"},"aioseo_notices":[],"_links":{"self":[{"href":"https:\/\/greekbloom.com\/index.php\/wp-json\/wp\/v2\/product\/29102","targetHints":{"allow":["GET"]}}],"collection":[{"href":"https:\/\/greekbloom.com\/index.php\/wp-json\/wp\/v2\/product"}],"about":[{"href":"https:\/\/greekbloom.com\/index.php\/wp-json\/wp\/v2\/types\/product"}],"replies":[{"embeddable":true,"href":"https:\/\/greekbloom.com\/index.php\/wp-json\/wp\/v2\/comments?post=29102"}],"version-history":[{"count":2,"href":"https:\/\/greekbloom.com\/index.php\/wp-json\/wp\/v2\/product\/29102\/revisions"}],"predecessor-version":[{"id":29690,"href":"https:\/\/greekbloom.com\/index.php\/wp-json\/wp\/v2\/product\/29102\/revisions\/29690"}],"wp:featuredmedia":[{"embeddable":true,"href":"https:\/\/greekbloom.com\/index.php\/wp-json\/wp\/v2\/media\/29670"}],"wp:attachment":[{"href":"https:\/\/greekbloom.com\/index.php\/wp-json\/wp\/v2\/media?parent=29102"}],"wp:term":[{"taxonomy":"product_brand","embeddable":true,"href":"https:\/\/greekbloom.com\/index.php\/wp-json\/wp\/v2\/product_brand?post=29102"},{"taxonomy":"product_cat","embeddable":true,"href":"https:\/\/greekbloom.com\/index.php\/wp-json\/wp\/v2\/product_cat?post=29102"},{"taxonomy":"product_tag","embeddable":true,"href":"https:\/\/greekbloom.com\/index.php\/wp-json\/wp\/v2\/product_tag?post=29102"}],"curies":[{"name":"wp","href":"https:\/\/api.w.org\/{rel}","templated":true}]}}