{"id":29098,"date":"2026-02-17T12:18:47","date_gmt":"2026-02-17T12:18:47","guid":{"rendered":"https:\/\/greekbloom.mano-serveris.eu\/?post_type=product&#038;p=29098"},"modified":"2026-02-17T12:18:53","modified_gmt":"2026-02-17T12:18:53","slug":"naxos-gronne-oliven-steinfrie-marinert-med-rosmarin-og-hvitlok-500-g","status":"publish","type":"product","link":"https:\/\/greekbloom.com\/index.php\/product\/naxos-gronne-oliven-steinfrie-marinert-med-rosmarin-og-hvitlok-500-g\/","title":{"rendered":"Naxos \u2013 Gr\u00f8nne oliven steinfrie, marinert med rosmarin og hvitl\u00f8k \u2013 500 g"},"content":{"rendered":"<ol>\n<li data-start=\"152\" data-end=\"380\"><span dir=\"auto\" style=\"vertical-align: inherit;\"><span dir=\"auto\" style=\"vertical-align: inherit;\">Autentiske <\/span><\/span><strong data-start=\"163\" data-end=\"198\"><span dir=\"auto\" style=\"vertical-align: inherit;\"><span dir=\"auto\" style=\"vertical-align: inherit;\">greske gr\u00f8nne oliven uten stein<\/span><\/span><\/strong><span dir=\"auto\" style=\"vertical-align: inherit;\"><span dir=\"auto\" style=\"vertical-align: inherit;\"> , marinert med <\/span><\/span><strong data-start=\"213\" data-end=\"243\"><span dir=\"auto\" style=\"vertical-align: inherit;\"><span dir=\"auto\" style=\"vertical-align: inherit;\">rosmarin, hvitl\u00f8k og urter<\/span><\/span><\/strong><span dir=\"auto\" style=\"vertical-align: inherit;\"><span dir=\"auto\" style=\"vertical-align: inherit;\"> for en rik og aromatisk smak. Disse olivenene kombinerer friskhet og fylde med den karakteristiske middelhavsaromaen av urter og olje.<\/span><\/span><\/li>\n<\/ol>\n<p data-start=\"382\" data-end=\"467\"><span dir=\"auto\" style=\"vertical-align: inherit;\"><span dir=\"auto\" style=\"vertical-align: inherit;\">Perfekte som snacks, i salater, p\u00e5 tapasbordet eller som tilbeh\u00f8r til kj\u00f8tt og ost.<\/span><\/span><\/p>\n<ul data-start=\"469\" data-end=\"643\">\n<li data-start=\"469\" data-end=\"552\">\n<p data-start=\"471\" data-end=\"552\"><strong data-start=\"471\" data-end=\"488\"><span dir=\"auto\" style=\"vertical-align: inherit;\"><span dir=\"auto\" style=\"vertical-align: inherit;\">Komposisjon:<\/span><\/span><\/strong><span dir=\"auto\" style=\"vertical-align: inherit;\"><span dir=\"auto\" style=\"vertical-align: inherit;\"> Gr\u00f8nne oliven uten stein, olivenolje, hvitl\u00f8k, rozmarinas, druska<\/span><\/span><\/p>\n<\/li>\n<li data-start=\"553\" data-end=\"574\">\n<p data-start=\"555\" data-end=\"574\"><strong data-start=\"555\" data-end=\"566\"><span dir=\"auto\" style=\"vertical-align: inherit;\"><span dir=\"auto\" style=\"vertical-align: inherit;\">Vekt:<\/span><\/span><\/strong><span dir=\"auto\" style=\"vertical-align: inherit;\"><span dir=\"auto\" style=\"vertical-align: inherit;\"> 500 g<\/span><\/span><\/p>\n<\/li>\n<li data-start=\"575\" data-end=\"602\">\n<p data-start=\"577\" data-end=\"602\"><strong data-start=\"577\" data-end=\"593\"><span dir=\"auto\" style=\"vertical-align: inherit;\"><span dir=\"auto\" style=\"vertical-align: inherit;\">Innvending:<\/span><\/span><\/strong><span dir=\"auto\" style=\"vertical-align: inherit;\"><span dir=\"auto\" style=\"vertical-align: inherit;\"> Hellas<\/span><\/span><\/p>\n<\/li>\n<li data-start=\"603\" data-end=\"643\">\n<p data-start=\"605\" data-end=\"643\"><strong data-start=\"605\" data-end=\"621\"><span dir=\"auto\" style=\"vertical-align: inherit;\"><span dir=\"auto\" style=\"vertical-align: inherit;\">Oppbevaring:<\/span><\/span><\/strong><span dir=\"auto\" style=\"vertical-align: inherit;\"><span dir=\"auto\" style=\"vertical-align: inherit;\"> Kj\u00f8lig etter \u00e5pning<\/span><\/span><\/p>\n<\/li>\n<\/ul>\n<p data-start=\"645\" data-end=\"734\"><span dir=\"auto\" style=\"vertical-align: inherit;\"><span dir=\"auto\" style=\"vertical-align: inherit;\">Et klassisk gresk delikatesseprodukt \u2013 smakfullt, naturlig og fullt av middelhavssjarm.<\/span><\/span><\/p>\n","protected":false},"excerpt":{"rendered":"<p>Autentiske greske gr\u00f8nne oliven uten stein , marinert med rosmarin, hvitl\u00f8k og urter for en rik og aromatisk smak. Disse<\/p>\n","protected":false},"featured_media":29144,"comment_status":"open","ping_status":"closed","template":"","meta":[],"product_brand":[],"product_cat":[75],"product_tag":[],"class_list":{"0":"post-29098","1":"product","2":"type-product","3":"status-publish","4":"has-post-thumbnail","6":"product_cat-oliven","8":"first","9":"instock","10":"shipping-taxable","11":"purchasable","12":"product-type-simple"},"aioseo_notices":[],"_links":{"self":[{"href":"https:\/\/greekbloom.com\/index.php\/wp-json\/wp\/v2\/product\/29098","targetHints":{"allow":["GET"]}}],"collection":[{"href":"https:\/\/greekbloom.com\/index.php\/wp-json\/wp\/v2\/product"}],"about":[{"href":"https:\/\/greekbloom.com\/index.php\/wp-json\/wp\/v2\/types\/product"}],"replies":[{"embeddable":true,"href":"https:\/\/greekbloom.com\/index.php\/wp-json\/wp\/v2\/comments?post=29098"}],"version-history":[{"count":1,"href":"https:\/\/greekbloom.com\/index.php\/wp-json\/wp\/v2\/product\/29098\/revisions"}],"predecessor-version":[{"id":29145,"href":"https:\/\/greekbloom.com\/index.php\/wp-json\/wp\/v2\/product\/29098\/revisions\/29145"}],"wp:featuredmedia":[{"embeddable":true,"href":"https:\/\/greekbloom.com\/index.php\/wp-json\/wp\/v2\/media\/29144"}],"wp:attachment":[{"href":"https:\/\/greekbloom.com\/index.php\/wp-json\/wp\/v2\/media?parent=29098"}],"wp:term":[{"taxonomy":"product_brand","embeddable":true,"href":"https:\/\/greekbloom.com\/index.php\/wp-json\/wp\/v2\/product_brand?post=29098"},{"taxonomy":"product_cat","embeddable":true,"href":"https:\/\/greekbloom.com\/index.php\/wp-json\/wp\/v2\/product_cat?post=29098"},{"taxonomy":"product_tag","embeddable":true,"href":"https:\/\/greekbloom.com\/index.php\/wp-json\/wp\/v2\/product_tag?post=29098"}],"curies":[{"name":"wp","href":"https:\/\/api.w.org\/{rel}","templated":true}]}}