{"id":29057,"date":"2026-02-17T12:18:24","date_gmt":"2026-02-17T12:18:24","guid":{"rendered":"https:\/\/greekbloom.mano-serveris.eu\/?post_type=product&#038;p=29057"},"modified":"2026-02-17T12:18:52","modified_gmt":"2026-02-17T12:18:52","slug":"makedonikon-tahini-100-malt-sesam-300-g","status":"publish","type":"product","link":"https:\/\/greekbloom.com\/index.php\/product\/makedonikon-tahini-100-malt-sesam-300-g\/","title":{"rendered":"Makedonikon \u2013 Tahini 100 % malt sesam \u2013 300 g"},"content":{"rendered":"<p data-start=\"124\" data-end=\"372\">Naturlig og n\u00e6ringsrik <strong data-start=\"147\" data-end=\"157\">tahini<\/strong> laget av 100 % malte sesamfr\u00f8, uten tilsetningsstoffer. Dette tradisjonelle greske produktet fra <strong data-start=\"255\" data-end=\"270\">Makedonikon<\/strong> har en rik, kremet konsistens og en n\u00f8tteaktig smak som passer perfekt i b\u00e5de s\u00f8te og salte retter.<\/p>\n<p data-start=\"374\" data-end=\"447\">Ideell til bruk i hummus, dressinger, bakverk eller som et sunt p\u00e5legg.<\/p>\n<ul data-start=\"449\" data-end=\"599\">\n<li data-start=\"449\" data-end=\"491\">\n<p data-start=\"451\" data-end=\"491\"><strong data-start=\"451\" data-end=\"468\">Ingredienser:<\/strong> 100 % malte sesamfr\u00f8<\/p>\n<\/li>\n<li data-start=\"492\" data-end=\"513\">\n<p data-start=\"494\" data-end=\"513\"><strong data-start=\"494\" data-end=\"505\">Mengde:<\/strong> 300 g<\/p>\n<\/li>\n<li data-start=\"514\" data-end=\"541\">\n<p data-start=\"516\" data-end=\"541\"><strong data-start=\"516\" data-end=\"532\">Opprinnelse:<\/strong> Hellas<\/p>\n<\/li>\n<li data-start=\"542\" data-end=\"599\">\n<p data-start=\"544\" data-end=\"599\"><strong data-start=\"544\" data-end=\"597\">Uten tilsetningsstoffer eller konserveringsmidler<\/strong><\/p>\n<\/li>\n<\/ul>\n<p data-start=\"601\" data-end=\"670\">Et ekte naturprodukt \u2013 rikt p\u00e5 protein, fiber og sunne fettstoffer.<\/p>\n","protected":false},"excerpt":{"rendered":"<p>Naturlig og n\u00e6ringsrik tahini laget av 100 % malte sesamfr\u00f8, uten tilsetningsstoffer. Dette tradisjonelle greske produktet fra Makedonikon har en<\/p>\n","protected":false},"featured_media":29136,"comment_status":"open","ping_status":"closed","template":"","meta":[],"product_brand":[],"product_cat":[78,84],"product_tag":[],"class_list":{"0":"post-29057","1":"product","2":"type-product","3":"status-publish","4":"has-post-thumbnail","6":"product_cat-annet","7":"product_cat-syltetoy-og-palegg","9":"first","10":"instock","11":"shipping-taxable","12":"purchasable","13":"product-type-simple"},"aioseo_notices":[],"_links":{"self":[{"href":"https:\/\/greekbloom.com\/index.php\/wp-json\/wp\/v2\/product\/29057","targetHints":{"allow":["GET"]}}],"collection":[{"href":"https:\/\/greekbloom.com\/index.php\/wp-json\/wp\/v2\/product"}],"about":[{"href":"https:\/\/greekbloom.com\/index.php\/wp-json\/wp\/v2\/types\/product"}],"replies":[{"embeddable":true,"href":"https:\/\/greekbloom.com\/index.php\/wp-json\/wp\/v2\/comments?post=29057"}],"version-history":[{"count":1,"href":"https:\/\/greekbloom.com\/index.php\/wp-json\/wp\/v2\/product\/29057\/revisions"}],"predecessor-version":[{"id":29137,"href":"https:\/\/greekbloom.com\/index.php\/wp-json\/wp\/v2\/product\/29057\/revisions\/29137"}],"wp:featuredmedia":[{"embeddable":true,"href":"https:\/\/greekbloom.com\/index.php\/wp-json\/wp\/v2\/media\/29136"}],"wp:attachment":[{"href":"https:\/\/greekbloom.com\/index.php\/wp-json\/wp\/v2\/media?parent=29057"}],"wp:term":[{"taxonomy":"product_brand","embeddable":true,"href":"https:\/\/greekbloom.com\/index.php\/wp-json\/wp\/v2\/product_brand?post=29057"},{"taxonomy":"product_cat","embeddable":true,"href":"https:\/\/greekbloom.com\/index.php\/wp-json\/wp\/v2\/product_cat?post=29057"},{"taxonomy":"product_tag","embeddable":true,"href":"https:\/\/greekbloom.com\/index.php\/wp-json\/wp\/v2\/product_tag?post=29057"}],"curies":[{"name":"wp","href":"https:\/\/api.w.org\/{rel}","templated":true}]}}