{"id":29056,"date":"2026-02-17T12:18:24","date_gmt":"2026-02-17T12:18:24","guid":{"rendered":"https:\/\/greekbloom.mano-serveris.eu\/?post_type=product&#038;p=29056"},"modified":"2026-02-17T12:18:52","modified_gmt":"2026-02-17T12:18:52","slug":"uncle-yiannis-mini-syltede-agurker-270-g","status":"publish","type":"product","link":"https:\/\/greekbloom.com\/index.php\/product\/uncle-yiannis-mini-syltede-agurker-270-g\/","title":{"rendered":"Uncle Yiannis \u2013 Mini syltede agurker \u2013 270 g"},"content":{"rendered":"<p data-start=\"123\" data-end=\"378\">Sm\u00e5, spr\u00f8 og smakfulle <strong data-start=\"146\" data-end=\"162\">mini-agurker<\/strong> fra Hellas, laget etter tradisjonell oppskrift. Disse h\u00e5ndplukkede agurkene fra <strong data-start=\"243\" data-end=\"260\">Uncle Yiannis<\/strong> legges i en mild eddiklake for \u00e5 bevare den naturlige friskheten og den deilige balansen mellom s\u00f8dme og syrlighet.<\/p>\n<p data-start=\"380\" data-end=\"466\">Perfekt som snacks, til ost, kj\u00f8tt, sandwich eller som en del av et gresk meze-bord.<\/p>\n<ul data-start=\"468\" data-end=\"660\">\n<li data-start=\"468\" data-end=\"521\">\n<p data-start=\"470\" data-end=\"521\"><strong data-start=\"470\" data-end=\"487\">Ingredienser:<\/strong> Mini-agurker, vann, eddik, salt<\/p>\n<\/li>\n<li data-start=\"522\" data-end=\"543\">\n<p data-start=\"524\" data-end=\"543\"><strong data-start=\"524\" data-end=\"535\">Mengde:<\/strong> 270 g<\/p>\n<\/li>\n<li data-start=\"544\" data-end=\"571\">\n<p data-start=\"546\" data-end=\"571\"><strong data-start=\"546\" data-end=\"562\">Opprinnelse:<\/strong> Hellas<\/p>\n<\/li>\n<li data-start=\"572\" data-end=\"660\">\n<p data-start=\"574\" data-end=\"660\"><strong data-start=\"574\" data-end=\"593\">Serveringstips:<\/strong> Nyt som tilbeh\u00f8r til grillretter, i salater eller p\u00e5 tapasbordet<\/p>\n<\/li>\n<\/ul>\n<p data-start=\"662\" data-end=\"731\">Et autentisk gresk delikatesseprodukt \u2013 spr\u00f8tt, friskt og naturlig.<\/p>\n","protected":false},"excerpt":{"rendered":"<p>Sm\u00e5, spr\u00f8 og smakfulle mini-agurker fra Hellas, laget etter tradisjonell oppskrift. Disse h\u00e5ndplukkede agurkene fra Uncle Yiannis legges i en<\/p>\n","protected":false},"featured_media":29134,"comment_status":"open","ping_status":"closed","template":"","meta":[],"product_brand":[],"product_cat":[82],"product_tag":[],"class_list":{"0":"post-29056","1":"product","2":"type-product","3":"status-publish","4":"has-post-thumbnail","6":"product_cat-syltede-gronnsaker","8":"first","9":"instock","10":"shipping-taxable","11":"purchasable","12":"product-type-simple"},"aioseo_notices":[],"_links":{"self":[{"href":"https:\/\/greekbloom.com\/index.php\/wp-json\/wp\/v2\/product\/29056","targetHints":{"allow":["GET"]}}],"collection":[{"href":"https:\/\/greekbloom.com\/index.php\/wp-json\/wp\/v2\/product"}],"about":[{"href":"https:\/\/greekbloom.com\/index.php\/wp-json\/wp\/v2\/types\/product"}],"replies":[{"embeddable":true,"href":"https:\/\/greekbloom.com\/index.php\/wp-json\/wp\/v2\/comments?post=29056"}],"version-history":[{"count":1,"href":"https:\/\/greekbloom.com\/index.php\/wp-json\/wp\/v2\/product\/29056\/revisions"}],"predecessor-version":[{"id":29135,"href":"https:\/\/greekbloom.com\/index.php\/wp-json\/wp\/v2\/product\/29056\/revisions\/29135"}],"wp:featuredmedia":[{"embeddable":true,"href":"https:\/\/greekbloom.com\/index.php\/wp-json\/wp\/v2\/media\/29134"}],"wp:attachment":[{"href":"https:\/\/greekbloom.com\/index.php\/wp-json\/wp\/v2\/media?parent=29056"}],"wp:term":[{"taxonomy":"product_brand","embeddable":true,"href":"https:\/\/greekbloom.com\/index.php\/wp-json\/wp\/v2\/product_brand?post=29056"},{"taxonomy":"product_cat","embeddable":true,"href":"https:\/\/greekbloom.com\/index.php\/wp-json\/wp\/v2\/product_cat?post=29056"},{"taxonomy":"product_tag","embeddable":true,"href":"https:\/\/greekbloom.com\/index.php\/wp-json\/wp\/v2\/product_tag?post=29056"}],"curies":[{"name":"wp","href":"https:\/\/api.w.org\/{rel}","templated":true}]}}