{"id":29053,"date":"2026-02-17T12:18:24","date_gmt":"2026-02-17T12:18:24","guid":{"rendered":"https:\/\/greekbloom.mano-serveris.eu\/?post_type=product&#038;p=29053"},"modified":"2026-02-17T12:18:51","modified_gmt":"2026-02-17T12:18:51","slug":"uncle-yiannis-kapersbaer-capers-340-g","status":"publish","type":"product","link":"https:\/\/greekbloom.com\/index.php\/product\/uncle-yiannis-kapersbaer-capers-340-g\/","title":{"rendered":"Uncle Yiannis \u2013 Kapersb\u00e6r (Capers) \u2013 340 g"},"content":{"rendered":"<p data-start=\"122\" data-end=\"382\">Autentiske <strong data-start=\"133\" data-end=\"153\">greske kapersb\u00e6r<\/strong> fra <strong data-start=\"158\" data-end=\"175\">Uncle Yiannis<\/strong>, h\u00e5ndplukket og bevart i mild eddiklake for \u00e5 bevare den naturlige smaken. Disse store kapersene har en frisk, lett syrlig og salt smak \u2013 perfekt som tilbeh\u00f8r til fisk, salater, tapas og middelhavsretter.<\/p>\n<p data-start=\"384\" data-end=\"471\">Et ekte kvalitetsprodukt fra Hellas, laget med respekt for tradisjon og rene r\u00e5varer.<\/p>\n<ul data-start=\"473\" data-end=\"667\">\n<li data-start=\"473\" data-end=\"523\">\n<p data-start=\"475\" data-end=\"523\"><strong data-start=\"475\" data-end=\"492\">Ingredienser:<\/strong> Kapersb\u00e6r, vann, eddik, salt<\/p>\n<\/li>\n<li data-start=\"524\" data-end=\"545\">\n<p data-start=\"526\" data-end=\"545\"><strong data-start=\"526\" data-end=\"537\">Mengde:<\/strong> 340 g<\/p>\n<\/li>\n<li data-start=\"546\" data-end=\"573\">\n<p data-start=\"548\" data-end=\"573\"><strong data-start=\"548\" data-end=\"564\">Opprinnelse:<\/strong> Hellas<\/p>\n<\/li>\n<li data-start=\"574\" data-end=\"667\">\n<p data-start=\"576\" data-end=\"667\"><strong data-start=\"576\" data-end=\"595\">Serveringstips:<\/strong> Bruk i salater, p\u00e5 pizza, i pastaretter eller som del av et meze-bord<\/p>\n<\/li>\n<\/ul>\n<p data-start=\"669\" data-end=\"749\">Et smakfullt og naturlig produkt som bringer Middelhavet rett til bordet ditt.<\/p>\n","protected":false},"excerpt":{"rendered":"<p>Autentiske greske kapersb\u00e6r fra Uncle Yiannis, h\u00e5ndplukket og bevart i mild eddiklake for \u00e5 bevare den naturlige smaken. Disse store<\/p>\n","protected":false},"featured_media":29128,"comment_status":"open","ping_status":"closed","template":"","meta":[],"product_brand":[],"product_cat":[82],"product_tag":[],"class_list":{"0":"post-29053","1":"product","2":"type-product","3":"status-publish","4":"has-post-thumbnail","6":"product_cat-syltede-gronnsaker","8":"first","9":"instock","10":"shipping-taxable","11":"purchasable","12":"product-type-simple"},"aioseo_notices":[],"_links":{"self":[{"href":"https:\/\/greekbloom.com\/index.php\/wp-json\/wp\/v2\/product\/29053","targetHints":{"allow":["GET"]}}],"collection":[{"href":"https:\/\/greekbloom.com\/index.php\/wp-json\/wp\/v2\/product"}],"about":[{"href":"https:\/\/greekbloom.com\/index.php\/wp-json\/wp\/v2\/types\/product"}],"replies":[{"embeddable":true,"href":"https:\/\/greekbloom.com\/index.php\/wp-json\/wp\/v2\/comments?post=29053"}],"version-history":[{"count":1,"href":"https:\/\/greekbloom.com\/index.php\/wp-json\/wp\/v2\/product\/29053\/revisions"}],"predecessor-version":[{"id":29129,"href":"https:\/\/greekbloom.com\/index.php\/wp-json\/wp\/v2\/product\/29053\/revisions\/29129"}],"wp:featuredmedia":[{"embeddable":true,"href":"https:\/\/greekbloom.com\/index.php\/wp-json\/wp\/v2\/media\/29128"}],"wp:attachment":[{"href":"https:\/\/greekbloom.com\/index.php\/wp-json\/wp\/v2\/media?parent=29053"}],"wp:term":[{"taxonomy":"product_brand","embeddable":true,"href":"https:\/\/greekbloom.com\/index.php\/wp-json\/wp\/v2\/product_brand?post=29053"},{"taxonomy":"product_cat","embeddable":true,"href":"https:\/\/greekbloom.com\/index.php\/wp-json\/wp\/v2\/product_cat?post=29053"},{"taxonomy":"product_tag","embeddable":true,"href":"https:\/\/greekbloom.com\/index.php\/wp-json\/wp\/v2\/product_tag?post=29053"}],"curies":[{"name":"wp","href":"https:\/\/api.w.org\/{rel}","templated":true}]}}