{"id":29050,"date":"2026-02-17T12:18:23","date_gmt":"2026-02-17T12:18:23","guid":{"rendered":"https:\/\/greekbloom.mano-serveris.eu\/?post_type=product&#038;p=29050"},"modified":"2026-02-17T12:18:50","modified_gmt":"2026-02-17T12:18:50","slug":"uncle-yiannis-grillede-rode-paprika-480-g","status":"publish","type":"product","link":"https:\/\/greekbloom.com\/index.php\/product\/uncle-yiannis-grillede-rode-paprika-480-g\/","title":{"rendered":"Uncle Yiannis \u2013 Grillede r\u00f8de paprika \u2013 480 g"},"content":{"rendered":"<p data-start=\"125\" data-end=\"392\">Deilige <strong data-start=\"133\" data-end=\"158\">grillede r\u00f8de paprika<\/strong> fra Hellas, laget etter tradisjonell metode for \u00e5 bevare den s\u00f8te, rike smaken og den silkemyke teksturen. <strong data-start=\"266\" data-end=\"283\">Uncle Yiannis<\/strong> bruker n\u00f8ye utvalgte paprika som grilles til perfeksjon og legges i lett marinade med olivenolje og eddik.<\/p>\n<p data-start=\"394\" data-end=\"496\">Perfekt som forrett, tilbeh\u00f8r til kj\u00f8tt og fisk, i salater, eller som del av et autentisk meze-bord.<\/p>\n<ul data-start=\"498\" data-end=\"701\">\n<li data-start=\"498\" data-end=\"563\">\n<p data-start=\"500\" data-end=\"563\"><strong data-start=\"500\" data-end=\"517\">Ingredienser:<\/strong> R\u00f8de paprika, vann, eddik, salt, olivenolje<\/p>\n<\/li>\n<li data-start=\"564\" data-end=\"585\">\n<p data-start=\"566\" data-end=\"585\"><strong data-start=\"566\" data-end=\"577\">Mengde:<\/strong> 480 g<\/p>\n<\/li>\n<li data-start=\"586\" data-end=\"613\">\n<p data-start=\"588\" data-end=\"613\"><strong data-start=\"588\" data-end=\"604\">Opprinnelse:<\/strong> Hellas<\/p>\n<\/li>\n<li data-start=\"614\" data-end=\"701\">\n<p data-start=\"616\" data-end=\"701\"><strong data-start=\"616\" data-end=\"635\">Serveringstips:<\/strong> Nyt dem kalde som antipasti eller varm dem lett for ekstra smak<\/p>\n<\/li>\n<\/ul>\n<p data-start=\"703\" data-end=\"785\">Et ekte gresk delikatesseprodukt \u2013 naturlig, smakfullt og h\u00e5ndlaget med omtanke.<\/p>\n","protected":false},"excerpt":{"rendered":"<p>Deilige grillede r\u00f8de paprika fra Hellas, laget etter tradisjonell metode for \u00e5 bevare den s\u00f8te, rike smaken og den silkemyke<\/p>\n","protected":false},"featured_media":29122,"comment_status":"open","ping_status":"closed","template":"","meta":[],"product_brand":[],"product_cat":[82],"product_tag":[],"class_list":{"0":"post-29050","1":"product","2":"type-product","3":"status-publish","4":"has-post-thumbnail","6":"product_cat-syltede-gronnsaker","8":"first","9":"instock","10":"shipping-taxable","11":"purchasable","12":"product-type-simple"},"aioseo_notices":[],"_links":{"self":[{"href":"https:\/\/greekbloom.com\/index.php\/wp-json\/wp\/v2\/product\/29050","targetHints":{"allow":["GET"]}}],"collection":[{"href":"https:\/\/greekbloom.com\/index.php\/wp-json\/wp\/v2\/product"}],"about":[{"href":"https:\/\/greekbloom.com\/index.php\/wp-json\/wp\/v2\/types\/product"}],"replies":[{"embeddable":true,"href":"https:\/\/greekbloom.com\/index.php\/wp-json\/wp\/v2\/comments?post=29050"}],"version-history":[{"count":1,"href":"https:\/\/greekbloom.com\/index.php\/wp-json\/wp\/v2\/product\/29050\/revisions"}],"predecessor-version":[{"id":29123,"href":"https:\/\/greekbloom.com\/index.php\/wp-json\/wp\/v2\/product\/29050\/revisions\/29123"}],"wp:featuredmedia":[{"embeddable":true,"href":"https:\/\/greekbloom.com\/index.php\/wp-json\/wp\/v2\/media\/29122"}],"wp:attachment":[{"href":"https:\/\/greekbloom.com\/index.php\/wp-json\/wp\/v2\/media?parent=29050"}],"wp:term":[{"taxonomy":"product_brand","embeddable":true,"href":"https:\/\/greekbloom.com\/index.php\/wp-json\/wp\/v2\/product_brand?post=29050"},{"taxonomy":"product_cat","embeddable":true,"href":"https:\/\/greekbloom.com\/index.php\/wp-json\/wp\/v2\/product_cat?post=29050"},{"taxonomy":"product_tag","embeddable":true,"href":"https:\/\/greekbloom.com\/index.php\/wp-json\/wp\/v2\/product_tag?post=29050"}],"curies":[{"name":"wp","href":"https:\/\/api.w.org\/{rel}","templated":true}]}}