{"id":29049,"date":"2026-02-17T12:18:23","date_gmt":"2026-02-17T12:18:23","guid":{"rendered":"https:\/\/greekbloom.mano-serveris.eu\/?post_type=product&#038;p=29049"},"modified":"2026-03-23T10:45:36","modified_gmt":"2026-03-23T10:45:36","slug":"uncle-yiannis-grillet-auberginepure-480-g","status":"publish","type":"product","link":"https:\/\/greekbloom.com\/index.php\/product\/uncle-yiannis-grillet-auberginepure-480-g\/","title":{"rendered":"Uncle Yiannis \u2013 Grillet auberginepur\u00e9 \u2013 480 g"},"content":{"rendered":"<p data-start=\"124\" data-end=\"340\">En smakfull og naturlig <strong data-start=\"148\" data-end=\"165\">auberginepur\u00e9<\/strong> laget av grillede auberginer etter tradisjonell gresk oppskrift. <strong data-start=\"231\" data-end=\"248\">Uncle Yiannis<\/strong> kombinerer enkelhet og ekte smak \u2013 perfekt som dip, p\u00e5legg eller base i middelhavsretter.<\/p>\n<p data-start=\"342\" data-end=\"498\">Den r\u00f8kte smaken fra grillede auberginer gir en autentisk og fyldig smak som passer utmerket til kj\u00f8tt, fisk, gr\u00f8nnsaker eller som en del av et meze-bord.<\/p>\n<ul data-start=\"500\" data-end=\"691\">\n<li data-start=\"500\" data-end=\"576\">\n<p data-start=\"502\" data-end=\"576\"><strong data-start=\"502\" data-end=\"519\">Ingredienser:<\/strong> Grillede auberginer, olivenolje, salt, sitron, hvitl\u00f8k<\/p>\n<\/li>\n<li data-start=\"577\" data-end=\"598\">\n<p data-start=\"579\" data-end=\"598\"><strong data-start=\"579\" data-end=\"590\">Mengde:<\/strong> 480 g<\/p>\n<\/li>\n<li data-start=\"599\" data-end=\"626\">\n<p data-start=\"601\" data-end=\"626\"><strong data-start=\"601\" data-end=\"617\">Opprinnelse:<\/strong> Hellas<\/p>\n<\/li>\n<li data-start=\"627\" data-end=\"691\">\n<p data-start=\"629\" data-end=\"691\"><strong data-start=\"629\" data-end=\"648\">Serveringstips:<\/strong> Nyt kald som dip eller varm som tilbeh\u00f8r<\/p>\n<\/li>\n<\/ul>\n<p data-start=\"693\" data-end=\"770\">Et ekte gresk delikatesseprodukt \u2013 sunt, smakfullt og laget med kj\u00e6rlighet.<\/p>\n","protected":false},"excerpt":{"rendered":"<p>En smakfull og naturlig auberginepur\u00e9 laget av grillede auberginer etter tradisjonell gresk oppskrift. Uncle Yiannis kombinerer enkelhet og ekte smak<\/p>\n","protected":false},"featured_media":29120,"comment_status":"open","ping_status":"closed","template":"","meta":[],"product_brand":[],"product_cat":[82],"product_tag":[],"class_list":{"0":"post-29049","1":"product","2":"type-product","3":"status-publish","4":"has-post-thumbnail","6":"product_cat-syltede-gronnsaker","8":"first","9":"instock","10":"shipping-taxable","11":"purchasable","12":"product-type-simple"},"aioseo_notices":[],"_links":{"self":[{"href":"https:\/\/greekbloom.com\/index.php\/wp-json\/wp\/v2\/product\/29049","targetHints":{"allow":["GET"]}}],"collection":[{"href":"https:\/\/greekbloom.com\/index.php\/wp-json\/wp\/v2\/product"}],"about":[{"href":"https:\/\/greekbloom.com\/index.php\/wp-json\/wp\/v2\/types\/product"}],"replies":[{"embeddable":true,"href":"https:\/\/greekbloom.com\/index.php\/wp-json\/wp\/v2\/comments?post=29049"}],"version-history":[{"count":1,"href":"https:\/\/greekbloom.com\/index.php\/wp-json\/wp\/v2\/product\/29049\/revisions"}],"predecessor-version":[{"id":29121,"href":"https:\/\/greekbloom.com\/index.php\/wp-json\/wp\/v2\/product\/29049\/revisions\/29121"}],"wp:featuredmedia":[{"embeddable":true,"href":"https:\/\/greekbloom.com\/index.php\/wp-json\/wp\/v2\/media\/29120"}],"wp:attachment":[{"href":"https:\/\/greekbloom.com\/index.php\/wp-json\/wp\/v2\/media?parent=29049"}],"wp:term":[{"taxonomy":"product_brand","embeddable":true,"href":"https:\/\/greekbloom.com\/index.php\/wp-json\/wp\/v2\/product_brand?post=29049"},{"taxonomy":"product_cat","embeddable":true,"href":"https:\/\/greekbloom.com\/index.php\/wp-json\/wp\/v2\/product_cat?post=29049"},{"taxonomy":"product_tag","embeddable":true,"href":"https:\/\/greekbloom.com\/index.php\/wp-json\/wp\/v2\/product_tag?post=29049"}],"curies":[{"name":"wp","href":"https:\/\/api.w.org\/{rel}","templated":true}]}}