{"id":29047,"date":"2026-02-17T12:18:23","date_gmt":"2026-02-17T12:18:23","guid":{"rendered":"https:\/\/greekbloom.mano-serveris.eu\/?post_type=product&#038;p=29047"},"modified":"2026-02-17T12:18:49","modified_gmt":"2026-02-17T12:18:49","slug":"loumides-papagalos-gresk-kaffe-tradisjonell-194-g","status":"publish","type":"product","link":"https:\/\/greekbloom.com\/index.php\/product\/loumides-papagalos-gresk-kaffe-tradisjonell-194-g\/","title":{"rendered":"Loumides Papagalos \u2013 Gresk kaffe (tradisjonell) \u2013 194 g"},"content":{"rendered":"<p data-start=\"133\" data-end=\"416\">Opplev den autentiske smaken av Hellas med <strong data-start=\"176\" data-end=\"198\">Loumides Papagalos<\/strong>, den klassiske <strong data-start=\"214\" data-end=\"231\">greske kaffen<\/strong> som har v\u00e6rt elsket av grekere siden 1920. Laget av 100 % n\u00f8ye utvalgte arabicab\u00f8nner, gir den en fyldig aroma, rik smak og et perfekt skum \u2013 akkurat slik ekte gresk kaffe skal v\u00e6re.<\/p>\n<p data-start=\"418\" data-end=\"506\">Kaffen males ekstra fint for tradisjonell tilberedning i <strong data-start=\"475\" data-end=\"484\">briki<\/strong> (gresk kaffekjele).<\/p>\n<ul data-start=\"508\" data-end=\"660\">\n<li data-start=\"508\" data-end=\"553\">\n<p data-start=\"510\" data-end=\"553\"><strong data-start=\"510\" data-end=\"527\">Ingredienser:<\/strong> 100 % malt arabicakaffe<\/p>\n<\/li>\n<li data-start=\"554\" data-end=\"575\">\n<p data-start=\"556\" data-end=\"575\"><strong data-start=\"556\" data-end=\"567\">Mengde:<\/strong> 194 g<\/p>\n<\/li>\n<li data-start=\"576\" data-end=\"603\">\n<p data-start=\"578\" data-end=\"603\"><strong data-start=\"578\" data-end=\"594\">Opprinnelse:<\/strong> Hellas<\/p>\n<\/li>\n<li data-start=\"604\" data-end=\"660\">\n<p data-start=\"606\" data-end=\"660\"><strong data-start=\"606\" data-end=\"623\">Tilberedning:<\/strong> Egnet for gresk\/tyrkisk kaffekjele<\/p>\n<\/li>\n<\/ul>\n<p data-start=\"662\" data-end=\"743\">Et ikonisk gresk produkt som bringer kaf\u00e9f\u00f8lelsen fra Hellas rett hjem til deg!<\/p>\n","protected":false},"excerpt":{"rendered":"<p>Opplev den autentiske smaken av Hellas med Loumides Papagalos, den klassiske greske kaffen som har v\u00e6rt elsket av grekere siden<\/p>\n","protected":false},"featured_media":29116,"comment_status":"open","ping_status":"closed","template":"","meta":[],"product_brand":[],"product_cat":[83],"product_tag":[],"class_list":{"0":"post-29047","1":"product","2":"type-product","3":"status-publish","4":"has-post-thumbnail","6":"product_cat-kaffe","8":"first","9":"instock","10":"shipping-taxable","11":"purchasable","12":"product-type-simple"},"aioseo_notices":[],"_links":{"self":[{"href":"https:\/\/greekbloom.com\/index.php\/wp-json\/wp\/v2\/product\/29047","targetHints":{"allow":["GET"]}}],"collection":[{"href":"https:\/\/greekbloom.com\/index.php\/wp-json\/wp\/v2\/product"}],"about":[{"href":"https:\/\/greekbloom.com\/index.php\/wp-json\/wp\/v2\/types\/product"}],"replies":[{"embeddable":true,"href":"https:\/\/greekbloom.com\/index.php\/wp-json\/wp\/v2\/comments?post=29047"}],"version-history":[{"count":1,"href":"https:\/\/greekbloom.com\/index.php\/wp-json\/wp\/v2\/product\/29047\/revisions"}],"predecessor-version":[{"id":29117,"href":"https:\/\/greekbloom.com\/index.php\/wp-json\/wp\/v2\/product\/29047\/revisions\/29117"}],"wp:featuredmedia":[{"embeddable":true,"href":"https:\/\/greekbloom.com\/index.php\/wp-json\/wp\/v2\/media\/29116"}],"wp:attachment":[{"href":"https:\/\/greekbloom.com\/index.php\/wp-json\/wp\/v2\/media?parent=29047"}],"wp:term":[{"taxonomy":"product_brand","embeddable":true,"href":"https:\/\/greekbloom.com\/index.php\/wp-json\/wp\/v2\/product_brand?post=29047"},{"taxonomy":"product_cat","embeddable":true,"href":"https:\/\/greekbloom.com\/index.php\/wp-json\/wp\/v2\/product_cat?post=29047"},{"taxonomy":"product_tag","embeddable":true,"href":"https:\/\/greekbloom.com\/index.php\/wp-json\/wp\/v2\/product_tag?post=29047"}],"curies":[{"name":"wp","href":"https:\/\/api.w.org\/{rel}","templated":true}]}}