{"id":29046,"date":"2026-02-17T12:18:23","date_gmt":"2026-02-17T12:18:23","guid":{"rendered":"https:\/\/greekbloom.mano-serveris.eu\/?post_type=product&#038;p=29046"},"modified":"2026-02-17T12:18:49","modified_gmt":"2026-02-17T12:18:49","slug":"onassis-melitzanes-imam-bakte-auberginer-i-olje-280-g","status":"publish","type":"product","link":"https:\/\/greekbloom.com\/index.php\/product\/onassis-melitzanes-imam-bakte-auberginer-i-olje-280-g\/","title":{"rendered":"Onassis Melitzanes Imam \u2013 Bakte auberginer i olje \u2013 280 g"},"content":{"rendered":"<p data-start=\"136\" data-end=\"389\">Opplev ekte gresk smak med <strong data-start=\"163\" data-end=\"190\">Onassis Melitzanes Imam<\/strong>, en tradisjonell rett med <strong data-start=\"217\" data-end=\"237\">bakte auberginer<\/strong> fylt med tomat, l\u00f8k og urter, der alt er tilberedt i olivenolje. En klassiker fra det greske kj\u00f8kkenet \u2013 rik p\u00e5 smak, naturlig og klar til servering.<\/p>\n<p data-start=\"391\" data-end=\"456\">Serveres varm som hovedrett eller kald som del av et meze-bord.<\/p>\n<ul data-start=\"458\" data-end=\"665\">\n<li data-start=\"458\" data-end=\"529\">\n<p data-start=\"460\" data-end=\"529\"><strong data-start=\"460\" data-end=\"477\">Ingredienser:<\/strong> Auberginer, tomater, l\u00f8k, olivenolje, urter, salt<\/p>\n<\/li>\n<li data-start=\"530\" data-end=\"551\">\n<p data-start=\"532\" data-end=\"551\"><strong data-start=\"532\" data-end=\"543\">Mengde:<\/strong> 280 g<\/p>\n<\/li>\n<li data-start=\"552\" data-end=\"579\">\n<p data-start=\"554\" data-end=\"579\"><strong data-start=\"554\" data-end=\"570\">Opprinnelse:<\/strong> Hellas<\/p>\n<\/li>\n<li data-start=\"580\" data-end=\"665\">\n<p data-start=\"582\" data-end=\"665\"><strong data-start=\"582\" data-end=\"601\">Serveringstips:<\/strong> Nyt med ferskt br\u00f8d, ris eller som tilbeh\u00f8r til kj\u00f8tt og fisk<\/p>\n<\/li>\n<\/ul>\n<p data-start=\"667\" data-end=\"740\">En smakfull, vegetarisk delikatesse rett fra Hellas \u2013 klar til \u00e5 nytes!<\/p>\n","protected":false},"excerpt":{"rendered":"<p>Opplev ekte gresk smak med Onassis Melitzanes Imam, en tradisjonell rett med bakte auberginer fylt med tomat, l\u00f8k og urter,<\/p>\n","protected":false},"featured_media":29113,"comment_status":"open","ping_status":"closed","template":"","meta":[],"product_brand":[],"product_cat":[78,82],"product_tag":[],"class_list":{"0":"post-29046","1":"product","2":"type-product","3":"status-publish","4":"has-post-thumbnail","6":"product_cat-annet","7":"product_cat-syltede-gronnsaker","9":"first","10":"instock","11":"shipping-taxable","12":"purchasable","13":"product-type-simple"},"aioseo_notices":[],"_links":{"self":[{"href":"https:\/\/greekbloom.com\/index.php\/wp-json\/wp\/v2\/product\/29046","targetHints":{"allow":["GET"]}}],"collection":[{"href":"https:\/\/greekbloom.com\/index.php\/wp-json\/wp\/v2\/product"}],"about":[{"href":"https:\/\/greekbloom.com\/index.php\/wp-json\/wp\/v2\/types\/product"}],"replies":[{"embeddable":true,"href":"https:\/\/greekbloom.com\/index.php\/wp-json\/wp\/v2\/comments?post=29046"}],"version-history":[{"count":1,"href":"https:\/\/greekbloom.com\/index.php\/wp-json\/wp\/v2\/product\/29046\/revisions"}],"predecessor-version":[{"id":29114,"href":"https:\/\/greekbloom.com\/index.php\/wp-json\/wp\/v2\/product\/29046\/revisions\/29114"}],"wp:featuredmedia":[{"embeddable":true,"href":"https:\/\/greekbloom.com\/index.php\/wp-json\/wp\/v2\/media\/29113"}],"wp:attachment":[{"href":"https:\/\/greekbloom.com\/index.php\/wp-json\/wp\/v2\/media?parent=29046"}],"wp:term":[{"taxonomy":"product_brand","embeddable":true,"href":"https:\/\/greekbloom.com\/index.php\/wp-json\/wp\/v2\/product_brand?post=29046"},{"taxonomy":"product_cat","embeddable":true,"href":"https:\/\/greekbloom.com\/index.php\/wp-json\/wp\/v2\/product_cat?post=29046"},{"taxonomy":"product_tag","embeddable":true,"href":"https:\/\/greekbloom.com\/index.php\/wp-json\/wp\/v2\/product_tag?post=29046"}],"curies":[{"name":"wp","href":"https:\/\/api.w.org\/{rel}","templated":true}]}}