{"id":29039,"date":"2026-02-17T12:18:22","date_gmt":"2026-02-17T12:18:22","guid":{"rendered":"https:\/\/greekbloom.mano-serveris.eu\/?post_type=product&#038;p=29039"},"modified":"2026-02-17T12:18:37","modified_gmt":"2026-02-17T12:18:37","slug":"basilikum-balsamico-krem-250-ml","status":"publish","type":"product","link":"https:\/\/greekbloom.com\/index.php\/product\/basilikum-balsamico-krem-250-ml\/","title":{"rendered":"Basilikum Balsamico Krem \u2013 250 ml"},"content":{"rendered":"<p data-start=\"116\" data-end=\"335\">En fyldig og smakfull <strong data-start=\"138\" data-end=\"170\">balsamico krem med basilikum<\/strong> som gir en frisk og aromatisk smak til dine retter. Perfekt for salater, grillet gr\u00f8nnsaker, kj\u00f8tt, fisk, pasta eller som en delikat topping p\u00e5 ost og bruschetta.<\/p>\n<p data-start=\"337\" data-end=\"469\">Den balanserte kombinasjonen av s\u00f8dme fra balsamico og friskheten fra basilikum gir en unik middelhavssmak som l\u00f8fter enhver rett.<\/p>\n<ul data-start=\"471\" data-end=\"599\">\n<li data-start=\"471\" data-end=\"548\">\n<p data-start=\"473\" data-end=\"548\"><strong data-start=\"473\" data-end=\"488\">Inneholder:<\/strong> Balsamicoeddik, basilikumekstrakt, naturlige ingredienser<\/p>\n<\/li>\n<li data-start=\"549\" data-end=\"571\">\n<p data-start=\"551\" data-end=\"571\"><strong data-start=\"551\" data-end=\"562\">Mengde:<\/strong> 250 ml<\/p>\n<\/li>\n<li data-start=\"572\" data-end=\"599\">\n<p data-start=\"574\" data-end=\"599\"><strong data-start=\"574\" data-end=\"590\">Opprinnelse:<\/strong> Hellas<\/p>\n<\/li>\n<\/ul>\n<p data-start=\"601\" data-end=\"653\">Et must for alle som elsker ekte middelhavssmaker!<\/p>\n","protected":false},"excerpt":{"rendered":"<p>En fyldig og smakfull balsamico krem med basilikum som gir en frisk og aromatisk smak til dine retter. Perfekt for<\/p>\n","protected":false},"featured_media":29080,"comment_status":"open","ping_status":"closed","template":"","meta":[],"product_brand":[],"product_cat":[77],"product_tag":[],"class_list":{"0":"post-29039","1":"product","2":"type-product","3":"status-publish","4":"has-post-thumbnail","6":"product_cat-olivenolje-og-eddik","8":"first","9":"instock","10":"shipping-taxable","11":"purchasable","12":"product-type-simple"},"aioseo_notices":[],"_links":{"self":[{"href":"https:\/\/greekbloom.com\/index.php\/wp-json\/wp\/v2\/product\/29039","targetHints":{"allow":["GET"]}}],"collection":[{"href":"https:\/\/greekbloom.com\/index.php\/wp-json\/wp\/v2\/product"}],"about":[{"href":"https:\/\/greekbloom.com\/index.php\/wp-json\/wp\/v2\/types\/product"}],"replies":[{"embeddable":true,"href":"https:\/\/greekbloom.com\/index.php\/wp-json\/wp\/v2\/comments?post=29039"}],"version-history":[{"count":1,"href":"https:\/\/greekbloom.com\/index.php\/wp-json\/wp\/v2\/product\/29039\/revisions"}],"predecessor-version":[{"id":29081,"href":"https:\/\/greekbloom.com\/index.php\/wp-json\/wp\/v2\/product\/29039\/revisions\/29081"}],"wp:featuredmedia":[{"embeddable":true,"href":"https:\/\/greekbloom.com\/index.php\/wp-json\/wp\/v2\/media\/29080"}],"wp:attachment":[{"href":"https:\/\/greekbloom.com\/index.php\/wp-json\/wp\/v2\/media?parent=29039"}],"wp:term":[{"taxonomy":"product_brand","embeddable":true,"href":"https:\/\/greekbloom.com\/index.php\/wp-json\/wp\/v2\/product_brand?post=29039"},{"taxonomy":"product_cat","embeddable":true,"href":"https:\/\/greekbloom.com\/index.php\/wp-json\/wp\/v2\/product_cat?post=29039"},{"taxonomy":"product_tag","embeddable":true,"href":"https:\/\/greekbloom.com\/index.php\/wp-json\/wp\/v2\/product_tag?post=29039"}],"curies":[{"name":"wp","href":"https:\/\/api.w.org\/{rel}","templated":true}]}}