{"id":29038,"date":"2026-02-17T12:18:22","date_gmt":"2026-02-17T12:18:22","guid":{"rendered":"https:\/\/greekbloom.mano-serveris.eu\/?post_type=product&#038;p=29038"},"modified":"2026-02-17T12:18:36","modified_gmt":"2026-02-17T12:18:36","slug":"ilios-kritharaki-orzo-stor-type-500-g","status":"publish","type":"product","link":"https:\/\/greekbloom.com\/index.php\/product\/ilios-kritharaki-orzo-stor-type-500-g\/","title":{"rendered":"ILIOS Kritharaki (Orzo) \u2013 Stor type 500 g"},"content":{"rendered":"<p data-start=\"142\" data-end=\"393\">Opplev autentisk gresk smak med <strong data-start=\"174\" data-end=\"207\">ILIOS Kritharaki (Orzo Large)<\/strong> \u2013 en tradisjonell gresk pasta laget av 100 % durumhvete-semolina. Formen minner om store riskorn og passer perfekt i supper, ovnsretter, gryter eller som tilbeh\u00f8r til kj\u00f8tt og sj\u00f8mat.<\/p>\n<ul data-start=\"395\" data-end=\"522\">\n<li data-start=\"395\" data-end=\"442\">\n<p data-start=\"397\" data-end=\"442\"><strong data-start=\"397\" data-end=\"414\">Ingredienser:<\/strong> 100 % durumhvete-semolina<\/p>\n<\/li>\n<li data-start=\"443\" data-end=\"474\">\n<p data-start=\"445\" data-end=\"474\"><strong data-start=\"445\" data-end=\"457\">Koketid:<\/strong> 17\u201318 minutter<\/p>\n<\/li>\n<li data-start=\"475\" data-end=\"494\">\n<p data-start=\"477\" data-end=\"494\"><strong data-start=\"477\" data-end=\"486\">Vekt:<\/strong> 500 g<\/p>\n<\/li>\n<li data-start=\"495\" data-end=\"522\">\n<p data-start=\"497\" data-end=\"522\"><strong data-start=\"497\" data-end=\"513\">Opprinnelse:<\/strong> Hellas<\/p>\n<\/li>\n<\/ul>\n<p data-start=\"524\" data-end=\"637\">Et must i det greske kj\u00f8kken \u2013 ideell for retter som <em data-start=\"577\" data-end=\"588\">giouvetsi<\/em> eller som base i kreative middelhavsoppskrifter.<\/p>\n","protected":false},"excerpt":{"rendered":"<p>Opplev autentisk gresk smak med ILIOS Kritharaki (Orzo Large) \u2013 en tradisjonell gresk pasta laget av 100 % durumhvete-semolina. Formen<\/p>\n","protected":false},"featured_media":29078,"comment_status":"open","ping_status":"closed","template":"","meta":[],"product_brand":[],"product_cat":[80],"product_tag":[],"class_list":{"0":"post-29038","1":"product","2":"type-product","3":"status-publish","4":"has-post-thumbnail","6":"product_cat-pasta-og-ris","8":"first","9":"instock","10":"shipping-taxable","11":"purchasable","12":"product-type-simple"},"aioseo_notices":[],"_links":{"self":[{"href":"https:\/\/greekbloom.com\/index.php\/wp-json\/wp\/v2\/product\/29038","targetHints":{"allow":["GET"]}}],"collection":[{"href":"https:\/\/greekbloom.com\/index.php\/wp-json\/wp\/v2\/product"}],"about":[{"href":"https:\/\/greekbloom.com\/index.php\/wp-json\/wp\/v2\/types\/product"}],"replies":[{"embeddable":true,"href":"https:\/\/greekbloom.com\/index.php\/wp-json\/wp\/v2\/comments?post=29038"}],"version-history":[{"count":1,"href":"https:\/\/greekbloom.com\/index.php\/wp-json\/wp\/v2\/product\/29038\/revisions"}],"predecessor-version":[{"id":29079,"href":"https:\/\/greekbloom.com\/index.php\/wp-json\/wp\/v2\/product\/29038\/revisions\/29079"}],"wp:featuredmedia":[{"embeddable":true,"href":"https:\/\/greekbloom.com\/index.php\/wp-json\/wp\/v2\/media\/29078"}],"wp:attachment":[{"href":"https:\/\/greekbloom.com\/index.php\/wp-json\/wp\/v2\/media?parent=29038"}],"wp:term":[{"taxonomy":"product_brand","embeddable":true,"href":"https:\/\/greekbloom.com\/index.php\/wp-json\/wp\/v2\/product_brand?post=29038"},{"taxonomy":"product_cat","embeddable":true,"href":"https:\/\/greekbloom.com\/index.php\/wp-json\/wp\/v2\/product_cat?post=29038"},{"taxonomy":"product_tag","embeddable":true,"href":"https:\/\/greekbloom.com\/index.php\/wp-json\/wp\/v2\/product_tag?post=29038"}],"curies":[{"name":"wp","href":"https:\/\/api.w.org\/{rel}","templated":true}]}}