{"id":29037,"date":"2026-02-17T12:18:22","date_gmt":"2026-02-17T12:18:22","guid":{"rendered":"https:\/\/greekbloom.mano-serveris.eu\/?post_type=product&#038;p=29037"},"modified":"2026-02-17T12:18:35","modified_gmt":"2026-02-17T12:18:35","slug":"ilios-little-dinosaurs-pasta-barnepasta-med-dinosaurformer","status":"publish","type":"product","link":"https:\/\/greekbloom.com\/index.php\/product\/ilios-little-dinosaurs-pasta-barnepasta-med-dinosaurformer\/","title":{"rendered":"Ilios Little Dinosaurs Pasta \u2013 Barnepasta med dinosaurformer"},"content":{"rendered":"<p data-start=\"73\" data-end=\"349\">Gj\u00f8r m\u00e5ltidene morsomme og smakfulle med <strong data-start=\"114\" data-end=\"146\">Ilios Little Dinosaurs Pasta<\/strong>! Denne barnepastaen kommer i s\u00f8te dinosaurformer som barna vil elske. Laget av 100 % durumhvete, den er b\u00e5de n\u00e6ringsrik og enkel \u00e5 tilberede \u2013 perfekt til travle hverdager eller lekne familiemiddager.<\/p>\n<p data-start=\"351\" data-end=\"464\">Server den med tomatsaus, ost, sm\u00f8r eller som en del av en kreativ pastasalat \u2013 fantasien setter ingen grenser!<\/p>\n<p data-start=\"466\" data-end=\"613\"><strong data-start=\"469\" data-end=\"489\">Perfekt for barn<\/strong><br data-start=\"489\" data-end=\"492\" \/><strong data-start=\"495\" data-end=\"524\">Laget av 100 % durumhvete<\/strong><br data-start=\"524\" data-end=\"527\" \/><strong data-start=\"530\" data-end=\"542\">Koketid:<\/strong> 8\u201310 minutter<br data-start=\"556\" data-end=\"559\" \/><strong data-start=\"564\" data-end=\"580\">Opprinnelse:<\/strong> Hellas<br data-start=\"587\" data-end=\"590\" \/><strong data-start=\"593\" data-end=\"605\">Innhold:<\/strong> 500 g<\/p>\n<p data-start=\"615\" data-end=\"683\" data-is-last-node=\"\" data-is-only-node=\"\">En morsom og sunn m\u00e5te \u00e5 introdusere barna til ekte gresk matkultur!<\/p>\n","protected":false},"excerpt":{"rendered":"<p>Gj\u00f8r m\u00e5ltidene morsomme og smakfulle med Ilios Little Dinosaurs Pasta! Denne barnepastaen kommer i s\u00f8te dinosaurformer som barna vil elske.<\/p>\n","protected":false},"featured_media":29076,"comment_status":"open","ping_status":"closed","template":"","meta":[],"product_brand":[],"product_cat":[80],"product_tag":[],"class_list":{"0":"post-29037","1":"product","2":"type-product","3":"status-publish","4":"has-post-thumbnail","6":"product_cat-pasta-og-ris","8":"first","9":"instock","10":"shipping-taxable","11":"purchasable","12":"product-type-simple"},"aioseo_notices":[],"_links":{"self":[{"href":"https:\/\/greekbloom.com\/index.php\/wp-json\/wp\/v2\/product\/29037","targetHints":{"allow":["GET"]}}],"collection":[{"href":"https:\/\/greekbloom.com\/index.php\/wp-json\/wp\/v2\/product"}],"about":[{"href":"https:\/\/greekbloom.com\/index.php\/wp-json\/wp\/v2\/types\/product"}],"replies":[{"embeddable":true,"href":"https:\/\/greekbloom.com\/index.php\/wp-json\/wp\/v2\/comments?post=29037"}],"version-history":[{"count":1,"href":"https:\/\/greekbloom.com\/index.php\/wp-json\/wp\/v2\/product\/29037\/revisions"}],"predecessor-version":[{"id":29077,"href":"https:\/\/greekbloom.com\/index.php\/wp-json\/wp\/v2\/product\/29037\/revisions\/29077"}],"wp:featuredmedia":[{"embeddable":true,"href":"https:\/\/greekbloom.com\/index.php\/wp-json\/wp\/v2\/media\/29076"}],"wp:attachment":[{"href":"https:\/\/greekbloom.com\/index.php\/wp-json\/wp\/v2\/media?parent=29037"}],"wp:term":[{"taxonomy":"product_brand","embeddable":true,"href":"https:\/\/greekbloom.com\/index.php\/wp-json\/wp\/v2\/product_brand?post=29037"},{"taxonomy":"product_cat","embeddable":true,"href":"https:\/\/greekbloom.com\/index.php\/wp-json\/wp\/v2\/product_cat?post=29037"},{"taxonomy":"product_tag","embeddable":true,"href":"https:\/\/greekbloom.com\/index.php\/wp-json\/wp\/v2\/product_tag?post=29037"}],"curies":[{"name":"wp","href":"https:\/\/api.w.org\/{rel}","templated":true}]}}