{"id":29036,"date":"2026-02-17T12:18:22","date_gmt":"2026-02-17T12:18:22","guid":{"rendered":"https:\/\/greekbloom.mano-serveris.eu\/?post_type=product&#038;p=29036"},"modified":"2026-02-17T12:18:34","modified_gmt":"2026-02-17T12:18:34","slug":"melissa-pasta-kids-500-g-paw-patrol","status":"publish","type":"product","link":"https:\/\/greekbloom.com\/index.php\/product\/melissa-pasta-kids-500-g-paw-patrol\/","title":{"rendered":"Melissa Pasta Kids \u2013 500 g Paw Patrol"},"content":{"rendered":"<p data-start=\"44\" data-end=\"338\">Gj\u00f8r middagen morsom med <strong data-start=\"69\" data-end=\"102\">Melissa Pasta Kids Paw Patrol<\/strong>! Denne pastavarianten er formet som de popul\u00e6re karakterene fra Paw Patrol og gj\u00f8r det g\u00f8y for barna \u00e5 spise sunt. Laget av 100 % durumhvete, den holder formen perfekt etter koking og smaker deilig med b\u00e5de tomatsaus, ost eller sm\u00f8r.<\/p>\n<p data-start=\"340\" data-end=\"404\">Perfekt til sm\u00e5 eventyrere som elsker Chase, Marshall og Skye!<\/p>\n<p data-start=\"406\" data-end=\"553\"><strong data-start=\"409\" data-end=\"428\">Ideell for barn<\/strong><br data-start=\"428\" data-end=\"431\" \/><strong data-start=\"434\" data-end=\"463\">Laget av 100 % durumhvete<\/strong><br data-start=\"463\" data-end=\"466\" \/><strong data-start=\"469\" data-end=\"481\">Koketid:<\/strong> 10\u201311 minutter<br data-start=\"496\" data-end=\"499\" \/><strong data-start=\"504\" data-end=\"520\">Opprinnelse:<\/strong> Hellas<br data-start=\"527\" data-end=\"530\" \/><strong data-start=\"533\" data-end=\"545\">Innhold:<\/strong> 500 g<\/p>\n<p data-start=\"555\" data-end=\"646\" data-is-last-node=\"\" data-is-only-node=\"\">En morsom og n\u00e6ringsrik pastaglede for hele familien \u2013 med ekte gresk kvalitet fra Melissa!<\/p>\n","protected":false},"excerpt":{"rendered":"<p>Gj\u00f8r middagen morsom med Melissa Pasta Kids Paw Patrol! Denne pastavarianten er formet som de popul\u00e6re karakterene fra Paw Patrol<\/p>\n","protected":false},"featured_media":29074,"comment_status":"open","ping_status":"closed","template":"","meta":[],"product_brand":[],"product_cat":[80],"product_tag":[],"class_list":{"0":"post-29036","1":"product","2":"type-product","3":"status-publish","4":"has-post-thumbnail","6":"product_cat-pasta-og-ris","8":"first","9":"instock","10":"shipping-taxable","11":"purchasable","12":"product-type-simple"},"aioseo_notices":[],"_links":{"self":[{"href":"https:\/\/greekbloom.com\/index.php\/wp-json\/wp\/v2\/product\/29036","targetHints":{"allow":["GET"]}}],"collection":[{"href":"https:\/\/greekbloom.com\/index.php\/wp-json\/wp\/v2\/product"}],"about":[{"href":"https:\/\/greekbloom.com\/index.php\/wp-json\/wp\/v2\/types\/product"}],"replies":[{"embeddable":true,"href":"https:\/\/greekbloom.com\/index.php\/wp-json\/wp\/v2\/comments?post=29036"}],"version-history":[{"count":1,"href":"https:\/\/greekbloom.com\/index.php\/wp-json\/wp\/v2\/product\/29036\/revisions"}],"predecessor-version":[{"id":29075,"href":"https:\/\/greekbloom.com\/index.php\/wp-json\/wp\/v2\/product\/29036\/revisions\/29075"}],"wp:featuredmedia":[{"embeddable":true,"href":"https:\/\/greekbloom.com\/index.php\/wp-json\/wp\/v2\/media\/29074"}],"wp:attachment":[{"href":"https:\/\/greekbloom.com\/index.php\/wp-json\/wp\/v2\/media?parent=29036"}],"wp:term":[{"taxonomy":"product_brand","embeddable":true,"href":"https:\/\/greekbloom.com\/index.php\/wp-json\/wp\/v2\/product_brand?post=29036"},{"taxonomy":"product_cat","embeddable":true,"href":"https:\/\/greekbloom.com\/index.php\/wp-json\/wp\/v2\/product_cat?post=29036"},{"taxonomy":"product_tag","embeddable":true,"href":"https:\/\/greekbloom.com\/index.php\/wp-json\/wp\/v2\/product_tag?post=29036"}],"curies":[{"name":"wp","href":"https:\/\/api.w.org\/{rel}","templated":true}]}}