{"id":29032,"date":"2026-02-17T12:18:21","date_gmt":"2026-02-17T12:18:21","guid":{"rendered":"https:\/\/greekbloom.mano-serveris.eu\/?post_type=product&#038;p=29032"},"modified":"2026-02-17T12:18:29","modified_gmt":"2026-02-17T12:18:29","slug":"okologisk-kretisk-extra-virgin-olivenolje-sitia-lasithiou-kriti-p-d-o-500ml","status":"publish","type":"product","link":"https:\/\/greekbloom.com\/index.php\/product\/okologisk-kretisk-extra-virgin-olivenolje-sitia-lasithiou-kriti-p-d-o-500ml\/","title":{"rendered":"\u00d8kologisk kretisk extra virgin olivenolje \u2013 Sitia Lasithiou Kriti P.D.O. 500ml"},"content":{"rendered":"<p data-start=\"0\" data-end=\"324\">Opplev den autentiske smaken av Kreta med v\u00e5r prisbel\u00f8nte \u00f8kologiske extra virgin olivenolje. Hentet eksklusivt fra den solrike regionen <strong>Sitia, Lasithi p\u00e5 Kreta,<\/strong> b\u00e6rer denne premium olivenoljen den prestisjefylte betegnelsen <strong>\u00abBeskyttet opprinnelsesbetegnelse\u00bb (P.D.O.)<\/strong>, som garanterer dens opprinnelse, kvalitet og ekthet.<\/p>\n<p data-start=\"326\" data-end=\"576\">Kaldpresset fra n\u00f8ye utvalgte \u00f8kologiske oliven bevarer oljen sine naturlige aromaer, rike fruktige smak og silkemyke tekstur. Den balanserte kombinasjonen av mild bitterhet og krydrede toner gj\u00f8r den perfekt b\u00e5de til hverdagsbruk og gourmetretter.<\/p>\n<p data-start=\"578\" data-end=\"874\">Rik p\u00e5 antioksidanter og sunne fettsyrer er v\u00e5r olivenolje ikke bare deilig, men ogs\u00e5 et naturlig valg for en sunn livsstil. Enten den dryppes over friske salater, serveres med br\u00f8d, eller brukes til \u00e5 l\u00f8fte dine favorittretter fra Middelhavet, bringer den essensen av Kreta rett til ditt bord.<\/p>\n<p data-start=\"1035\" data-end=\"1153\">\u2714<strong> 100 % \u00f8kologisk<\/strong><br data-start=\"1053\" data-end=\"1056\" \/><strong>\u2714 P.D.O.-sertifisert \u2013 Sitia Lasithiou Kriti<\/strong><br data-start=\"1102\" data-end=\"1105\" \/><strong>\u2714 Kaldpresset<\/strong><br data-start=\"1125\" data-end=\"1128\" \/><strong>\u2714 Produkt fra Hellas<\/strong><\/p>\n<p data-start=\"1155\" data-end=\"1179\"><strong>Flaskest\u00f8rrelse<\/strong>: 500 ml<\/p>\n","protected":false},"excerpt":{"rendered":"<p>Opplev den autentiske smaken av Kreta med v\u00e5r prisbel\u00f8nte \u00f8kologiske extra virgin olivenolje. Hentet eksklusivt fra den solrike regionen Sitia,<\/p>\n","protected":false},"featured_media":29065,"comment_status":"open","ping_status":"closed","template":"","meta":[],"product_brand":[],"product_cat":[77],"product_tag":[],"class_list":{"0":"post-29032","1":"product","2":"type-product","3":"status-publish","4":"has-post-thumbnail","6":"product_cat-olivenolje-og-eddik","8":"first","9":"instock","10":"shipping-taxable","11":"purchasable","12":"product-type-simple"},"aioseo_notices":[],"_links":{"self":[{"href":"https:\/\/greekbloom.com\/index.php\/wp-json\/wp\/v2\/product\/29032","targetHints":{"allow":["GET"]}}],"collection":[{"href":"https:\/\/greekbloom.com\/index.php\/wp-json\/wp\/v2\/product"}],"about":[{"href":"https:\/\/greekbloom.com\/index.php\/wp-json\/wp\/v2\/types\/product"}],"replies":[{"embeddable":true,"href":"https:\/\/greekbloom.com\/index.php\/wp-json\/wp\/v2\/comments?post=29032"}],"version-history":[{"count":1,"href":"https:\/\/greekbloom.com\/index.php\/wp-json\/wp\/v2\/product\/29032\/revisions"}],"predecessor-version":[{"id":29066,"href":"https:\/\/greekbloom.com\/index.php\/wp-json\/wp\/v2\/product\/29032\/revisions\/29066"}],"wp:featuredmedia":[{"embeddable":true,"href":"https:\/\/greekbloom.com\/index.php\/wp-json\/wp\/v2\/media\/29065"}],"wp:attachment":[{"href":"https:\/\/greekbloom.com\/index.php\/wp-json\/wp\/v2\/media?parent=29032"}],"wp:term":[{"taxonomy":"product_brand","embeddable":true,"href":"https:\/\/greekbloom.com\/index.php\/wp-json\/wp\/v2\/product_brand?post=29032"},{"taxonomy":"product_cat","embeddable":true,"href":"https:\/\/greekbloom.com\/index.php\/wp-json\/wp\/v2\/product_cat?post=29032"},{"taxonomy":"product_tag","embeddable":true,"href":"https:\/\/greekbloom.com\/index.php\/wp-json\/wp\/v2\/product_tag?post=29032"}],"curies":[{"name":"wp","href":"https:\/\/api.w.org\/{rel}","templated":true}]}}