{"id":29753,"date":"2026-03-23T19:20:48","date_gmt":"2026-03-23T19:20:48","guid":{"rendered":"https:\/\/greekbloom.mano-serveris.eu\/?page_id=29753"},"modified":"2026-03-23T19:20:49","modified_gmt":"2026-03-23T19:20:49","slug":"refusjons-og-returpolicy","status":"publish","type":"page","link":"https:\/\/greekbloom.com\/index.php\/refusjons-og-returpolicy\/","title":{"rendered":"Refusjons- og returpolicy"},"content":{"rendered":"\n<h2 class=\"wp-block-heading\">Oversikt<\/h2>\n\n\n\n<p>V\u00e5re refusjons- og returregler gjelder i 30 dager. Hvis det har g\u00e5tt 30 dager siden kj\u00f8pet, kan vi ikke tilby full refusjon eller bytte.<\/p>\n\n\n\n<p>For \u00e5 v\u00e6re kvalifisert for retur m\u00e5 varen v\u00e6re ubrukt og i samme stand som du mottok den. Den m\u00e5 ogs\u00e5 v\u00e6re i originalemballasjen.<\/p>\n\n\n\n<p>Flere typer varer er unntatt fra retur. Lettbedervelige varer som mat, blomster, aviser eller blader kan ikke returneres. Vi godtar heller ikke produkter som er intime eller hygieneartikler, farlige materialer eller brennbare v\u00e6sker eller gasser.<\/p>\n\n\n\n<p><strong>Ytterligere varer som ikke kan returneres:<\/strong><\/p>\n\n\n\n<p>Gavekort<\/p>\n\n\n\n<ul class=\"wp-block-list\">\n<li>For \u00e5 fullf\u00f8re returen trenger vi kvittering eller kj\u00f8psbevis.<\/li>\n\n\n\n<li>Ikke send kj\u00f8pet tilbake til produsenten.<\/li>\n\n\n\n<li>Det finnes visse situasjoner der kun delvis refusjon gis:<\/li>\n\n\n\n<li>Enhver vare som ikke er i original stand, er skadet eller mangler deler av \u00e5rsaker som ikke skyldes v\u00e5r feil.<\/li>\n\n\n\n<li>Alle varer som returneres mer enn 30 dager etter levering<\/li>\n<\/ul>\n\n\n\n<h2 class=\"wp-block-heading\">Refusjoner<\/h2>\n\n\n\n<p>N\u00e5r returen din er mottatt og inspisert, sender vi deg en e-post for \u00e5 varsle deg om at vi har mottatt den returnerte varen. Vi vil ogs\u00e5 varsle deg om godkjenning eller avslag p\u00e5 refusjonen din.<\/p>\n\n\n\n<p>Hvis du blir godkjent, vil refusjonen din bli behandlet, og en kreditt vil automatisk bli lagt til kredittkortet ditt eller den opprinnelige betalingsm\u00e5ten innen et visst antall dager.<\/p>\n\n\n\n<h3 class=\"wp-block-heading\">Forsinkede eller manglende refusjoner<\/h3>\n\n\n\n<p>Hvis du ikke har mottatt refusjon enn\u00e5, m\u00e5 du f\u00f8rst sjekke bankkontoen din p\u00e5 nytt.<\/p>\n\n\n\n<p>Kontakt deretter kredittkortselskapet ditt. Det kan ta litt tid f\u00f8r refusjonen offisielt er registrert.<\/p>\n\n\n\n<p>Kontakt deretter banken din. Det er ofte litt behandlingstid f\u00f8r en refusjon er registrert.<\/p>\n\n\n\n<p>Hvis du har gjort alt dette og fortsatt ikke har mottatt refusjonen din, kan du kontakte oss p\u00e5 kontakt@greekbloom.com.<\/p>\n\n\n\n<h3 class=\"wp-block-heading\">Salgsvarer<\/h3>\n\n\n\n<p>Kun varer til ordin\u00e6r pris kan refunderes. Salgsvarer kan ikke refunderes.<\/p>\n\n\n\n<h2 class=\"wp-block-heading\">Utvekslinger<\/h2>\n\n\n\n<p>Vi erstatter kun varer dersom de er defekte eller skadede. Hvis du trenger \u00e5 bytte den mot den samme varen, kan du sende oss en e-post p\u00e5 kontakt@greekbloom.com og sende varen til: Ulvenveien 79, Oslo, Norge.<\/p>\n\n\n\n<h2 class=\"wp-block-heading\">Gaver<\/h2>\n\n\n\n<p>Hvis varen var merket som en gave da den ble kj\u00f8pt og sendt direkte til deg, vil du motta en gavekreditt tilsvarende verdien av returen. N\u00e5r den returnerte varen er mottatt, vil et gavekort bli sendt til deg i posten.<\/p>\n\n\n\n<p>Hvis varen ikke var merket som en gave da den ble kj\u00f8pt, eller hvis gavegiveren fikk bestillingen sendt til seg selv for \u00e5 gi den til deg senere, vil vi sende en refusjon til gavegiveren, og de vil finne ut om returen din.<\/p>\n\n\n\n<h2 class=\"wp-block-heading\">Retur frakt<\/h2>\n\n\n\n<p>For \u00e5 returnere produktet, b\u00f8r du sende det til: Ulvenveien 79, Oslo, Norge.<\/p>\n\n\n\n<p>Du er ansvarlig for \u00e5 betale dine egne fraktkostnader for retur av varen. Fraktkostnader refunderes ikke. Hvis du mottar refusjon, vil kostnadene for returfrakt bli trukket fra refusjonen.<\/p>\n\n\n\n<p>Avhengig av hvor du bor, kan tiden det tar f\u00f8r det byttede produktet kommer frem til deg variere.<\/p>\n\n\n\n<p>Hvis du returnerer dyrere varer, kan du vurdere \u00e5 bruke en sporbar frakttjeneste eller kj\u00f8pe fraktforsikring. Vi garanterer ikke at vi vil motta den returnerte varen.<\/p>\n\n\n\n<h2 class=\"wp-block-heading\">Trenger du hjelp?<\/h2>\n\n\n\n<p>Kontakt oss p\u00e5 kontakt@greekbloom.com hvis du har sp\u00f8rsm\u00e5l om refusjon og retur.<\/p>\n","protected":false},"excerpt":{"rendered":"<p>Oversikt V\u00e5re refusjons- og returregler gjelder i 30 dager. Hvis det har g\u00e5tt 30 dager siden kj\u00f8pet, kan vi ikke<\/p>\n","protected":false},"author":1,"featured_media":0,"parent":0,"menu_order":0,"comment_status":"closed","ping_status":"closed","template":"","meta":{"footnotes":""},"class_list":["post-29753","page","type-page","status-publish","hentry"],"aioseo_notices":[],"_links":{"self":[{"href":"https:\/\/greekbloom.com\/index.php\/wp-json\/wp\/v2\/pages\/29753","targetHints":{"allow":["GET"]}}],"collection":[{"href":"https:\/\/greekbloom.com\/index.php\/wp-json\/wp\/v2\/pages"}],"about":[{"href":"https:\/\/greekbloom.com\/index.php\/wp-json\/wp\/v2\/types\/page"}],"author":[{"embeddable":true,"href":"https:\/\/greekbloom.com\/index.php\/wp-json\/wp\/v2\/users\/1"}],"replies":[{"embeddable":true,"href":"https:\/\/greekbloom.com\/index.php\/wp-json\/wp\/v2\/comments?post=29753"}],"version-history":[{"count":1,"href":"https:\/\/greekbloom.com\/index.php\/wp-json\/wp\/v2\/pages\/29753\/revisions"}],"predecessor-version":[{"id":29754,"href":"https:\/\/greekbloom.com\/index.php\/wp-json\/wp\/v2\/pages\/29753\/revisions\/29754"}],"wp:attachment":[{"href":"https:\/\/greekbloom.com\/index.php\/wp-json\/wp\/v2\/media?parent=29753"}],"curies":[{"name":"wp","href":"https:\/\/api.w.org\/{rel}","templated":true}]}}