{"id":29751,"date":"2026-03-23T19:20:20","date_gmt":"2026-03-23T19:20:20","guid":{"rendered":"https:\/\/greekbloom.mano-serveris.eu\/?page_id=29751"},"modified":"2026-03-23T19:20:21","modified_gmt":"2026-03-23T19:20:21","slug":"vilkar-for-bruk","status":"publish","type":"page","link":"https:\/\/greekbloom.com\/index.php\/vilkar-for-bruk\/","title":{"rendered":"Vilk\u00e5r for bruk"},"content":{"rendered":"\n<p><strong>OVERSIKT<\/strong><\/p>\n\n\n\n<p>Dette nettstedet drives av Greek Bloom AS. Gjennom hele nettstedet refererer begrepene \u00abvi\u00bb, \u00aboss\u00bb og \u00abv\u00e5r\u00bb til Greek Bloom AS. Greek Bloom AS tilbyr dette nettstedet, inkludert all informasjon, verkt\u00f8y og tjenester som er tilgjengelige fra dette nettstedet til deg, brukeren, forutsatt at du godtar alle vilk\u00e5r, betingelser, retningslinjer og merknader som er angitt her.<\/p>\n\n\n\n<p>Ved \u00e5 bes\u00f8ke nettstedet v\u00e5rt og\/eller kj\u00f8pe noe fra oss, bruker du v\u00e5r \u00abtjeneste\u00bb og samtykker i \u00e5 v\u00e6re bundet av f\u00f8lgende vilk\u00e5r og betingelser<br>(\u00abTjenestevilk\u00e5r\u00bb, \u00abVilk\u00e5r\u00bb), inkludert de ytterligere vilk\u00e5rene og retningslinjene som det refereres til her og\/eller er tilgjengelige via hyperkobling. Disse tjenestevilk\u00e5rene gjelder for alle brukere av nettstedet, inkludert, men ikke begrenset til, brukere som er nettlesere, leverand\u00f8rer, kunder, selgere og\/eller bidragsytere til<br>innhold.<\/p>\n\n\n\n<p>Les disse tjenestevilk\u00e5rene n\u00f8ye f\u00f8r du g\u00e5r inn p\u00e5 eller bruker nettstedet v\u00e5rt. Ved \u00e5 g\u00e5 inn p\u00e5 eller bruke noen del av nettstedet, samtykker du i \u00e5 v\u00e6re bundet av<br>disse tjenestevilk\u00e5rene. Hvis du ikke godtar alle vilk\u00e5rene i denne avtalen, kan du ikke f\u00e5 tilgang til nettstedet eller bruke noen tjenester. Hvis disse tjenestevilk\u00e5rene anses som et tilbud, er aksept uttrykkelig begrenset til disse tjenestevilk\u00e5rene.<\/p>\n\n\n\n<p>Alle nye funksjoner eller verkt\u00f8y som legges til den n\u00e5v\u00e6rende butikken, skal ogs\u00e5 v\u00e6re underlagt tjenestevilk\u00e5rene. Du kan n\u00e5r som helst se gjennom den nyeste versjonen av tjenestevilk\u00e5rene p\u00e5 denne siden. Vi forbeholder oss retten til \u00e5 oppdatere, endre eller erstatte deler av disse tjenestevilk\u00e5rene ved \u00e5 legge ut oppdateringer og\/eller endringer p\u00e5 nettstedet v\u00e5rt. Det er ditt ansvar \u00e5 sjekke denne siden med jevne mellomrom for endringer. Din fortsatte bruk av eller tilgang til nettstedet etter at eventuelle endringer er lagt ut, utgj\u00f8r aksept av disse endringene.<\/p>\n\n\n\n<p><strong>DEL 1 \u2013 VILK\u00c5R FOR NETTBUTIKK<br><\/strong>Ved \u00e5 godta disse tjenestevilk\u00e5rene, erkl\u00e6rer du at du er minst myndig i din bostedsstat eller -provins, eller at du er myndig i din bostedsstat eller -provins, og at du har gitt oss ditt samtykke til \u00e5 la noen av dine mindre\u00e5rige p\u00e5r\u00f8rende bruke dette nettstedet. Du har ikke lov til \u00e5 bruke produktene v\u00e5re til ulovlige eller uautoriserte form\u00e5l, og du har heller ikke lover i din jurisdiksjon ved bruk av Tjenesten (inkludert, men ikke begrenset til, lover om opphavsrett).<\/p>\n\n\n\n<p>Du har ikke lov til \u00e5 overf\u00f8re ormer, virus eller kode av destruktiv art.<\/p>\n\n\n\n<p>Brudd p\u00e5 noen av Vilk\u00e5rene vil f\u00f8re til umiddelbar oppsigelse av Tjenestene dine.<\/p>\n\n\n\n<p><strong>DEL 2 \u2013 GENERELLE VILK\u00c5R<br><\/strong>Vi forbeholder oss retten til \u00e5 nekte tjenesten til hvem som helst, uansett grunn, n\u00e5r som helst.<\/p>\n\n\n\n<p>Du forst\u00e5r at innholdet ditt (ikke inkludert kredittkortinformasjon) kan overf\u00f8res ukryptert og involvere (a) overf\u00f8ringer over ulike nettverk; og (b) endringer for \u00e5 tilpasse seg tekniske krav til tilkoblede nettverk eller enheter. Kredittkortinformasjon er alltid kryptert under overf\u00f8ring over nettverk.<\/p>\n\n\n\n<p>Du samtykker i \u00e5 ikke reprodusere, duplisere, kopiere, selge, videreselge eller utnytte noen del av Tjenesten, bruk av Tjenesten eller tilgang til Tjenesten eller noen kontakt p\u00e5 nettstedet som Tjenesten leveres gjennom, uten uttrykkelig skriftlig tillatelse fra oss.<br>Overskriftene som brukes i denne avtalen er kun inkludert for enkelhets skyld og vil ikke begrense eller p\u00e5 annen m\u00e5te p\u00e5virke disse vilk\u00e5rene.<\/p>\n\n\n\n<p><strong>DEL 3 \u2013 N\u00d8YAKTIGHET, FULLSTENDIGHET OG AKTUALITET AV INFORMASJON<br><\/strong>Vi er ikke ansvarlige dersom informasjonen som er tilgjengelig p\u00e5 dette nettstedet ikke er n\u00f8yaktig, fullstendig eller oppdatert. Materialet p\u00e5 dette nettstedet er kun ment som generell informasjon og b\u00f8r ikke brukes som eneste grunnlag for \u00e5 ta beslutninger uten \u00e5 konsultere prim\u00e6re, mer n\u00f8yaktige, mer fullstendige eller mer aktuelle informasjonskilder. Enhver tillit til materialet p\u00e5 dette nettstedet skjer p\u00e5 egen risiko.<br>Dette nettstedet kan inneholde visse historiske opplysninger. Historisk informasjon er n\u00f8dvendigvis ikke oppdatert og er kun ment som referanse. Vi forbeholder oss retten til \u00e5 endre innholdet p\u00e5 dette nettstedet n\u00e5r som helst, men vi har ingen forpliktelse til \u00e5 oppdatere informasjon p\u00e5 nettstedet v\u00e5rt. Du samtykker i at det er ditt ansvar \u00e5 overv\u00e5ke endringer p\u00e5 nettstedet v\u00e5rt.<\/p>\n\n\n\n<p><strong>DEL 4 \u2013 ENDRINGER I TJENESTEN OG PRISER<br><\/strong>Prisene p\u00e5 produktene v\u00e5re kan endres uten varsel.<br>Vi forbeholder oss retten til n\u00e5r som helst \u00e5 endre eller avvikle Tjenesten (eller deler av eller innhold derav) uten varsel.<br>Vi er ikke ansvarlige overfor deg eller noen tredjepart for endringer, prisendringer, suspensjoner eller avvikling av Tjenesten.<\/p>\n\n\n\n<p><strong>DEL 5 \u2013 PRODUKTER ELLER TJENESTER (hvis aktuelt)<br><\/strong>Visse produkter eller tjenester kan v\u00e6re tilgjengelige utelukkende p\u00e5 nett via nettstedet. Disse produktene eller tjenestene kan ha begrensede mengder og kan kun returneres eller byttes i henhold til v\u00e5r returpolicy.<br>Vi har gjort v\u00e5rt ytterste for \u00e5 vise fargene og bildene s\u00e5 n\u00f8yaktig som mulig. av produktene v\u00e5re som vises i butikken. Vi kan ikke garantere at dataskjermens visning av noen farge vil v\u00e6re n\u00f8yaktig.<br>Vi forbeholder oss retten, men er ikke forpliktet, til \u00e5 begrense salget av v\u00e5re produkter eller tjenester til enhver person, geografisk region eller jurisdiksjon. Vi kan<br>ut\u00f8ve denne retten fra sak til sak. Vi forbeholder oss retten til \u00e5 begrense mengdene av produkter eller tjenester vi tilbyr. Alle beskrivelser av<br>produkter eller produktpriser kan endres n\u00e5r som helst uten varsel, etter v\u00e5rt eget skj\u00f8nn. Vi forbeholder oss retten til \u00e5 avvikle ethvert produkt<br>n\u00e5r som helst. Ethvert tilbud om et produkt eller en tjeneste som gis p\u00e5 dette nettstedet er ugyldig der det er forbudt.<\/p>\n\n\n\n<p>Vi garanterer ikke at kvaliteten p\u00e5 produkter, tjenester, informasjon eller annet materiale som er kj\u00f8pt eller innhentet av deg, vil oppfylle dine forventninger,<br>eller at eventuelle feil i tjenesten vil bli rettet.<\/p>\n\n\n\n<p>DEL 6 \u2013 N\u00d8YAKTIGHET AV FAKTURERINGS- OG KONTOINFORMASJON<br>Vi forbeholder oss retten til \u00e5 nekte enhver bestilling du legger inn hos oss. Vi kan, etter eget skj\u00f8nn, begrense eller kansellere mengder kj\u00f8pt per person, per<br>husholdning eller per bestilling. Disse restriksjonene kan omfatte bestillinger lagt inn av eller under samme kundekonto, samme kredittkort og\/eller bestillinger som bruker samme fakturerings- og\/eller leveringsadresse. Dersom vi endrer eller kansellerer en bestilling, kan vi fors\u00f8ke \u00e5 varsle deg ved \u00e5 kontakte e-postadressen og\/eller faktureringsadressen\/telefonnummeret som ble oppgitt da bestillingen ble lagt inn. Vi forbeholder oss retten til \u00e5 begrense eller forby bestillinger som, etter v\u00e5r egen vurdering, ser ut til \u00e5 v\u00e6re lagt inn av forhandlere, videreselgere eller distribut\u00f8rer.<\/p>\n\n\n\n<p>Du samtykker i \u00e5 oppgi oppdatert, fullstendig og n\u00f8yaktig kj\u00f8ps- og kontoinformasjon for alle kj\u00f8p gjort i butikken v\u00e5r. Du samtykker i \u00e5 umiddelbart oppdatere kontoen din og annen informasjon, inkludert e-postadressen din og kredittkortnumrene dine og utl\u00f8psdatoene dine, slik at vi kan fullf\u00f8re transaksjonene dine og kontakte deg etter behov.<\/p>\n\n\n\n<p>For mer informasjon, vennligst se v\u00e5r returpolicy.<\/p>\n\n\n\n<p><strong>DEL 7 \u2013 VALGFRITT VERKT\u00d8Y<br><\/strong>Vi kan gi deg tilgang til tredjepartsverkt\u00f8y som vi verken overv\u00e5ker eller har noen kontroll eller innflytelse over. Du erkjenner og samtykker i at vi gir tilgang til slike verkt\u00f8y \u00absom de er\u00bb og \u00absom tilgjengelige\u00bb uten noen garantier, representasjoner eller betingelser av noe slag og uten noen godkjenning. Vi har intet ansvar som f\u00f8lge av eller i forbindelse med din bruk av valgfrie tredjepartsverkt\u00f8y.<\/p>\n\n\n\n<p>Enhver bruk av de valgfrie verkt\u00f8yene som tilbys gjennom nettstedet, skjer helt p\u00e5 egen risiko og etter eget skj\u00f8nn, og du b\u00f8r s\u00f8rge for at du er kjent med og godkjenner vilk\u00e5rene som verkt\u00f8yene leveres p\u00e5 av den\/de relevante tredjepartsleverand\u00f8ren(e).<\/p>\n\n\n\n<p>Vi kan ogs\u00e5 i fremtiden tilby nye tjenester og\/eller funksjoner gjennom nettstedet (inkludert utgivelse av nye verkt\u00f8y og ressurser). Slike nye funksjoner og\/eller tjenester skal ogs\u00e5 v\u00e6re underlagt disse tjenestevilk\u00e5rene.<\/p>\n\n\n\n<p><strong>DEL 8 \u2013 LENKER FRA TREDJEPARTER<br><\/strong>Visse typer innhold, produkter og tjenester som er tilgjengelige via tjenesten v\u00e5r, kan inneholde materiale fra tredjeparter.<\/p>\n\n\n\n<p>Lenker fra tredjeparter p\u00e5 dette nettstedet kan lede deg til tredjepartsnettsteder som ikke er tilknyttet oss. Vi er ikke ansvarlige for \u00e5 unders\u00f8ke eller evaluere innholdet eller n\u00f8yaktigheten, og vi garanterer ikke for og vil ikke ha noe ansvar for tredjepartsmaterialer eller nettsteder, eller for annet materiale, produkter eller tjenester fra tredjeparter.<\/p>\n\n\n\n<p>Vi er ikke ansvarlige for skade eller tap knyttet til kj\u00f8p eller bruk av varer, tjenester, ressurser, innhold eller andre transaksjoner gjort i forbindelse med tredjepartsnettsteder. Vennligst gjennomg\u00e5 n\u00f8ye tredjepartens retningslinjer og praksis, og s\u00f8rg for at du forst\u00e5r dem f\u00f8r du<br>tilknytter deg til tredjepartsnettsteder. Vennligst gjennomg\u00e5 n\u00f8ye tredjepartens retningslinjer og praksis, og s\u00f8rg for at du forst\u00e5r dem f\u00f8r du foretar noen transaksjon. Klager, krav, bekymringer eller sp\u00f8rsm\u00e5l ang\u00e5ende tredjepartsprodukter skal rettes til tredjeparten.<\/p>\n\n\n\n<p><strong>DEL 9 \u2013 BRUKERKOMMENTARER, TILBAKEMELDINGER OG ANDRE INNSENDINGER<br><\/strong>Hvis du p\u00e5 v\u00e5r foresp\u00f8rsel sender inn spesifikke bidrag (for eksempel konkurransebidrag), eller uten foresp\u00f8rsel fra oss sender inn kreative ideer, forslag, planer eller annet materiale, enten det er p\u00e5 nett, via e-post, vanlig post eller p\u00e5 annen m\u00e5te (samlet kalt \u00abkommentarer\u00bb), samtykker du i at vi n\u00e5r som helst, uten begrensninger, kan redigere, kopiere, publisere, distribuere, oversette og p\u00e5 annen m\u00e5te bruke kommentarer du sender oss i ethvert medium. Vi er og skal ikke v\u00e6re forpliktet til (1) \u00e5 behandle kommentarer konfidensielt, (2) \u00e5 betale kompensasjon for kommentarer, eller (3) \u00e5 svare p\u00e5 kommentarer.<br>Vi kan, men er ikke forpliktet til, \u00e5 overv\u00e5ke, redigere eller fjerne innhold som vi etter eget skj\u00f8nn anser som ulovlig, st\u00f8tende, truende, injurierende, \u00e6rekrenkende, pornografisk, obsk\u00f8nt eller p\u00e5 annen m\u00e5te upassende, eller som krenker noen parts immaterielle rettigheter eller disse tjenestevilk\u00e5rene.<br>Du samtykker i at kommentarene dine ikke vil krenke noen rettighet til noen. tredjepartsrettigheter, inkludert opphavsrett, varemerkerettigheter, personvernrettigheter, personvernrettigheter eller andre personlige eller eiendomsrettigheter. Du samtykker videre i at kommentarene dine ikke skal inneholde injurierende eller p\u00e5 annen m\u00e5te ulovlig, forn\u00e6rmende eller obsk\u00f8nt materiale, eller inneholde datavirus eller annen skadelig programvare som p\u00e5 noen m\u00e5te kan p\u00e5virke driften av Tjenesten eller et relatert nettsted. Du kan ikke bruke en falsk e-postadresse, late som du er noen andre enn deg selv, eller p\u00e5 annen m\u00e5te villede oss eller tredjeparter om opprinnelsen til kommentarer. Du er eneansvarlig for eventuelle kommentarer du legger ut og deres n\u00f8yaktighet. Vi tar intet ansvar for kommentarer som legges ut av deg eller noen tredjepart.<\/p>\n\n\n\n<p><strong>DEL 10 \u2013 PERSONLIG INFORMASJON<br><\/strong>Din innsending av personlig informasjon gjennom butikken er underlagt v\u00e5r personvernerkl\u00e6ring.<\/p>\n\n\n\n<p><strong>DEL 11 \u2013 FEIL, UN\u00d8YAKTIGHET OG UTELATELSER<br><\/strong>Av og til kan det v\u00e6re informasjon p\u00e5 nettstedet v\u00e5rt eller i Tjenesten som inneholder typografiske feil, un\u00f8yaktigheter eller utelatelser som kan relateres til<br>produktbeskrivelser, priser, kampanjer, tilbud, produktfraktkostnader, transporttider og tilgjengelighet. Vi forbeholder oss retten til \u00e5 korrigere eventuelle feil,<br>un\u00f8yaktigheter eller utelatelser, og til \u00e5 endre eller oppdatere informasjon eller kansellere bestillinger hvis informasjon i Tjenesten eller p\u00e5 et relatert nettsted er un\u00f8yaktig<br>n\u00e5r som helst uten forvarsel (inkludert etter at du har sendt inn bestillingen din).<br>Vi p\u00e5tar oss ingen forpliktelse til \u00e5 oppdatere, endre eller avklare informasjon i Tjenesten eller p\u00e5 et relatert nettsted, inkludert, men ikke begrenset til, prisinformasjon,<br>med unntak av det som kreves av loven. Ingen spesifisert oppdaterings- eller oppdateringsdato som brukes i Tjenesten eller p\u00e5 et relatert nettsted, skal tolkes som \u00e5 indikere<br>at all informasjon i Tjenesten eller p\u00e5 et relatert nettsted har blitt endret eller oppdatert.<\/p>\n\n\n\n<p><strong>DEL 12 \u2013 FORBUDT BRUK<br><\/strong>I tillegg til andre forbud som angitt i tjenestevilk\u00e5rene, er det forbudt \u00e5 bruke nettstedet eller dets innhold:<br>(a) til ulovlige form\u00e5l; (b) \u00e5 oppfordre andre til \u00e5 utf\u00f8re eller delta i ulovlige handlinger; (c) \u00e5 bryte internasjonale, f\u00f8derale, provinsielle eller statlige<br>forskrifter, regler, lover eller lokale forordninger; (d) \u00e5 krenke eller bryte v\u00e5re immaterielle rettigheter eller andres immaterielle rettigheter; (e)<br>\u00e5 trakassere, misbruke, forn\u00e6rme, skade, \u00e6rekrenke, baktale, nedvurdere, skremme eller diskriminere basert p\u00e5 kj\u00f8nn, seksuell legning, religion, etnisitet, rase, alder,<br>nasjonal opprinnelse eller funksjonshemming; (f) \u00e5 sende inn falsk eller villedende informasjon;<br>(g) \u00e5 laste opp eller overf\u00f8re virus eller annen type ondsinnet kode som vil eller kan bli brukt p\u00e5 noen m\u00e5te som vil p\u00e5virke funksjonaliteten eller driften av<br>Tjenesten eller et relatert nettsted, andre nettsteder eller Internett; (h) \u00e5 samle inn eller spore andres personopplysninger; (i) \u00e5 bruke spam, phishing, pharma,<br>pretext, spider, crawl eller scrape; (j) for ethvert obsk\u00f8nt eller umoralsk form\u00e5l; eller (k) \u00e5 forstyrre eller omg\u00e5 sikkerhetsfunksjonene til Tjenesten eller et<br>relatert nettsted, andre nettsteder eller Internett. Vi forbeholder oss retten til \u00e5 avslutte din bruk av Tjenesten eller et<br>relatert nettsted for brudd p\u00e5 noen av de<br>forbudte bruksomr\u00e5dene.<\/p>\n\n\n\n<p><strong>DEL 13 \u2013 ANSVARSFRASKRIVELSE; ANSVARSBEGRENSNING<br><\/strong>Vi garanterer ikke, erkl\u00e6rer eller garanterer at din bruk av tjenesten v\u00e5r vil v\u00e6re uavbrutt, rettidig, sikker eller feilfri.<br>Vi garanterer ikke at resultatene som kan oppn\u00e5s ved bruk av tjenesten vil v\u00e6re n\u00f8yaktige eller p\u00e5litelige.<br>Du samtykker i at vi fra tid til annen kan fjerne tjenesten p\u00e5 ubestemt tid eller kansellere tjenesten n\u00e5r som helst, uten varsel til deg.<br>Du samtykker uttrykkelig i at din bruk av, eller manglende evne til \u00e5 bruke, tjenesten er p\u00e5 din egen risiko. Tjenesten og alle produkter og tjenester som leveres til deg gjennom tjenesten leveres (med unntak av det som uttrykkelig er angitt av oss) \u00absom de er\u00bb og \u00absom tilgjengelige\u00bb for din bruk, uten noen form for representasjon, garantier eller betingelser, verken uttrykte eller underforst\u00e5tte, inkludert alle underforst\u00e5tte garantier eller betingelser for salgbarhet, salgbar kvalitet, egnethet for et bestemt form\u00e5l, holdbarhet, eierskap og ikke-krenkelse. Greek Bloom AS, v\u00e5re direkt\u00f8rer, ledere, ansatte, tilknyttede selskaper, agenter, entrepren\u00f8rer, praktikanter, leverand\u00f8rer, tjenesteleverand\u00f8rer eller lisensgivere skal ikke under noen omstendigheter v\u00e6re ansvarlige for skade, tap, krav eller direkte, indirekte, tilfeldige, straffende, spesielle eller f\u00f8lgeskader av noe slag, inkludert, uten begrensning, tapt fortjeneste, tapte inntekter, tapte besparelser, tap av data, erstatningskostnader eller lignende skader, enten basert p\u00e5 kontrakt, erstatningsansvar (inkludert uaktsomhet), objektivt ansvar eller annet, som f\u00f8lge av din bruk av tjenesten eller produkter anskaffet ved hjelp av tjenesten, eller for andre krav knyttet p\u00e5 noen m\u00e5te til din bruk av tjenesten eller et produkt, inkludert, men ikke begrenset til, feil eller utelatelser i innhold, eller tap eller skade av noe slag som f\u00f8lge av bruk av tjenesten eller innhold (eller produkt) som er lagt ut, overf\u00f8rt, eller p\u00e5 annen m\u00e5te gjort tilgjengelig via tjenesten, selv om vi er informert om muligheten for dette.<\/p>\n\n\n\n<p>Fordi noen stater eller jurisdiksjoner ikke tillater utelukkelse eller begrensning av ansvar for f\u00f8lgeskader eller tilfeldige skader, skal v\u00e5rt ansvar i slike stater eller<br>jurisdiksjoner v\u00e6re begrenset til den maksimale grad loven tillater.<\/p>\n\n\n\n<p><strong>DEL 14 \u2013 SKADESL\u00d8SHOLDELSE<br><\/strong>Du samtykker i \u00e5 skadesl\u00f8sholde, forsvare og holde Greek Bloom AS og v\u00e5rt morselskap, datterselskaper, tilknyttede selskaper, partnere, ledere, styremedlemmer, agenter,<br>kontrakt\u00f8rer, lisensgivere, tjenesteleverand\u00f8rer, underleverand\u00f8rer, leverand\u00f8rer, praktikanter og ansatte skadesl\u00f8se fra ethvert krav eller p\u00e5stand, inkludert rimelige<br>advokatsal\u00e6rer, fremsatt av en tredjepart p\u00e5 grunn av eller som f\u00f8lge av ditt brudd p\u00e5 disse tjenestevilk\u00e5rene eller dokumentene de innlemmer ved referanse,<br>eller ditt brudd p\u00e5 noen lov eller rettighetene til en tredjepart.<\/p>\n\n\n\n<p><strong>DEL 15 \u2013 ATSKRIVELSE<br><\/strong>Dersom noen bestemmelse i disse tjenestevilk\u00e5rene anses \u00e5 v\u00e6re ulovlig, ugyldig eller ikke-h\u00e5ndhevbar, skal en slik bestemmelse likevel v\u00e6re<br>h\u00e5ndhevbar i den grad det er tillatt i henhold til gjeldende lov, og den ikke-h\u00e5ndhevbare delen skal anses \u00e5 v\u00e6re atskilt fra disse tjenestevilk\u00e5rene. En slik bestemmelse skal ikke p\u00e5virke gyldigheten og h\u00e5ndhevbarheten av andre gjenv\u00e6rende bestemmelser.<\/p>\n","protected":false},"excerpt":{"rendered":"<p>OVERSIKT Dette nettstedet drives av Greek Bloom AS. Gjennom hele nettstedet refererer begrepene \u00abvi\u00bb, \u00aboss\u00bb og \u00abv\u00e5r\u00bb til Greek Bloom<\/p>\n","protected":false},"author":1,"featured_media":0,"parent":0,"menu_order":0,"comment_status":"closed","ping_status":"closed","template":"","meta":{"footnotes":""},"class_list":["post-29751","page","type-page","status-publish","hentry"],"aioseo_notices":[],"_links":{"self":[{"href":"https:\/\/greekbloom.com\/index.php\/wp-json\/wp\/v2\/pages\/29751","targetHints":{"allow":["GET"]}}],"collection":[{"href":"https:\/\/greekbloom.com\/index.php\/wp-json\/wp\/v2\/pages"}],"about":[{"href":"https:\/\/greekbloom.com\/index.php\/wp-json\/wp\/v2\/types\/page"}],"author":[{"embeddable":true,"href":"https:\/\/greekbloom.com\/index.php\/wp-json\/wp\/v2\/users\/1"}],"replies":[{"embeddable":true,"href":"https:\/\/greekbloom.com\/index.php\/wp-json\/wp\/v2\/comments?post=29751"}],"version-history":[{"count":1,"href":"https:\/\/greekbloom.com\/index.php\/wp-json\/wp\/v2\/pages\/29751\/revisions"}],"predecessor-version":[{"id":29752,"href":"https:\/\/greekbloom.com\/index.php\/wp-json\/wp\/v2\/pages\/29751\/revisions\/29752"}],"wp:attachment":[{"href":"https:\/\/greekbloom.com\/index.php\/wp-json\/wp\/v2\/media?parent=29751"}],"curies":[{"name":"wp","href":"https:\/\/api.w.org\/{rel}","templated":true}]}}