{"id":29749,"date":"2026-03-23T19:19:53","date_gmt":"2026-03-23T19:19:53","guid":{"rendered":"https:\/\/greekbloom.mano-serveris.eu\/?page_id=29749"},"modified":"2026-03-23T19:19:54","modified_gmt":"2026-03-23T19:19:54","slug":"personvernerklaering","status":"publish","type":"page","link":"https:\/\/greekbloom.com\/index.php\/personvernerklaering\/","title":{"rendered":"Personvernerkl\u00e6ring"},"content":{"rendered":"\n<p>Sist oppdatert: 13. august 2025<\/p>\n\n\n\n<p>Denne personvernerkl\u00e6ringen beskriver v\u00e5re retningslinjer og prosedyrer for innsamling, bruk og utlevering av informasjonen din n\u00e5r du bruker tjenesten, og forteller deg om dine personvernrettigheter og hvordan loven beskytter deg.<\/p>\n\n\n\n<p>Vi bruker dine personopplysninger til \u00e5 tilby og forbedre tjenesten. Ved \u00e5 bruke tjenesten samtykker du i innsamling og bruk av informasjon i samsvar med denne personvernerkl\u00e6ringen. Denne personvernerkl\u00e6ringen er opprettet ved hjelp av den gratis personvernerkl\u00e6ringsgeneratoren.<\/p>\n\n\n\n<h2 class=\"wp-block-heading\">Tolkning og definisjoner<\/h2>\n\n\n\n<h3 class=\"wp-block-heading\">Tolkning<\/h3>\n\n\n\n<p>Ordene der den f\u00f8rste bokstaven er stor har betydninger definert under f\u00f8lgende betingelser. F\u00f8lgende definisjoner skal ha samme betydning uavhengig av om de st\u00e5r i entall eller flertall.<\/p>\n\n\n\n<h3 class=\"wp-block-heading\">Definisjoner<\/h3>\n\n\n\n<p>I denne personvernerkl\u00e6ringen gjelder f\u00f8lgende:<\/p>\n\n\n\n<ul class=\"wp-block-list\">\n<li>Konto betyr en unik konto opprettet for at du skal kunne f\u00e5 tilgang til tjenesten v\u00e5r eller deler av tjenesten v\u00e5r.<\/li>\n\n\n\n<li>Tilknyttet selskap betyr en enhet som kontrollerer, kontrolleres av eller er under felles kontroll med en part, hvor \u00abkontroll\u00bb betyr eierskap til 50 % eller mer av aksjene, eierandelene eller andre verdipapirer som gir rett til \u00e5 stemme ved valg av styremedlemmer eller annen forvaltningsmyndighet.<\/li>\n\n\n\n<li>Selskap (referert til som enten \u00abSelskapet\u00bb, \u00abVi\u00bb, \u00abOss\u00bb eller \u00abV\u00e5r\u00bb i denne avtalen) refererer til Greek Bloom AS, Laval\u00f8kka 8, Hyggen.<\/li>\n\n\n\n<li>Informasjonskapsler er sm\u00e5 filer som plasseres p\u00e5 datamaskinen, mobilenheten eller andre enheter av et nettsted, og som inneholder detaljer om nettleserloggen din p\u00e5 nettstedet blant dets mange bruksomr\u00e5der.<\/li>\n\n\n\n<li>Land refererer til: Norge<\/li>\n\n\n\n<li>Enhet betyr enhver enhet som kan f\u00e5 tilgang til tjenesten, for eksempel en datamaskin, en mobiltelefon eller et digitalt nettbrett.<\/li>\n\n\n\n<li>Personopplysninger er all informasjon som er relatert til en identifisert eller identifiserbar person.<\/li>\n\n\n\n<li>Tjeneste refererer til nettstedet.<\/li>\n\n\n\n<li>Tjenesteleverand\u00f8r betyr enhver fysisk eller juridisk person som behandler dataene p\u00e5 vegne av selskapet. Det refererer til tredjepartsselskaper eller enkeltpersoner ansatt av selskapet for \u00e5 legge til rette for tjenesten, levere tjenesten p\u00e5 vegne av selskapet, utf\u00f8re tjenester relatert til tjenesten eller bist\u00e5 selskapet med \u00e5 analysere hvordan tjenesten brukes.<\/li>\n\n\n\n<li>Bruksdata refererer til data samlet inn automatisk, enten generert ved bruk av tjenesten eller fra selve tjenesteinfrastrukturen (for eksempel varigheten av et sidebes\u00f8k).<\/li>\n\n\n\n<li>Nettsted refererer til Greek Bloom, tilgjengelig fra https:\/\/greekbloom.com\/<\/li>\n\n\n\n<li>Du betyr personen som f\u00e5r tilgang til eller bruker tjenesten, eller selskapet eller annen juridisk enhet som en slik person f\u00e5r tilgang til eller bruker tjenesten p\u00e5 vegne av, alt etter hva som er aktuelt.<\/li>\n<\/ul>\n\n\n\n<h2 class=\"wp-block-heading\">Innsamling og bruk av dine personopplysninger<\/h2>\n\n\n\n<h3 class=\"wp-block-heading\">Typer data som samles inn<\/h3>\n\n\n\n<h4 class=\"wp-block-heading\">Personopplysninger<\/h4>\n\n\n\n<p>N\u00e5r du bruker tjenesten v\u00e5r, kan vi be deg om \u00e5 gi oss visse typer personlig identifiserbar informasjon som kan brukes til \u00e5 kontakte eller identifisere deg. Personlig identifiserbar informasjon kan omfatte, men er ikke begrenset til:<\/p>\n\n\n\n<ul class=\"wp-block-list\">\n<li>E-postadresse<\/li>\n\n\n\n<li>Fornavn og etternavn<\/li>\n\n\n\n<li>Adresse, stat, provins, postnummer, by<\/li>\n\n\n\n<li>Bruksdata<\/li>\n<\/ul>\n\n\n\n<h4 class=\"wp-block-heading\">Bruksdata<\/h4>\n\n\n\n<p>Bruksdata samles inn automatisk n\u00e5r du bruker tjenesten.<\/p>\n\n\n\n<p>Bruksdata kan inkludere informasjon som enhetens IP-adresse (f.eks. IP-adresse), nettlesertype, nettleserversjon, sidene i tjenesten v\u00e5r du bes\u00f8ker, klokkeslett og dato for bes\u00f8ket ditt, tiden brukt p\u00e5 disse sidene, unike enhetsidentifikatorer og andre diagnostiske data.<\/p>\n\n\n\n<p>N\u00e5r du \u00e5pner tjenesten via en mobil enhet, kan vi samle inn visse opplysninger automatisk, inkludert, men ikke begrenset til, typen mobil enhet du bruker, den unike ID-en til mobilenheten din, IP-adressen til mobilenheten din, mobiloperativsystemet ditt, typen mobil nettleser du bruker, unike enhetsidentifikatorer og andre diagnostiske data.<\/p>\n\n\n\n<p>Vi kan ogs\u00e5 samle inn informasjon som nettleseren din sender n\u00e5r du bes\u00f8ker tjenesten v\u00e5r eller n\u00e5r du \u00e5pner tjenesten via en mobil enhet.<\/p>\n\n\n\n<h4 class=\"wp-block-heading\">Sporingsteknologier og informasjonskapsler<\/h4>\n\n\n\n<p>Vi bruker informasjonskapsler og lignende sporingsteknologier for \u00e5 spore aktiviteten p\u00e5 tjenesten v\u00e5r og lagre spesifikk informasjon. Sporingsteknologier som brukes er beacons, tagger og skript for \u00e5 samle inn og spore informasjon og for \u00e5 forbedre og analysere tjenesten v\u00e5r. Teknologiene vi bruker kan omfatte:<\/p>\n\n\n\n<ul class=\"wp-block-list\">\n<li>Informasjonskapsler eller nettleserinformasjonskapsler. En informasjonskapsel er en liten fil som plasseres p\u00e5 enheten din. Du kan instruere nettleseren din til \u00e5 avvise alle informasjonskapsler eller til \u00e5 indikere n\u00e5r en informasjonskapsel sendes. Hvis du imidlertid ikke godtar informasjonskapsler, kan det hende at du ikke kan bruke deler av tjenesten v\u00e5r. Med mindre du har justert nettleserinnstillingene dine slik at den avviser informasjonskapsler, kan tjenesten v\u00e5r bruke informasjonskapsler.<\/li>\n\n\n\n<li>Webbeacons. Enkelte deler av tjenesten v\u00e5r og e-postene v\u00e5re kan inneholde sm\u00e5 elektroniske filer kjent som webbeacons (ogs\u00e5 referert til som clear gifs, pixel tags og single-pixel gifs) som tillater selskapet \u00e5 telle brukere som har bes\u00f8kt disse sidene eller \u00e5pnet en e-post, og for annen relatert nettstedsstatistikk (for eksempel registrering av populariteten til en bestemt seksjon og verifisering av system- og serverintegritet).<\/li>\n<\/ul>\n\n\n\n<p>Informasjonskapsler kan v\u00e6re \u00abvedvarende\u00bb eller \u00ab\u00f8ktinformasjonskapsler\u00bb. Vedvarende informasjonskapsler forblir p\u00e5 din personlige datamaskin eller mobile enhet n\u00e5r du kobler deg fra, mens \u00f8ktinformasjonskapsler slettes s\u00e5 snart du lukker nettleseren din.<\/p>\n\n\n\n<p>Vi bruker b\u00e5de \u00f8ktinformasjonskapsler og permanente informasjonskapsler til form\u00e5lene som er angitt nedenfor:<\/p>\n\n\n\n<ul class=\"wp-block-list\">\n<li>N\u00f8dvendige\/essensielle informasjonskapslerType: \u00d8ktinformasjonskapslerAdministrert av: OssForm\u00e5l: Disse informasjonskapslene er viktige for \u00e5 gi deg tjenester som er tilgjengelige via nettstedet og for \u00e5 gj\u00f8re det mulig for deg \u00e5 bruke noen av funksjonene. De bidrar til \u00e5 autentisere brukere og forhindre uredelig bruk av brukerkontoer. Uten disse informasjonskapslene kan ikke tjenestene du har bedt om leveres, og vi bruker disse informasjonskapslene bare for \u00e5 gi deg disse tjenestene.<\/li>\n\n\n\n<li>Informasjonskapslerpolicy \/ Informasjonskapsler for godkjenning av varslerType: Permanente informasjonskapslerAdministrert av: OssForm\u00e5l: Disse informasjonskapslene identifiserer om brukere har godtatt bruken av informasjonskapsler p\u00e5 nettstedet.<\/li>\n\n\n\n<li>FunksjonalitetsinformasjonskapslerType: Permanente informasjonskapslerAdministrert av: OssForm\u00e5l: Disse informasjonskapslene lar oss huske valgene du tar n\u00e5r du bruker nettstedet, for eksempel \u00e5 huske innloggingsinformasjonen eller spr\u00e5kinnstillingene dine. Form\u00e5let med disse informasjonskapslene er \u00e5 gi deg en mer personlig opplevelse og \u00e5 unng\u00e5 at du m\u00e5 angi preferansene dine p\u00e5 nytt hver gang du bruker nettstedet.<\/li>\n<\/ul>\n\n\n\n<p>For mer informasjon om informasjonskapslene vi bruker og dine valg ang\u00e5ende informasjonskapsler, kan du g\u00e5 til v\u00e5r policy for informasjonskapsler eller informasjonskapsler-delen av v\u00e5r personvernerkl\u00e6ring.<\/p>\n\n\n\n<h3 class=\"wp-block-heading\">Bruk av dine personopplysninger<\/h3>\n\n\n\n<p>Selskapet kan bruke personopplysninger til f\u00f8lgende form\u00e5l:<\/p>\n\n\n\n<ul class=\"wp-block-list\">\n<li>For \u00e5 tilby og vedlikeholde tjenesten v\u00e5r, inkludert \u00e5 overv\u00e5ke bruken av tjenesten v\u00e5r.<\/li>\n\n\n\n<li>For \u00e5 administrere kontoen din: for \u00e5 administrere registreringen din som bruker av tjenesten. Personopplysningene du oppgir kan gi deg tilgang til ulike funksjoner i tjenesten som er tilgjengelige for deg som registrert bruker.<\/li>\n\n\n\n<li>For \u00e5 oppfylle en kontrakt: utvikling, overholdelse og gjennomf\u00f8ring av kj\u00f8pskontrakten for produktene, varene eller tjenestene du har kj\u00f8pt, eller av enhver annen kontrakt med oss \u200b\u200bgjennom tjenesten.<\/li>\n\n\n\n<li>For \u00e5 kontakte deg: For \u00e5 kontakte deg via e-post, telefonsamtaler, SMS eller andre tilsvarende former for elektronisk kommunikasjon, for eksempel en mobilapplikasjons push-varsler ang\u00e5ende oppdateringer eller informativ kommunikasjon knyttet til funksjonalitetene, produktene eller de avtalte tjenestene, inkludert sikkerhetsoppdateringene, n\u00e5r det er n\u00f8dvendig eller rimelig for implementeringen av dem.<\/li>\n\n\n\n<li>For \u00e5 gi deg nyheter, spesialtilbud og generell informasjon om andre varer, tjenester og arrangementer som vi tilbyr som ligner p\u00e5 de du allerede har kj\u00f8pt eller spurt om, med mindre du har valgt \u00e5 ikke motta slik informasjon.<\/li>\n\n\n\n<li>For \u00e5 administrere foresp\u00f8rslene dine: For \u00e5 delta p\u00e5 og administrere foresp\u00f8rslene dine til oss.<\/li>\n\n\n\n<li>For virksomhetsoverf\u00f8ringer: Vi kan bruke informasjonen din til \u00e5 evaluere eller gjennomf\u00f8re en fusjon, avhendelse, restrukturering, omorganisering, oppl\u00f8sning eller annet salg eller overf\u00f8ring av noen av eller alle v\u00e5re eiendeler, enten som en fortsatt drift eller som en del av konkurs, likvidasjon eller lignende prosedyre, der personopplysninger som vi har om v\u00e5re tjenestebrukere er blant de overf\u00f8rte eiendelene.<\/li>\n\n\n\n<li>For andre form\u00e5l: Vi kan bruke informasjonen din til andre form\u00e5l, for eksempel dataanalyse, identifisering av brukstrender, bestemmelse av effektiviteten av v\u00e5re reklamekampanjer og for \u00e5 evaluere og forbedre tjenesten, produktene, tjenestene, markedsf\u00f8ringen og din opplevelse.<\/li>\n<\/ul>\n\n\n\n<p>Vi kan dele dine personopplysninger i f\u00f8lgende situasjoner:<\/p>\n\n\n\n<ul class=\"wp-block-list\">\n<li>Med tjenesteleverand\u00f8rer: Vi kan dele din personlige informasjon med tjenesteleverand\u00f8rer for \u00e5 overv\u00e5ke og analysere bruken av tjenesten v\u00e5r, for \u00e5 kontakte deg.<\/li>\n\n\n\n<li>For forretningsoverf\u00f8ringer: Vi kan dele eller overf\u00f8re din personlige informasjon i forbindelse med, eller under forhandlinger om, enhver fusjon, salg av selskapets eiendeler, finansiering eller oppkj\u00f8p av hele eller deler av v\u00e5r virksomhet til et annet selskap.<\/li>\n\n\n\n<li>Med tilknyttede selskaper: Vi kan dele din informasjon med v\u00e5re tilknyttede selskaper, og i s\u00e5 fall vil vi kreve at disse tilknyttede selskapene overholder denne personvernerkl\u00e6ringen. Tilknyttede selskaper inkluderer v\u00e5rt morselskap og eventuelle andre datterselskaper, joint venture-partnere eller andre selskaper som vi kontrollerer eller som er under felles kontroll med oss.<\/li>\n\n\n\n<li>Med forretningspartnere: Vi kan dele din informasjon med v\u00e5re forretningspartnere for \u00e5 tilby deg visse produkter, tjenester eller kampanjer.<\/li>\n\n\n\n<li>Med andre brukere: N\u00e5r du deler personlig informasjon eller p\u00e5 annen m\u00e5te samhandler i offentlige omr\u00e5der med andre brukere, kan slik informasjon sees av alle brukere og distribueres offentlig utenfor.<\/li>\n\n\n\n<li>Med ditt samtykke: Vi kan utlevere din personlige informasjon til andre form\u00e5l med ditt samtykke.<\/li>\n<\/ul>\n\n\n\n<h3 class=\"wp-block-heading\">Oppbevaring av dine personopplysninger<\/h3>\n\n\n\n<p>Selskapet vil kun oppbevare dine personopplysninger s\u00e5 lenge det er n\u00f8dvendig for form\u00e5lene som er angitt i denne personvernerkl\u00e6ringen. Vi vil oppbevare og bruke dine personopplysninger i den grad det er n\u00f8dvendig for \u00e5 overholde v\u00e5re juridiske forpliktelser (for eksempel hvis vi er p\u00e5lagt \u00e5 oppbevare dine data for \u00e5 overholde gjeldende lover), l\u00f8se tvister og h\u00e5ndheve v\u00e5re juridiske avtaler og retningslinjer.<\/p>\n\n\n\n<p>Selskapet vil ogs\u00e5 oppbevare bruksdata for interne analyseform\u00e5l. Bruksdata oppbevares vanligvis i en kortere periode, unntatt n\u00e5r disse dataene brukes til \u00e5 styrke sikkerheten eller forbedre funksjonaliteten til tjenesten v\u00e5r, eller vi er juridisk forpliktet til \u00e5 oppbevare disse dataene i lengre perioder.<\/p>\n\n\n\n<h3 class=\"wp-block-heading\">Overf\u00f8ring av dine personopplysninger<\/h3>\n\n\n\n<p>Din informasjon, inkludert personopplysninger, behandles ved selskapets driftskontorer og p\u00e5 andre steder der partene som er involvert i behandlingen befinner seg. Det betyr at denne informasjonen kan overf\u00f8res til \u2013 og oppbevares p\u00e5 \u2013 datamaskiner som befinner seg utenfor din stat, provins, land eller annen myndighetsjurisdiksjon der personvernlovgivningen kan avvike fra de i din jurisdiksjon.<\/p>\n\n\n\n<p>Ditt samtykke til denne personvernerkl\u00e6ringen etterfulgt av din innsending av slik informasjon representerer ditt samtykke til denne overf\u00f8ringen.<\/p>\n\n\n\n<p>Selskapet vil ta alle rimelig n\u00f8dvendige skritt for \u00e5 sikre at dine data behandles sikkert og i samsvar med denne personvernerkl\u00e6ringen, og ingen overf\u00f8ring av dine personopplysninger vil finne sted til en organisasjon eller et land med mindre det er tilstrekkelige kontroller p\u00e5 plass, inkludert sikkerheten til dine data og annen personlig informasjon.<\/p>\n\n\n\n<h3 class=\"wp-block-heading\">Slett dine personopplysninger<\/h3>\n\n\n\n<p>Du har rett til \u00e5 slette eller be om at vi hjelper deg med \u00e5 slette personopplysningene vi har samlet inn om deg.<\/p>\n\n\n\n<p>Tjenesten v\u00e5r kan gi deg muligheten til \u00e5 slette visse opplysninger om deg fra tjenesten.<\/p>\n\n\n\n<p>Du kan oppdatere, endre eller slette informasjonen din n\u00e5r som helst ved \u00e5 logge p\u00e5 kontoen din, hvis du har en, og g\u00e5 til kontoinnstillingsdelen som lar deg administrere din personlige informasjon. Du kan ogs\u00e5 kontakte oss for \u00e5 be om tilgang til, korrigere eller slette personlig informasjon du har gitt oss.<\/p>\n\n\n\n<p>V\u00e6r imidlertid oppmerksom p\u00e5 at vi kan m\u00e5tte beholde visse opplysninger n\u00e5r vi har en juridisk forpliktelse eller et lovlig grunnlag for \u00e5 gj\u00f8re det.<\/p>\n\n\n\n<h3 class=\"wp-block-heading\">Utlevering av dine personopplysninger<\/h3>\n\n\n\n<h4 class=\"wp-block-heading\">Forretningstransaksjoner<\/h4>\n\n\n\n<p>Hvis selskapet er involvert i en fusjon, et oppkj\u00f8p eller salg av eiendeler, kan dine personopplysninger bli overf\u00f8rt. Vi vil gi beskjed f\u00f8r dine personopplysninger overf\u00f8res og blir underlagt en annen personvernerkl\u00e6ring.<\/p>\n\n\n\n<h4 class=\"wp-block-heading\">Rettsh\u00e5ndhevelse<\/h4>\n\n\n\n<p>Under visse omstendigheter kan selskapet v\u00e6re p\u00e5lagt \u00e5 utlevere dine personopplysninger dersom det er p\u00e5lagt ved lov eller som svar p\u00e5 gyldige foresp\u00f8rsler fra offentlige myndigheter (f.eks. en domstol eller et offentlig organ).<\/p>\n\n\n\n<h4 class=\"wp-block-heading\">Andre juridiske krav<\/h4>\n\n\n\n<p>Selskapet kan utlevere dine personopplysninger i god tro om at en slik handling er n\u00f8dvendig for \u00e5:<\/p>\n\n\n\n<ul class=\"wp-block-list\">\n<li>Overholde en juridisk forpliktelse<\/li>\n\n\n\n<li>Beskytte og forsvare selskapets rettigheter eller eiendom<\/li>\n\n\n\n<li>Forebygge eller unders\u00f8ke mulige forseelser i forbindelse med tjenesten<\/li>\n\n\n\n<li>Beskytte den personlige sikkerheten til brukere av tjenesten eller offentligheten<\/li>\n\n\n\n<li>Beskytte mot juridisk ansvar<\/li>\n<\/ul>\n\n\n\n<h3 class=\"wp-block-heading\">Sikkerheten til dine personopplysninger<\/h3>\n\n\n\n<p>Sikkerheten til dine personopplysningerSikkerheten til dine personopplysninger er viktig for oss, men husk at ingen overf\u00f8ringsmetode over Internett eller metode for elektronisk lagring er 100 % sikker. Selv om vi streber etter \u00e5 bruke kommersielt akseptable metoder for \u00e5 beskytte dine personopplysninger, kan vi ikke garantere deres absolutte sikkerhet.<\/p>\n\n\n\n<h2 class=\"wp-block-heading\">Barns personvern<\/h2>\n\n\n\n<p>Tjenesten v\u00e5r henvender seg ikke til noen under 13 \u00e5r. Vi samler ikke bevisst inn personlig identifiserbar informasjon fra noen under 13 \u00e5r. Hvis du er forelder eller verge og du er klar over at barnet ditt har gitt oss personopplysninger, kan du kontakte oss. Hvis vi blir klar over at vi har samlet inn personopplysninger fra noen under 13 \u00e5r uten bekreftelse av foreldrenes samtykke, tar vi skritt for \u00e5 fjerne denne informasjonen fra serverne v\u00e5re.<\/p>\n\n\n\n<p>Hvis vi m\u00e5 stole p\u00e5 samtykke som juridisk grunnlag for \u00e5 behandle informasjonen din, og landet ditt krever samtykke fra en forelder, kan vi kreve foreldrenes samtykke f\u00f8r vi samler inn og bruker denne informasjonen.<\/p>\n\n\n\n<h2 class=\"wp-block-heading\">Lenker til andre nettsteder<\/h2>\n\n\n\n<p>Tjenesten v\u00e5r kan inneholde lenker til andre nettsteder som ikke drives av oss. Hvis du klikker p\u00e5 en tredjepartslenke, blir du sendt til den tredjepartens nettsted. Vi anbefaler p\u00e5 det sterkeste at du gjennomg\u00e5r personvernerkl\u00e6ringen for hvert nettsted du bes\u00f8ker.<\/p>\n\n\n\n<p>Vi har ingen kontroll over og p\u00e5tar oss intet ansvar for innholdet, personvernerkl\u00e6ringen eller praksisen til tredjepartsnettsteder eller -tjenester.<\/p>\n\n\n\n<h2 class=\"wp-block-heading\">Endringer i denne personvernerkl\u00e6ringen<\/h2>\n\n\n\n<p>Vi kan oppdatere personvernerkl\u00e6ringen v\u00e5r fra tid til annen. Vi vil varsle deg om eventuelle endringer ved \u00e5 legge ut den nye personvernerkl\u00e6ringen p\u00e5 denne siden.<\/p>\n\n\n\n<p>Vi vil gi deg beskjed via e-post og\/eller en tydelig melding p\u00e5 tjenesten v\u00e5r f\u00f8r endringen trer i kraft, og oppdatere datoen \u00abSist oppdatert\u00bb \u00f8verst i denne personvernerkl\u00e6ringen.<\/p>\n\n\n\n<p>Du anbefales \u00e5 gjennomg\u00e5 denne personvernerkl\u00e6ringen med jevne mellomrom for eventuelle endringer. Endringer i denne personvernerkl\u00e6ringen trer i kraft n\u00e5r de legges ut p\u00e5 denne siden.<\/p>\n\n\n\n<h2 class=\"wp-block-heading\">Kontakt oss<\/h2>\n\n\n\n<p>Hvis du har sp\u00f8rsm\u00e5l om denne personvernerkl\u00e6ringen, kan du kontakte oss:<\/p>\n\n\n\n<p>Via e-post: kontakt@greekbloom.com<\/p>\n","protected":false},"excerpt":{"rendered":"<p>Sist oppdatert: 13. august 2025 Denne personvernerkl\u00e6ringen beskriver v\u00e5re retningslinjer og prosedyrer for innsamling, bruk og utlevering av informasjonen din<\/p>\n","protected":false},"author":1,"featured_media":0,"parent":0,"menu_order":0,"comment_status":"closed","ping_status":"closed","template":"","meta":{"footnotes":""},"class_list":["post-29749","page","type-page","status-publish","hentry"],"aioseo_notices":[],"_links":{"self":[{"href":"https:\/\/greekbloom.com\/index.php\/wp-json\/wp\/v2\/pages\/29749","targetHints":{"allow":["GET"]}}],"collection":[{"href":"https:\/\/greekbloom.com\/index.php\/wp-json\/wp\/v2\/pages"}],"about":[{"href":"https:\/\/greekbloom.com\/index.php\/wp-json\/wp\/v2\/types\/page"}],"author":[{"embeddable":true,"href":"https:\/\/greekbloom.com\/index.php\/wp-json\/wp\/v2\/users\/1"}],"replies":[{"embeddable":true,"href":"https:\/\/greekbloom.com\/index.php\/wp-json\/wp\/v2\/comments?post=29749"}],"version-history":[{"count":1,"href":"https:\/\/greekbloom.com\/index.php\/wp-json\/wp\/v2\/pages\/29749\/revisions"}],"predecessor-version":[{"id":29750,"href":"https:\/\/greekbloom.com\/index.php\/wp-json\/wp\/v2\/pages\/29749\/revisions\/29750"}],"wp:attachment":[{"href":"https:\/\/greekbloom.com\/index.php\/wp-json\/wp\/v2\/media?parent=29749"}],"curies":[{"name":"wp","href":"https:\/\/api.w.org\/{rel}","templated":true}]}}