{"id":29466,"date":"2026-02-17T14:02:50","date_gmt":"2026-02-17T14:02:50","guid":{"rendered":"https:\/\/greekbloom.mano-serveris.eu\/?page_id=29466"},"modified":"2026-03-23T13:33:19","modified_gmt":"2026-03-23T13:33:19","slug":"firmagaver","status":"publish","type":"page","link":"https:\/\/greekbloom.com\/index.php\/firmagaver\/","title":{"rendered":"Firmagaver"},"content":{"rendered":"\t\t<div data-elementor-type=\"wp-page\" data-elementor-id=\"29466\" class=\"elementor elementor-29466\">\n\t\t\t\t<div class=\"wd-negative-gap elementor-element elementor-element-d064b92 e-flex e-con-boxed e-con e-parent\" data-id=\"d064b92\" data-element_type=\"container\" data-e-type=\"container\">\n\t\t\t\t\t<div class=\"e-con-inner\">\n\t\t<div class=\"elementor-element elementor-element-d3d67ba e-con-full e-flex e-con e-child\" data-id=\"d3d67ba\" data-element_type=\"container\" data-e-type=\"container\">\n\t\t\t\t<div class=\"elementor-element elementor-element-3db5842 elementor-widget elementor-widget-wd_text_block\" data-id=\"3db5842\" data-element_type=\"widget\" data-e-type=\"widget\" data-widget_type=\"wd_text_block.default\">\n\t\t\t\t<div class=\"elementor-widget-container\">\n\t\t\t\t\t\t\t<div class=\"wd-text-block reset-last-child text-left\">\n\t\t\t\n\t\t\t<h2 data-path-to-node=\"3\">Autentisk takknemlighet: Hellas\u2019 sjel m\u00f8ter nordisk minimalisme<\/h2><p data-path-to-node=\"4\">I en verden preget av raske beslutninger og digitale grensesnitt, er det de ekte, sanselige opplevelsene som skaper varige b\u00e5nd. Vi har kuratert en eksklusiv kolleksjon av greske firmagaver som forener Middelhavets tidl\u00f8se tradisjoner med en ren, moderne skandinavisk estetikk. V\u00e5r filosofi er enkel: Vi bringer solen, jorden og h\u00e5ndverket fra Hellas direkte til dine viktigste forretningsforbindelser, presentert med en eleganse som reflekterer din bedrifts kompromissl\u00f8se krav til kvalitet.<\/p><p data-path-to-node=\"5\">Hver gave vi leverer er en n\u00f8ye utvalgt fortelling om opprinnelse og renhet. Fra den flytende gulllignende olivenoljen og den aromatiske honningen i v\u00e5re gourmetsett, til de milde, naturlige ingrediensene i v\u00e5re velv\u00e6reritualer \u2013 alt er h\u00e5ndlaget med dyp respekt for naturen. Vi tror at en firmagave skal v\u00e6re mer enn bare en gjenstand; den skal v\u00e6re et uttrykk for ekte omsorg og felles verdier. Derfor legger vi v\u00e5r stolthet i b\u00e6rekraftig emballasje og et minimalistisk designuttrykk som taler lavm\u00e6lt, men selvsikkert om luksus og omtanke.<\/p><p data-path-to-node=\"6\">Som din strategiske partner innen relasjonsbygging, gj\u00f8r vi prosessen s\u00f8ml\u00f8s og personlig. Vi h\u00e5ndterer alle detaljer \u2013 fra konseptutvikling og design til trygg logistikk \u2013 uansett om det gjelder en eksklusiv oppmerksomhet til en n\u00f8kkelkunde eller en omfattende leveranse til ansatte ved \u00e5rets milep\u00e6ler. Ved \u00e5 velge v\u00e5re greske skatter, gir du ikke bare en gave; du gir et \u00f8yeblikk av ro, smak og uforglemmelig kvalitet.<\/p><p data-path-to-node=\"7\"><b data-path-to-node=\"7\" data-index-in-node=\"0\">La oss skape noe unikt sammen. Ta kontakt i dag for en skreddersydd l\u00f8sning som l\u00f8fter deres bedriftsprofil.<\/b><\/p>\n\t\t\t\t\t<\/div>\n\t\t\t\t\t\t<\/div>\n\t\t\t\t<\/div>\n\t\t\t\t<\/div>\n\t\t<div class=\"elementor-element elementor-element-54a544c e-con-full e-flex e-con e-child\" data-id=\"54a544c\" data-element_type=\"container\" data-e-type=\"container\">\n\t\t\t\t<div class=\"elementor-element elementor-element-ff24b85 wd-width-100 elementor-widget elementor-widget-wd_title\" data-id=\"ff24b85\" data-element_type=\"widget\" data-e-type=\"widget\" data-widget_type=\"wd_title.default\">\n\t\t\t\t<div class=\"elementor-widget-container\">\n\t\t\t\t\t\t\t<div class=\"title-wrapper wd-set-mb reset-last-child wd-title-color-default wd-title-style-default wd-title-size-large text-left\">\n\n\t\t\t\n\t\t\t<div class=\"liner-continer\">\n\t\t\t\t<h4 class=\"woodmart-title-container title wd-fontsize-xxl\">Firmagaver med et snev av Hellas<\/h4> \n\t\t\t\t\t\t\t<\/div>\n\n\t\t\t\t\t<\/div>\n\t\t\t\t\t\t<\/div>\n\t\t\t\t<\/div>\n\t\t\t\t<div class=\"elementor-element elementor-element-3c5297d wd-cf7 elementor-widget elementor-widget-wd_contact_form_7\" data-id=\"3c5297d\" data-element_type=\"widget\" data-e-type=\"widget\" data-widget_type=\"wd_contact_form_7.default\">\n\t\t\t\t<div class=\"elementor-widget-container\">\n\t\t\t\t\t\n<div class=\"wpcf7 no-js\" id=\"wpcf7-f1572-o1\" lang=\"en-US\" dir=\"ltr\" data-wpcf7-id=\"1572\">\n<div class=\"screen-reader-response\"><p role=\"status\" aria-live=\"polite\" aria-atomic=\"true\"><\/p> <ul><\/ul><\/div>\n<form action=\"\/index.php\/wp-json\/wp\/v2\/pages\/29466#wpcf7-f1572-o1\" method=\"post\" class=\"wpcf7-form init\" aria-label=\"Contact form\" novalidate=\"novalidate\" data-status=\"init\">\n<fieldset class=\"hidden-fields-container\"><input type=\"hidden\" name=\"_wpcf7\" value=\"1572\" \/><input type=\"hidden\" name=\"_wpcf7_version\" value=\"6.1.5\" \/><input type=\"hidden\" name=\"_wpcf7_locale\" value=\"en_US\" \/><input type=\"hidden\" name=\"_wpcf7_unit_tag\" value=\"wpcf7-f1572-o1\" \/><input type=\"hidden\" name=\"_wpcf7_container_post\" value=\"0\" \/><input type=\"hidden\" name=\"_wpcf7_posted_data_hash\" value=\"\" \/>\n<\/fieldset>\n<div class=\"wd-grid-g\">\n\t<div class=\"wd-grid-f-stretch\">\n\t\t<div class=\"wd-col\">\n\t\t\t<p><label>Ditt navn<\/label><span class=\"wpcf7-form-control-wrap\" data-name=\"your-name\"><input size=\"40\" maxlength=\"400\" class=\"wpcf7-form-control wpcf7-text wpcf7-validates-as-required\" aria-required=\"true\" aria-invalid=\"false\" value=\"\" type=\"text\" name=\"your-name\" \/><\/span>\n\t\t\t<\/p>\n\t\t<\/div>\n\t\t<div class=\"wd-col\">\n\t\t\t<p><label>E-postadressen din<\/label><span class=\"wpcf7-form-control-wrap\" data-name=\"your-email\"><input size=\"40\" maxlength=\"400\" class=\"wpcf7-form-control wpcf7-email wpcf7-validates-as-required wpcf7-text wpcf7-validates-as-email\" aria-required=\"true\" aria-invalid=\"false\" value=\"\" type=\"email\" name=\"your-email\" \/><\/span>\n\t\t\t<\/p>\n\t\t<\/div>\n\t<\/div>\n\t<div class=\"wd-grid-f-stretch\">\n\t\t<div class=\"wd-col\">\n\t\t\t<p><label>Telefonnummer<\/label><span class=\"wpcf7-form-control-wrap\" data-name=\"tel-767\"><input size=\"40\" maxlength=\"400\" class=\"wpcf7-form-control wpcf7-tel wpcf7-text wpcf7-validates-as-tel\" aria-invalid=\"false\" value=\"\" type=\"tel\" name=\"tel-767\" \/><\/span>\n\t\t\t<\/p>\n\t\t<\/div>\n\t\t<div class=\"wd-col\">\n\t\t\t<p><label>Selskap<\/label><span class=\"wpcf7-form-control-wrap\" data-name=\"text-1\"><input size=\"40\" maxlength=\"400\" class=\"wpcf7-form-control wpcf7-text\" aria-invalid=\"false\" value=\"\" type=\"text\" name=\"text-1\" \/><\/span>\n\t\t\t<\/p>\n\t\t<\/div>\n\t<\/div>\n\t<div>\n\t\t<p><label>Meldingen din<\/label><span class=\"wpcf7-form-control-wrap\" data-name=\"your-message\"><textarea cols=\"40\" rows=\"10\" maxlength=\"2000\" class=\"wpcf7-form-control wpcf7-textarea\" aria-invalid=\"false\" name=\"your-message\"><\/textarea><\/span>\n\t\t<\/p>\n\t<\/div>\n\t<div>\n\t\t<p><input class=\"wpcf7-form-control wpcf7-submit has-spinner btn-color-black\" type=\"submit\" value=\"STILL ET SP\u00d8RSM\u00c5L\" \/>\n\t\t<\/p>\n\t<\/div>\n<\/div><div class=\"wpcf7-response-output\" aria-hidden=\"true\"><\/div>\n<\/form>\n<\/div>\n\t\t\t\t<\/div>\n\t\t\t\t<\/div>\n\t\t\t\t<\/div>\n\t\t\t\t\t<\/div>\n\t\t\t\t<\/div>\n\t\t\t\t<\/div>\n\t\t","protected":false},"excerpt":{"rendered":"<p>Autentisk takknemlighet: Hellas\u2019 sjel m\u00f8ter nordisk minimalisme I en verden preget av raske beslutninger og digitale grensesnitt, er det de<\/p>\n","protected":false},"author":1,"featured_media":0,"parent":0,"menu_order":0,"comment_status":"closed","ping_status":"closed","template":"","meta":{"footnotes":""},"class_list":["post-29466","page","type-page","status-publish","hentry"],"aioseo_notices":[],"_links":{"self":[{"href":"https:\/\/greekbloom.com\/index.php\/wp-json\/wp\/v2\/pages\/29466","targetHints":{"allow":["GET"]}}],"collection":[{"href":"https:\/\/greekbloom.com\/index.php\/wp-json\/wp\/v2\/pages"}],"about":[{"href":"https:\/\/greekbloom.com\/index.php\/wp-json\/wp\/v2\/types\/page"}],"author":[{"embeddable":true,"href":"https:\/\/greekbloom.com\/index.php\/wp-json\/wp\/v2\/users\/1"}],"replies":[{"embeddable":true,"href":"https:\/\/greekbloom.com\/index.php\/wp-json\/wp\/v2\/comments?post=29466"}],"version-history":[{"count":8,"href":"https:\/\/greekbloom.com\/index.php\/wp-json\/wp\/v2\/pages\/29466\/revisions"}],"predecessor-version":[{"id":29728,"href":"https:\/\/greekbloom.com\/index.php\/wp-json\/wp\/v2\/pages\/29466\/revisions\/29728"}],"wp:attachment":[{"href":"https:\/\/greekbloom.com\/index.php\/wp-json\/wp\/v2\/media?parent=29466"}],"curies":[{"name":"wp","href":"https:\/\/api.w.org\/{rel}","templated":true}]}}