{"id":29462,"date":"2026-02-17T14:02:09","date_gmt":"2026-02-17T14:02:09","guid":{"rendered":"https:\/\/greekbloom.mano-serveris.eu\/?page_id=29462"},"modified":"2026-04-12T22:06:34","modified_gmt":"2026-04-12T21:06:34","slug":"var-historie","status":"publish","type":"page","link":"https:\/\/greekbloom.com\/index.php\/var-historie\/","title":{"rendered":"V\u00e5r historie"},"content":{"rendered":"\t\t<div data-elementor-type=\"wp-page\" data-elementor-id=\"29462\" class=\"elementor elementor-29462\">\n\t\t\t\t<div class=\"wd-negative-gap elementor-element elementor-element-ddb891f elementor-hidden-tablet elementor-hidden-mobile e-flex e-con-boxed e-con e-parent\" data-id=\"ddb891f\" data-element_type=\"container\" data-e-type=\"container\">\n\t\t\t\t\t<div class=\"e-con-inner\">\n\t\t<div class=\"elementor-element elementor-element-c3d3829 e-con-full e-flex e-con e-child\" data-id=\"c3d3829\" data-element_type=\"container\" data-e-type=\"container\">\n\t\t\t\t<div class=\"elementor-element elementor-element-df95502 animated-slow elementor-invisible elementor-widget elementor-widget-wd_text_block\" data-id=\"df95502\" data-element_type=\"widget\" data-e-type=\"widget\" data-settings=\"{&quot;_animation&quot;:&quot;fadeInUp&quot;,&quot;_animation_delay&quot;:250}\" data-widget_type=\"wd_text_block.default\">\n\t\t\t\t<div class=\"elementor-widget-container\">\n\t\t\t\t\t\t\t<div class=\"wd-text-block reset-last-child text-left\">\n\t\t\t\n\t\t\t<h2 data-path-to-node=\"7\">Fra hjertet av Hellas til Ulvenveien: Historien om Greek Bloom<\/h2><p data-path-to-node=\"8\"><b data-path-to-node=\"8\" data-index-in-node=\"0\">En reise i smak, tradisjon og fornyelse.<\/b><\/p><p data-path-to-node=\"9\">Eventyret v\u00e5rt startet i januar 2026, da vi \u00e5pnet d\u00f8rene til v\u00e5r fysiske butikk i Ulvenveien i Oslo. Greek Bloom ble f\u00f8dt ut av en lidenskap for det autentiske Hellas \u2013 de rene smakene, de gylne r\u00e5varene og den varme gjestfriheten. Vi begynte reisen med et n\u00f8ye utvalgt sortiment av greske delikatesser og nystekte, tradisjonelle kaker som raskt ble en favoritt blant nabolagets matelskere.<\/p>\n\t\t\t\t\t<\/div>\n\t\t\t\t\t\t<\/div>\n\t\t\t\t<\/div>\n\t\t\t\t<div class=\"elementor-element elementor-element-53055ed animated-slow elementor-invisible elementor-widget elementor-widget-wd_text_block\" data-id=\"53055ed\" data-element_type=\"widget\" data-e-type=\"widget\" data-settings=\"{&quot;_animation&quot;:&quot;fadeInUp&quot;,&quot;_animation_delay&quot;:400}\" data-widget_type=\"wd_text_block.default\">\n\t\t\t\t<div class=\"elementor-widget-container\">\n\t\t\t\t\t\t\t<div class=\"wd-text-block reset-last-child text-left\">\n\t\t\t\n\t\t\t<p>Siden den gang har vi vokst i takt med v\u00e5re kunders \u00f8nsker. I dag er vi stolte av \u00e5 ogs\u00e5 kunne tilby klassisk gresk gyros, tilberedt med kj\u00e6rlighet og de beste ingrediensene. N\u00e5r sommersolen melder sin ankomst, gleder vi oss til \u00e5 friske opp hverdagen din med f\u00f8rsteklasses iskrem fra <b data-path-to-node=\"10\" data-index-in-node=\"285\">Kulinaris<\/b>. Vi har valgt ut det beste fra deres sortiment for \u00e5 gi deg en smaksopplevelse i verdensklasse \u2013 ekte h\u00e5ndverksglede som komplementerer v\u00e5re greske smaker perfekt.<\/p>\n\t\t\t\t\t<\/div>\n\t\t\t\t\t\t<\/div>\n\t\t\t\t<\/div>\n\t\t\t\t<div class=\"elementor-element elementor-element-77b2606 animated-slow elementor-invisible elementor-widget elementor-widget-wd_text_block\" data-id=\"77b2606\" data-element_type=\"widget\" data-e-type=\"widget\" data-settings=\"{&quot;_animation&quot;:&quot;fadeInUp&quot;,&quot;_animation_delay&quot;:550}\" data-widget_type=\"wd_text_block.default\">\n\t\t\t\t<div class=\"elementor-widget-container\">\n\t\t\t\t\t\t\t<div class=\"wd-text-block reset-last-child text-left\">\n\t\t\t\n\t\t\t<p>For \u00e5 gj\u00f8re hverdagen din enklere og mer smakfull, lanserte vi i mars 2026 v\u00e5r nettbutikk. N\u00e5 kan du utforske hele v\u00e5rt univers av greske kvalitetsprodukter fra din egen stue. Enten du planlegger en middag utenom det vanlige eller \u00f8nsker \u00e5 fylle kj\u00f8kkenskapet med de beste oljene og urtene, leverer vi varene dine raskt og trygt helt hjem til d\u00f8ren.<\/p>\n\t\t\t\t\t<\/div>\n\t\t\t\t\t\t<\/div>\n\t\t\t\t<\/div>\n\t\t\t\t<div class=\"elementor-element elementor-element-cb45337 animated-slow elementor-invisible elementor-widget elementor-widget-wd_text_block\" data-id=\"cb45337\" data-element_type=\"widget\" data-e-type=\"widget\" data-settings=\"{&quot;_animation&quot;:&quot;fadeInUp&quot;,&quot;_animation_delay&quot;:700}\" data-widget_type=\"wd_text_block.default\">\n\t\t\t\t<div class=\"elementor-widget-container\">\n\t\t\t\t\t\t\t<div class=\"wd-text-block reset-last-child text-left\">\n\t\t\t\n\t\t\t<p>Hos Greek Bloom er vi i konstant utvikling. Vi utvider sortimentet v\u00e5rt hver eneste dag for \u00e5 kunne overraske deg med spennende nyheter og tidl\u00f8se klassikere. Vi inviterer deg til \u00e5 bli med p\u00e5 v\u00e5r reise \u2013 enten du bes\u00f8ker oss i Ulvenveien eller handler i v\u00e5r digitale butikk.<\/p>\n\t\t\t\t\t<\/div>\n\t\t\t\t\t\t<\/div>\n\t\t\t\t<\/div>\n\t\t\t\t<div class=\"elementor-element elementor-element-85bbad5 animated-slow elementor-invisible elementor-widget elementor-widget-wd_text_block\" data-id=\"85bbad5\" data-element_type=\"widget\" data-e-type=\"widget\" data-settings=\"{&quot;_animation&quot;:&quot;fadeInUp&quot;,&quot;_animation_delay&quot;:850}\" data-widget_type=\"wd_text_block.default\">\n\t\t\t\t<div class=\"elementor-widget-container\">\n\t\t\t\t\t\t\t<div class=\"wd-text-block reset-last-child text-left\">\n\t\t\t\n\t\t\t<p>Velkommen til en bit av Hellas. Velkommen til Greek Bloom.<\/p>\n\t\t\t\t\t<\/div>\n\t\t\t\t\t\t<\/div>\n\t\t\t\t<\/div>\n\t\t\t\t<\/div>\n\t\t<div class=\"elementor-element elementor-element-f9056c4 e-con-full e-flex e-con e-child\" data-id=\"f9056c4\" data-element_type=\"container\" data-e-type=\"container\" data-settings=\"{&quot;background_background&quot;:&quot;video&quot;,&quot;background_video_link&quot;:&quot;https:\\\/\\\/greekbloom.com\\\/wp-content\\\/uploads\\\/2026\\\/03\\\/0f34accd-a93a-4022-ac86-45cb49cdea81.mov&quot;,&quot;background_play_on_mobile&quot;:&quot;yes&quot;,&quot;background_video_start&quot;:2}\">\n\t\t<div class=\"elementor-background-video-container\">\n\t\t\t\t\t\t\t<video class=\"elementor-background-video-hosted\" role=\"presentation\" autoplay muted playsinline loop><\/video>\n\t\t\t\t\t<\/div>\t\t<div class=\"elementor-element elementor-element-687131f elementor-widget elementor-widget-spacer\" data-id=\"687131f\" data-element_type=\"widget\" data-e-type=\"widget\" data-widget_type=\"spacer.default\">\n\t\t\t\t\t\t\t<div class=\"elementor-spacer\">\n\t\t\t<div class=\"elementor-spacer-inner\"><\/div>\n\t\t<\/div>\n\t\t\t\t\t\t<\/div>\n\t\t\t\t\t<link rel=\"stylesheet\" id=\"wd-mod-animations-keyframes-css\" href=\"https:\/\/greekbloom.com\/wp-content\/themes\/woodmart\/css\/parts\/mod-animations-keyframes.min.css?ver=8.3.9\" type=\"text\/css\" media=\"all\" \/> \t\t\t\t\t<div class=\"elementor-element elementor-element-e09bd3f animated-slow elementor-invisible elementor-widget elementor-widget-image\" data-id=\"e09bd3f\" data-element_type=\"widget\" data-e-type=\"widget\" data-settings=\"{&quot;_animation&quot;:&quot;zoomIn&quot;,&quot;_animation_delay&quot;:1000}\" data-widget_type=\"image.default\">\n\t\t\t\t\t\t\t\t\t\t\t\t\t\t\t<img loading=\"lazy\" decoding=\"async\" width=\"512\" height=\"512\" src=\"https:\/\/greekbloom.com\/wp-content\/uploads\/2026\/02\/cropped-cropped-Your-paragraph-text-3.webp\" class=\"attachment-full size-full wp-image-29468\" alt=\"\" srcset=\"https:\/\/greekbloom.com\/wp-content\/uploads\/2026\/02\/cropped-cropped-Your-paragraph-text-3.webp 512w, https:\/\/greekbloom.com\/wp-content\/uploads\/2026\/02\/cropped-cropped-Your-paragraph-text-3-150x150.webp 150w, https:\/\/greekbloom.com\/wp-content\/uploads\/2026\/02\/cropped-cropped-Your-paragraph-text-3-300x300.webp 300w, https:\/\/greekbloom.com\/wp-content\/uploads\/2026\/02\/cropped-cropped-Your-paragraph-text-3-430x430.webp 430w, https:\/\/greekbloom.com\/wp-content\/uploads\/2026\/02\/cropped-cropped-Your-paragraph-text-3-70x70.webp 70w, https:\/\/greekbloom.com\/wp-content\/uploads\/2026\/02\/cropped-cropped-Your-paragraph-text-3-50x50.webp 50w\" sizes=\"auto, (max-width: 512px) 100vw, 512px\" \/>\t\t\t\t\t\t\t\t\t\t\t\t\t\t\t<\/div>\n\t\t\t\t<\/div>\n\t\t\t\t\t<\/div>\n\t\t\t\t<\/div>\n\t\t<div class=\"wd-negative-gap elementor-element elementor-element-996d153 elementor-hidden-desktop e-flex e-con-boxed e-con e-parent\" data-id=\"996d153\" data-element_type=\"container\" data-e-type=\"container\">\n\t\t\t\t\t<div class=\"e-con-inner\">\n\t\t<div class=\"elementor-element elementor-element-d624f5c e-con-full e-flex e-con e-child\" data-id=\"d624f5c\" data-element_type=\"container\" data-e-type=\"container\">\n\t\t<div class=\"elementor-element elementor-element-682fbec e-con-full e-flex e-con e-child\" data-id=\"682fbec\" data-element_type=\"container\" data-e-type=\"container\" data-settings=\"{&quot;background_background&quot;:&quot;video&quot;,&quot;background_video_link&quot;:&quot;https:\\\/\\\/greekbloom.com\\\/wp-content\\\/uploads\\\/2026\\\/03\\\/0f34accd-a93a-4022-ac86-45cb49cdea81.mov&quot;,&quot;background_play_on_mobile&quot;:&quot;yes&quot;,&quot;background_video_start&quot;:2}\">\n\t\t<div class=\"elementor-background-video-container\">\n\t\t\t\t\t\t\t<video class=\"elementor-background-video-hosted\" role=\"presentation\" autoplay muted playsinline loop><\/video>\n\t\t\t\t\t<\/div>\t\t<div class=\"elementor-element elementor-element-5fd6601 elementor-widget elementor-widget-spacer\" data-id=\"5fd6601\" data-element_type=\"widget\" data-e-type=\"widget\" data-widget_type=\"spacer.default\">\n\t\t\t\t\t\t\t<div class=\"elementor-spacer\">\n\t\t\t<div class=\"elementor-spacer-inner\"><\/div>\n\t\t<\/div>\n\t\t\t\t\t\t<\/div>\n\t\t\t\t<div class=\"elementor-element elementor-element-58de902 animated-slow elementor-invisible elementor-widget elementor-widget-image\" data-id=\"58de902\" data-element_type=\"widget\" data-e-type=\"widget\" data-settings=\"{&quot;_animation&quot;:&quot;zoomIn&quot;,&quot;_animation_delay&quot;:1000}\" data-widget_type=\"image.default\">\n\t\t\t\t\t\t\t\t\t\t\t\t\t\t\t<img loading=\"lazy\" decoding=\"async\" width=\"512\" height=\"512\" src=\"https:\/\/greekbloom.com\/wp-content\/uploads\/2026\/02\/cropped-cropped-Your-paragraph-text-3.webp\" class=\"attachment-full size-full wp-image-29468\" alt=\"\" srcset=\"https:\/\/greekbloom.com\/wp-content\/uploads\/2026\/02\/cropped-cropped-Your-paragraph-text-3.webp 512w, https:\/\/greekbloom.com\/wp-content\/uploads\/2026\/02\/cropped-cropped-Your-paragraph-text-3-150x150.webp 150w, https:\/\/greekbloom.com\/wp-content\/uploads\/2026\/02\/cropped-cropped-Your-paragraph-text-3-300x300.webp 300w, https:\/\/greekbloom.com\/wp-content\/uploads\/2026\/02\/cropped-cropped-Your-paragraph-text-3-430x430.webp 430w, https:\/\/greekbloom.com\/wp-content\/uploads\/2026\/02\/cropped-cropped-Your-paragraph-text-3-70x70.webp 70w, https:\/\/greekbloom.com\/wp-content\/uploads\/2026\/02\/cropped-cropped-Your-paragraph-text-3-50x50.webp 50w\" sizes=\"auto, (max-width: 512px) 100vw, 512px\" \/>\t\t\t\t\t\t\t\t\t\t\t\t\t\t\t<\/div>\n\t\t\t\t<\/div>\n\t\t\t\t<div class=\"elementor-element elementor-element-d5fb023 animated-slow elementor-invisible elementor-widget elementor-widget-wd_text_block\" data-id=\"d5fb023\" data-element_type=\"widget\" data-e-type=\"widget\" data-settings=\"{&quot;_animation&quot;:&quot;fadeInUp&quot;,&quot;_animation_delay&quot;:250}\" data-widget_type=\"wd_text_block.default\">\n\t\t\t\t<div class=\"elementor-widget-container\">\n\t\t\t\t\t\t\t<div class=\"wd-text-block reset-last-child text-left\">\n\t\t\t\n\t\t\t<h2 data-path-to-node=\"7\">Fra hjertet av Hellas til Ulvenveien: Historien om Greek Bloom<\/h2><p data-path-to-node=\"8\"><b data-path-to-node=\"8\" data-index-in-node=\"0\">En reise i smak, tradisjon og fornyelse.<\/b><\/p><p data-path-to-node=\"9\">Eventyret v\u00e5rt startet i januar 2026, da vi \u00e5pnet d\u00f8rene til v\u00e5r fysiske butikk i Ulvenveien i Oslo. Greek Bloom ble f\u00f8dt ut av en lidenskap for det autentiske Hellas \u2013 de rene smakene, de gylne r\u00e5varene og den varme gjestfriheten. Vi begynte reisen med et n\u00f8ye utvalgt sortiment av greske delikatesser og nystekte, tradisjonelle kaker som raskt ble en favoritt blant nabolagets matelskere.<\/p>\n\t\t\t\t\t<\/div>\n\t\t\t\t\t\t<\/div>\n\t\t\t\t<\/div>\n\t\t\t\t<div class=\"elementor-element elementor-element-279eb1b animated-slow elementor-invisible elementor-widget elementor-widget-wd_text_block\" data-id=\"279eb1b\" data-element_type=\"widget\" data-e-type=\"widget\" data-settings=\"{&quot;_animation&quot;:&quot;fadeInUp&quot;,&quot;_animation_delay&quot;:400}\" data-widget_type=\"wd_text_block.default\">\n\t\t\t\t<div class=\"elementor-widget-container\">\n\t\t\t\t\t\t\t<div class=\"wd-text-block reset-last-child text-left\">\n\t\t\t\n\t\t\t<p>Siden den gang har vi vokst i takt med v\u00e5re kunders \u00f8nsker. I dag er vi stolte av \u00e5 ogs\u00e5 kunne tilby klassisk gresk gyros, tilberedt med kj\u00e6rlighet og de beste ingrediensene. N\u00e5r sommersolen melder sin ankomst, gleder vi oss til \u00e5 friske opp hverdagen din med f\u00f8rsteklasses iskrem fra <b data-path-to-node=\"10\" data-index-in-node=\"285\">Kulinaris<\/b>. Vi har valgt ut det beste fra deres sortiment for \u00e5 gi deg en smaksopplevelse i verdensklasse \u2013 ekte h\u00e5ndverksglede som komplementerer v\u00e5re greske smaker perfekt.<\/p>\n\t\t\t\t\t<\/div>\n\t\t\t\t\t\t<\/div>\n\t\t\t\t<\/div>\n\t\t\t\t<div class=\"elementor-element elementor-element-f16681c animated-slow elementor-invisible elementor-widget elementor-widget-wd_text_block\" data-id=\"f16681c\" data-element_type=\"widget\" data-e-type=\"widget\" data-settings=\"{&quot;_animation&quot;:&quot;fadeInUp&quot;,&quot;_animation_delay&quot;:550}\" data-widget_type=\"wd_text_block.default\">\n\t\t\t\t<div class=\"elementor-widget-container\">\n\t\t\t\t\t\t\t<div class=\"wd-text-block reset-last-child text-left\">\n\t\t\t\n\t\t\t<p>For \u00e5 gj\u00f8re hverdagen din enklere og mer smakfull, lanserte vi i mars 2026 v\u00e5r nettbutikk. N\u00e5 kan du utforske hele v\u00e5rt univers av greske kvalitetsprodukter fra din egen stue. Enten du planlegger en middag utenom det vanlige eller \u00f8nsker \u00e5 fylle kj\u00f8kkenskapet med de beste oljene og urtene, leverer vi varene dine raskt og trygt helt hjem til d\u00f8ren.<\/p>\n\t\t\t\t\t<\/div>\n\t\t\t\t\t\t<\/div>\n\t\t\t\t<\/div>\n\t\t\t\t<div class=\"elementor-element elementor-element-f33a1b3 animated-slow elementor-invisible elementor-widget elementor-widget-wd_text_block\" data-id=\"f33a1b3\" data-element_type=\"widget\" data-e-type=\"widget\" data-settings=\"{&quot;_animation&quot;:&quot;fadeInUp&quot;,&quot;_animation_delay&quot;:700}\" data-widget_type=\"wd_text_block.default\">\n\t\t\t\t<div class=\"elementor-widget-container\">\n\t\t\t\t\t\t\t<div class=\"wd-text-block reset-last-child text-left\">\n\t\t\t\n\t\t\t<p>Hos Greek Bloom er vi i konstant utvikling. Vi utvider sortimentet v\u00e5rt hver eneste dag for \u00e5 kunne overraske deg med spennende nyheter og tidl\u00f8se klassikere. Vi inviterer deg til \u00e5 bli med p\u00e5 v\u00e5r reise \u2013 enten du bes\u00f8ker oss i Ulvenveien eller handler i v\u00e5r digitale butikk.<\/p>\n\t\t\t\t\t<\/div>\n\t\t\t\t\t\t<\/div>\n\t\t\t\t<\/div>\n\t\t\t\t<div class=\"elementor-element elementor-element-ff187e1 animated-slow elementor-invisible elementor-widget elementor-widget-wd_text_block\" data-id=\"ff187e1\" data-element_type=\"widget\" data-e-type=\"widget\" data-settings=\"{&quot;_animation&quot;:&quot;fadeInUp&quot;,&quot;_animation_delay&quot;:850}\" data-widget_type=\"wd_text_block.default\">\n\t\t\t\t<div class=\"elementor-widget-container\">\n\t\t\t\t\t\t\t<div class=\"wd-text-block reset-last-child text-left\">\n\t\t\t\n\t\t\t<p>Velkommen til en bit av Hellas. Velkommen til Greek Bloom.<\/p>\n\t\t\t\t\t<\/div>\n\t\t\t\t\t\t<\/div>\n\t\t\t\t<\/div>\n\t\t\t\t<\/div>\n\t\t\t\t\t<\/div>\n\t\t\t\t<\/div>\n\t\t\t\t<\/div>\n\t\t","protected":false},"excerpt":{"rendered":"<p>Fra hjertet av Hellas til Ulvenveien: Historien om Greek Bloom En reise i smak, tradisjon og fornyelse. Eventyret v\u00e5rt startet<\/p>\n","protected":false},"author":1,"featured_media":0,"parent":0,"menu_order":0,"comment_status":"closed","ping_status":"closed","template":"","meta":{"footnotes":""},"class_list":["post-29462","page","type-page","status-publish","hentry"],"aioseo_notices":[],"_links":{"self":[{"href":"https:\/\/greekbloom.com\/index.php\/wp-json\/wp\/v2\/pages\/29462","targetHints":{"allow":["GET"]}}],"collection":[{"href":"https:\/\/greekbloom.com\/index.php\/wp-json\/wp\/v2\/pages"}],"about":[{"href":"https:\/\/greekbloom.com\/index.php\/wp-json\/wp\/v2\/types\/page"}],"author":[{"embeddable":true,"href":"https:\/\/greekbloom.com\/index.php\/wp-json\/wp\/v2\/users\/1"}],"replies":[{"embeddable":true,"href":"https:\/\/greekbloom.com\/index.php\/wp-json\/wp\/v2\/comments?post=29462"}],"version-history":[{"count":47,"href":"https:\/\/greekbloom.com\/index.php\/wp-json\/wp\/v2\/pages\/29462\/revisions"}],"predecessor-version":[{"id":29992,"href":"https:\/\/greekbloom.com\/index.php\/wp-json\/wp\/v2\/pages\/29462\/revisions\/29992"}],"wp:attachment":[{"href":"https:\/\/greekbloom.com\/index.php\/wp-json\/wp\/v2\/media?parent=29462"}],"curies":[{"name":"wp","href":"https:\/\/api.w.org\/{rel}","templated":true}]}}