{"id":29459,"date":"2026-02-17T14:01:54","date_gmt":"2026-02-17T14:01:54","guid":{"rendered":"https:\/\/greekbloom.mano-serveris.eu\/?page_id=29459"},"modified":"2026-03-18T09:04:16","modified_gmt":"2026-03-18T09:04:16","slug":"om-oss","status":"publish","type":"page","link":"https:\/\/greekbloom.com\/index.php\/om-oss\/","title":{"rendered":"Om oss"},"content":{"rendered":"\t\t<div data-elementor-type=\"wp-page\" data-elementor-id=\"29459\" class=\"elementor elementor-29459\">\n\t\t\t\t<div class=\"wd-negative-gap elementor-element elementor-element-d19eac8 e-flex e-con-boxed e-con e-parent\" data-id=\"d19eac8\" data-element_type=\"container\" data-e-type=\"container\">\n\t\t\t\t\t<div class=\"e-con-inner\">\n\t\t<div class=\"elementor-element elementor-element-9c9b0b1 e-con-full e-flex e-con e-child\" data-id=\"9c9b0b1\" data-element_type=\"container\" data-e-type=\"container\">\n\t\t\t\t<div class=\"elementor-element elementor-element-711ef9f animated-slow elementor-invisible elementor-widget elementor-widget-wd_text_block\" data-id=\"711ef9f\" data-element_type=\"widget\" data-e-type=\"widget\" data-settings=\"{&quot;_animation&quot;:&quot;fadeInUp&quot;,&quot;_animation_delay&quot;:250}\" data-widget_type=\"wd_text_block.default\">\n\t\t\t\t<div class=\"elementor-widget-container\">\n\t\t\t\t\t\t\t<div class=\"wd-text-block reset-last-child text-left\">\n\t\t\t\n\t\t\t<p>Hei! Jeg heter Simona, og jeg har bodd i Hellas i mange \u00e5r. Livet mitt har alltid dreid seg om egenomsorg, helse og glede \u2013 f\u00f8rst som dansel\u00e6rer i Hellas, hvor jeg l\u00e6rte verdien av fysisk styrke og balanse i hverdagen. Etter hvert som tiden gikk, ble interessen min for ern\u00e6ring, helse og naturlig mat enda sterkere, noe som f\u00f8rte til at jeg begynte \u00e5 jobbe med import og eksport av kvalitetsmatvarer fra olivenlunder og g\u00e5rder over hele Hellas.<\/p>\n\t\t\t\t\t<\/div>\n\t\t\t\t\t\t<\/div>\n\t\t\t\t<\/div>\n\t\t\t\t<div class=\"elementor-element elementor-element-fb4202b animated-slow elementor-invisible elementor-widget elementor-widget-wd_text_block\" data-id=\"fb4202b\" data-element_type=\"widget\" data-e-type=\"widget\" data-settings=\"{&quot;_animation&quot;:&quot;fadeInUp&quot;,&quot;_animation_delay&quot;:400}\" data-widget_type=\"wd_text_block.default\">\n\t\t\t\t<div class=\"elementor-widget-container\">\n\t\t\t\t\t\t\t<div class=\"wd-text-block reset-last-child text-left\">\n\t\t\t\n\t\t\t<p>Gjennom min erfaring med import- og eksportarbeid hos greske olivenprodusenter og -g\u00e5rder har jeg f\u00e5tt dyp innsikt i verdien av autentiske, naturlige ingredienser og tradisjonelle produksjonsmetoder. Da jeg flyttet til Norge og fikk s\u00f8nnen min, ble det mitt oppdrag \u00e5 sikre en sunn og b\u00e6rekraftig livsstil for familien min.<\/p>\n\t\t\t\t\t<\/div>\n\t\t\t\t\t\t<\/div>\n\t\t\t\t<\/div>\n\t\t\t\t<div class=\"elementor-element elementor-element-2025313 animated-slow elementor-invisible elementor-widget elementor-widget-wd_text_block\" data-id=\"2025313\" data-element_type=\"widget\" data-e-type=\"widget\" data-settings=\"{&quot;_animation&quot;:&quot;fadeInUp&quot;,&quot;_animation_delay&quot;:550}\" data-widget_type=\"wd_text_block.default\">\n\t\t\t\t<div class=\"elementor-widget-container\">\n\t\t\t\t\t\t\t<div class=\"wd-text-block reset-last-child text-left\">\n\t\t\t\n\t\t\t<p>N\u00e5 vil jeg dele disse fantastiske greske matproduktene med Norge og kombinere greske smaker med norske verdier som kvalitet, b\u00e6rekraft og god helse.<\/p>\n\t\t\t\t\t<\/div>\n\t\t\t\t\t\t<\/div>\n\t\t\t\t<\/div>\n\t\t\t\t<div class=\"elementor-element elementor-element-a23bfaa animated-slow elementor-invisible elementor-widget elementor-widget-wd_text_block\" data-id=\"a23bfaa\" data-element_type=\"widget\" data-e-type=\"widget\" data-settings=\"{&quot;_animation&quot;:&quot;fadeInUp&quot;,&quot;_animation_delay&quot;:700}\" data-widget_type=\"wd_text_block.default\">\n\t\t\t\t<div class=\"elementor-widget-container\">\n\t\t\t\t\t\t\t<div class=\"wd-text-block reset-last-child text-left\">\n\t\t\t\n\t\t\t<p>Velkommen til en smakfull reise med fokus p\u00e5 naturlig matglede og en sunnere hverdag!<\/p>\n\t\t\t\t\t<\/div>\n\t\t\t\t\t\t<\/div>\n\t\t\t\t<\/div>\n\t\t\t\t<div class=\"elementor-element elementor-element-bfa8da4 animated-slow elementor-invisible elementor-widget elementor-widget-wd_text_block\" data-id=\"bfa8da4\" data-element_type=\"widget\" data-e-type=\"widget\" data-settings=\"{&quot;_animation&quot;:&quot;fadeInUp&quot;,&quot;_animation_delay&quot;:850}\" data-widget_type=\"wd_text_block.default\">\n\t\t\t\t<div class=\"elementor-widget-container\">\n\t\t\t\t\t\t\t<div class=\"wd-text-block reset-last-child text-left\">\n\t\t\t\n\t\t\t<p>Simona fra Greek Bloom<\/p>\n\t\t\t\t\t<\/div>\n\t\t\t\t\t\t<\/div>\n\t\t\t\t<\/div>\n\t\t\t\t<\/div>\n\t\t<div class=\"elementor-element elementor-element-0a8594f e-con-full e-flex e-con e-child\" data-id=\"0a8594f\" data-element_type=\"container\" data-e-type=\"container\">\n\t\t\t\t<div class=\"elementor-element elementor-element-3a747fe animated-slow elementor-invisible elementor-widget elementor-widget-image\" data-id=\"3a747fe\" data-element_type=\"widget\" data-e-type=\"widget\" data-settings=\"{&quot;_animation&quot;:&quot;fadeInRight&quot;,&quot;_animation_delay&quot;:1000}\" data-widget_type=\"image.default\">\n\t\t\t\t\t\t\t\t\t\t\t\t\t\t\t<img decoding=\"async\" src=\"https:\/\/greekbloom.com\/wp-content\/uploads\/elementor\/thumbs\/IMG_0921-1346x2048-1-rlaaeff3hp12g3y21ytx66y7xkcpu14wld7dj3pej4.webp\" title=\"IMG_0921-1346&#215;2048\" alt=\"IMG_0921-1346x2048\" loading=\"lazy\" \/>\t\t\t\t\t\t\t\t\t\t\t\t\t\t\t<\/div>\n\t\t\t\t<\/div>\n\t\t\t\t\t<\/div>\n\t\t\t\t<\/div>\n\t\t\t\t<\/div>\n\t\t","protected":false},"excerpt":{"rendered":"<p>Hei! Jeg heter Simona, og jeg har bodd i Hellas i mange \u00e5r. Livet mitt har alltid dreid seg om<\/p>\n","protected":false},"author":1,"featured_media":0,"parent":0,"menu_order":0,"comment_status":"closed","ping_status":"closed","template":"","meta":{"footnotes":""},"class_list":["post-29459","page","type-page","status-publish","hentry"],"aioseo_notices":[],"_links":{"self":[{"href":"https:\/\/greekbloom.com\/index.php\/wp-json\/wp\/v2\/pages\/29459","targetHints":{"allow":["GET"]}}],"collection":[{"href":"https:\/\/greekbloom.com\/index.php\/wp-json\/wp\/v2\/pages"}],"about":[{"href":"https:\/\/greekbloom.com\/index.php\/wp-json\/wp\/v2\/types\/page"}],"author":[{"embeddable":true,"href":"https:\/\/greekbloom.com\/index.php\/wp-json\/wp\/v2\/users\/1"}],"replies":[{"embeddable":true,"href":"https:\/\/greekbloom.com\/index.php\/wp-json\/wp\/v2\/comments?post=29459"}],"version-history":[{"count":5,"href":"https:\/\/greekbloom.com\/index.php\/wp-json\/wp\/v2\/pages\/29459\/revisions"}],"predecessor-version":[{"id":29572,"href":"https:\/\/greekbloom.com\/index.php\/wp-json\/wp\/v2\/pages\/29459\/revisions\/29572"}],"wp:attachment":[{"href":"https:\/\/greekbloom.com\/index.php\/wp-json\/wp\/v2\/media?parent=29459"}],"curies":[{"name":"wp","href":"https:\/\/api.w.org\/{rel}","templated":true}]}}